{"id":402647,"date":"2023-02-27T06:45:39","date_gmt":"2023-02-27T05:45:39","guid":{"rendered":"https:\/\/www.claret.cat\/llibre\/los-miserables-9788467922080\/"},"modified":"2023-02-27T06:45:45","modified_gmt":"2023-02-27T05:45:45","slug":"los-miserables-9788467922080","status":"publish","type":"product","link":"https:\/\/www.claret.cat\/es\/libro\/los-miserables-9788467922080\/","title":{"rendered":"LOS MISERABLES"},"content":{"rendered":"<p>MAGN\u00cdFICA ADAPTACI\u00d3N DEL CL\u00c1SICO DE LA  LITERATURA, AHORA EN ESTILO MANGA  Ambientada en la Francia del S XIX, esta historia llena de pasi\u00f3n,  traici\u00f3n, redenci\u00f3n y sacrificio nos cuenta la historia del  exconvicto Jean Valjean, que tras escapar huye tod<\/p>\n","protected":false},"excerpt":{"rendered":"<p>HUGO, VICTOR<\/p>\n","protected":false},"featured_media":402648,"template":"","meta":{"_acf_changed":false,"om_disable_all_campaigns":false,"rs_blank_template":"","rs_page_bg_color":"","slide_template_v7":"","inline_featured_image":false,"_monsterinsights_skip_tracking":false,"_monsterinsights_sitenote_active":false,"_monsterinsights_sitenote_note":"","_monsterinsights_sitenote_category":0},"product_brand":[],"product_cat":[108,558],"product_tag":[],"class_list":{"0":"post-402647","1":"product","2":"type-product","3":"status-publish","4":"has-post-thumbnail","6":"product_cat-comic","7":"product_cat-comic-3_infantil-juvenil-spa-spa","9":"first","10":"instock","11":"taxable","12":"shipping-taxable","13":"purchasable","14":"product-type-simple"},"acf":{"autor":"HUGO, VICTOR","codart":"846792208","libros-coleccion":"","ediciones":"1","encuadernacion":"Carpeta","fecha_de_publicacion":"01\/02\/2016","novedad":"0","paginas":"0","subtitulo":"","orden":"999","portada":"0","idioma":"spa","editorial":[{"ID":262353,"post_author":"3","post_date":"2022-10-24 11:23:15","post_date_gmt":"2022-10-24 09:23:15","post_content":"","post_title":"NORMA EDITORIAL, S. A.","post_excerpt":"","post_status":"publish","comment_status":"closed","ping_status":"closed","post_password":"","post_name":"norma-editorial-s-a-2","to_ping":"","pinged":"","post_modified":"2022-10-24 11:23:15","post_modified_gmt":"2022-10-24 09:23:15","post_content_filtered":"","post_parent":0,"guid":"http:\/\/dev.claret.cat\/editorial\/norma-editorial-s-a-2\/","menu_order":0,"post_type":"editorial","post_mime_type":"","comment_count":"0","filter":"raw"}],"autores-libros":[{"ID":171016,"post_author":"3","post_date":"2022-10-14 22:40:00","post_date_gmt":"2022-10-14 20:40:00","post_content":"","post_title":"VICTOR HUGO","post_excerpt":"","post_status":"publish","comment_status":"closed","ping_status":"closed","post_password":"","post_name":"victor-hugo-2","to_ping":"","pinged":"","post_modified":"2022-10-14 22:40:00","post_modified_gmt":"2022-10-14 20:40:00","post_content_filtered":"","post_parent":0,"guid":"http:\/\/dev.claret.cat\/autor\/victor-hugo-2\/","menu_order":0,"post_type":"autor","post_mime_type":"","comment_count":"0","filter":"raw"}]},"aioseo_notices":[],"_links":{"self":[{"href":"https:\/\/www.claret.cat\/es\/wp-json\/wp\/v2\/product\/402647","targetHints":{"allow":["GET"]}}],"collection":[{"href":"https:\/\/www.claret.cat\/es\/wp-json\/wp\/v2\/product"}],"about":[{"href":"https:\/\/www.claret.cat\/es\/wp-json\/wp\/v2\/types\/product"}],"wp:featuredmedia":[{"embeddable":true,"href":"https:\/\/www.claret.cat\/es\/wp-json\/wp\/v2\/media\/402648"}],"wp:attachment":[{"href":"https:\/\/www.claret.cat\/es\/wp-json\/wp\/v2\/media?parent=402647"}],"wp:term":[{"taxonomy":"product_brand","embeddable":true,"href":"https:\/\/www.claret.cat\/es\/wp-json\/wp\/v2\/product_brand?post=402647"},{"taxonomy":"product_cat","embeddable":true,"href":"https:\/\/www.claret.cat\/es\/wp-json\/wp\/v2\/product_cat?post=402647"},{"taxonomy":"product_tag","embeddable":true,"href":"https:\/\/www.claret.cat\/es\/wp-json\/wp\/v2\/product_tag?post=402647"}],"curies":[{"name":"wp","href":"https:\/\/api.w.org\/{rel}","templated":true}]}}