{"id":402707,"date":"2023-02-27T06:48:48","date_gmt":"2023-02-27T05:48:48","guid":{"rendered":"https:\/\/www.claret.cat\/llibre\/oveja-negrala-9788467937169\/"},"modified":"2023-02-27T06:48:54","modified_gmt":"2023-02-27T05:48:54","slug":"oveja-negrala-9788467937169","status":"publish","type":"product","link":"https:\/\/www.claret.cat\/es\/libro\/oveja-negrala-9788467937169\/","title":{"rendered":"OVEJA NEGRA,LA"},"content":{"rendered":"<p>La oveja negra  Magela Ronda y Jotak\u00e1  \u00a1Atr\u00e9vete a ser diferente como la peque\u00f1a oveja negra!  Todas las noches, cuando sale la luna y llega la hora de que los  ni\u00f1os se metan en la cama, el Se\u00f1or Sue\u00f1o re\u00fane a las ovejas  para que ayuden a los ni\u00f1os a d<\/p>\n","protected":false},"excerpt":{"rendered":"<p>RONDA,MAGELA<\/p>\n","protected":false},"featured_media":402708,"template":"","meta":{"_acf_changed":false,"om_disable_all_campaigns":false,"rs_blank_template":"","rs_page_bg_color":"","slide_template_v7":"","inline_featured_image":false,"_monsterinsights_skip_tracking":false,"_monsterinsights_sitenote_active":false,"_monsterinsights_sitenote_note":"","_monsterinsights_sitenote_category":0},"product_brand":[],"product_cat":[86,352],"product_tag":[],"class_list":{"0":"post-402707","1":"product","2":"type-product","3":"status-publish","4":"has-post-thumbnail","6":"product_cat-infantil","7":"product_cat-infantil-3_infantil-juvenil-spa","9":"first","10":"instock","11":"taxable","12":"shipping-taxable","13":"purchasable","14":"product-type-simple"},"acf":{"autor":"RONDA,MAGELA","codart":"846793716","libros-coleccion":"ASTRONAVE","ediciones":"1","encuadernacion":"Carpeta","fecha_de_publicacion":"01\/04\/2019","novedad":"1","paginas":"45","subtitulo":"","orden":"0","portada":"0","idioma":"spa","editorial":[{"ID":6315,"post_author":"3","post_date":"2022-07-28 17:49:33","post_date_gmt":"2022-07-28 15:49:33","post_content":"","post_title":"NORMA EDITORIAL S.A","post_excerpt":"","post_status":"publish","comment_status":"closed","ping_status":"closed","post_password":"","post_name":"norma-editorial-s-a","to_ping":"","pinged":"","post_modified":"2022-07-28 17:49:33","post_modified_gmt":"2022-07-28 15:49:33","post_content_filtered":"","post_parent":0,"guid":"http:\/\/dev.claret.cat\/editorial\/norma-editorial-s-a\/","menu_order":0,"post_type":"editorial","post_mime_type":"","comment_count":"0","filter":"raw"}],"autores-libros":[{"ID":162991,"post_author":"3","post_date":"2022-10-14 17:35:26","post_date_gmt":"2022-10-14 15:35:26","post_content":"","post_title":"MAGELA RONDA","post_excerpt":"","post_status":"publish","comment_status":"closed","ping_status":"closed","post_password":"","post_name":"magela-ronda","to_ping":"","pinged":"","post_modified":"2022-10-14 17:35:26","post_modified_gmt":"2022-10-14 15:35:26","post_content_filtered":"","post_parent":0,"guid":"http:\/\/dev.claret.cat\/autor\/magela-ronda\/","menu_order":0,"post_type":"autor","post_mime_type":"","comment_count":"0","filter":"raw"}]},"aioseo_notices":[],"_links":{"self":[{"href":"https:\/\/www.claret.cat\/es\/wp-json\/wp\/v2\/product\/402707","targetHints":{"allow":["GET"]}}],"collection":[{"href":"https:\/\/www.claret.cat\/es\/wp-json\/wp\/v2\/product"}],"about":[{"href":"https:\/\/www.claret.cat\/es\/wp-json\/wp\/v2\/types\/product"}],"wp:featuredmedia":[{"embeddable":true,"href":"https:\/\/www.claret.cat\/es\/wp-json\/wp\/v2\/media\/402708"}],"wp:attachment":[{"href":"https:\/\/www.claret.cat\/es\/wp-json\/wp\/v2\/media?parent=402707"}],"wp:term":[{"taxonomy":"product_brand","embeddable":true,"href":"https:\/\/www.claret.cat\/es\/wp-json\/wp\/v2\/product_brand?post=402707"},{"taxonomy":"product_cat","embeddable":true,"href":"https:\/\/www.claret.cat\/es\/wp-json\/wp\/v2\/product_cat?post=402707"},{"taxonomy":"product_tag","embeddable":true,"href":"https:\/\/www.claret.cat\/es\/wp-json\/wp\/v2\/product_tag?post=402707"}],"curies":[{"name":"wp","href":"https:\/\/api.w.org\/{rel}","templated":true}]}}