{"id":402754,"date":"2023-02-27T06:52:08","date_gmt":"2023-02-27T05:52:08","guid":{"rendered":"https:\/\/www.claret.cat\/llibre\/amb-els-indis-vacances-1-educacio-primaria-quadern-9788468309989\/"},"modified":"2024-02-08T13:32:48","modified_gmt":"2024-02-08T12:32:48","slug":"amb-els-indis-vacances-1-educacio-primaria-quadern-9788468309989","status":"publish","type":"product","link":"https:\/\/www.claret.cat\/es\/libro\/amb-els-indis-vacances-1-educacio-primaria-quadern-9788468309989\/","title":{"rendered":"AMB ELS INDIS, VACANCES, 1 EDUCACI\u00d3 PRIM\u00c0RIA. QUADERN"},"content":{"rendered":"<p>Amb Vacances , els nens i les nenes es convertiran en intr\u00e8pids aventurers, viatjaran als cinc continents, coneixeran cultures diferents, exploraran mons m\u00e0gics, viuran grans somnis i acabaran l&#8217;estiu preparats per abordar amb \u00e8xit&#8230; el proper curs escolar!.<\/p>\n","protected":false},"excerpt":{"rendered":"<p>EDEB\u00c9, OBRA COLECTIVA<\/p>\n","protected":false},"featured_media":402755,"template":"","meta":{"_acf_changed":false,"om_disable_all_campaigns":false,"rs_blank_template":"","rs_page_bg_color":"","slide_template_v7":"","inline_featured_image":false,"_monsterinsights_skip_tracking":false,"_monsterinsights_sitenote_active":false,"_monsterinsights_sitenote_note":"","_monsterinsights_sitenote_category":0},"product_brand":[],"product_cat":[333,352,86,122],"product_tag":[],"class_list":{"0":"post-402754","1":"product","2":"type-product","3":"status-publish","4":"has-post-thumbnail","6":"product_cat-cuadernos-de-vacaciones","7":"product_cat-infantil-3_infantil-juvenil-spa","8":"product_cat-infantil","9":"product_cat-quaderns-de-vacances","11":"first","12":"instock","13":"taxable","14":"shipping-taxable","15":"purchasable","16":"product-type-simple"},"acf":{"autor":"EDEB\u00c9, OBRA COLECTIVA","codart":"846830998","libros-coleccion":"","ediciones":"1","encuadernacion":"Grapado","fecha_de_publicacion":"01\/04\/2013","novedad":"0","paginas":"66","subtitulo":"","orden":"999","portada":"0","idioma":"cat","editorial":[{"ID":261985,"post_author":"3","post_date":"2022-10-24 11:18:26","post_date_gmt":"2022-10-24 09:18:26","post_content":"","post_title":"EDEBE text","post_excerpt":"","post_status":"publish","comment_status":"closed","ping_status":"closed","post_password":"","post_name":"edebe-text","to_ping":"","pinged":"","post_modified":"2022-10-24 11:18:26","post_modified_gmt":"2022-10-24 09:18:26","post_content_filtered":"","post_parent":0,"guid":"http:\/\/dev.claret.cat\/editorial\/edebe-text\/","menu_order":0,"post_type":"editorial","post_mime_type":"","comment_count":"0","filter":"raw"}],"autores-libros":[{"ID":166083,"post_author":"3","post_date":"2022-10-14 18:00:17","post_date_gmt":"2022-10-14 16:00:17","post_content":"","post_title":"OBRA COLECTIVA EDEB\u00c9","post_excerpt":"","post_status":"publish","comment_status":"closed","ping_status":"closed","post_password":"","post_name":"obra-colectiva-edebe","to_ping":"","pinged":"","post_modified":"2022-10-14 18:00:17","post_modified_gmt":"2022-10-14 16:00:17","post_content_filtered":"","post_parent":0,"guid":"http:\/\/dev.claret.cat\/autor\/obra-colectiva-edebe\/","menu_order":0,"post_type":"autor","post_mime_type":"","comment_count":"0","filter":"raw"}]},"aioseo_notices":[],"_links":{"self":[{"href":"https:\/\/www.claret.cat\/es\/wp-json\/wp\/v2\/product\/402754","targetHints":{"allow":["GET"]}}],"collection":[{"href":"https:\/\/www.claret.cat\/es\/wp-json\/wp\/v2\/product"}],"about":[{"href":"https:\/\/www.claret.cat\/es\/wp-json\/wp\/v2\/types\/product"}],"wp:featuredmedia":[{"embeddable":true,"href":"https:\/\/www.claret.cat\/es\/wp-json\/wp\/v2\/media\/402755"}],"wp:attachment":[{"href":"https:\/\/www.claret.cat\/es\/wp-json\/wp\/v2\/media?parent=402754"}],"wp:term":[{"taxonomy":"product_brand","embeddable":true,"href":"https:\/\/www.claret.cat\/es\/wp-json\/wp\/v2\/product_brand?post=402754"},{"taxonomy":"product_cat","embeddable":true,"href":"https:\/\/www.claret.cat\/es\/wp-json\/wp\/v2\/product_cat?post=402754"},{"taxonomy":"product_tag","embeddable":true,"href":"https:\/\/www.claret.cat\/es\/wp-json\/wp\/v2\/product_tag?post=402754"}],"curies":[{"name":"wp","href":"https:\/\/api.w.org\/{rel}","templated":true}]}}