{"id":40281,"date":"2022-10-02T19:21:35","date_gmt":"2022-10-02T17:21:35","guid":{"rendered":"http:\/\/dev.claret.cat\/producte\/la-ciudad-de-vapor\/"},"modified":"2023-10-06T09:59:11","modified_gmt":"2023-10-06T07:59:11","slug":"la-ciudad-de-vapor-9788408254959","status":"publish","type":"product","link":"https:\/\/www.claret.cat\/es\/libro\/la-ciudad-de-vapor-9788408254959\/","title":{"rendered":"LA CIUDAD DE VAPOR"},"content":{"rendered":"<p>Carlos Ruiz Zaf\u00f3n concibi\u00f3 este libro de relatos como un reconocimiento a sus lectores, que le hab\u00edan seguido a lo largo de la saga iniciada con?La Sombra del Viento.<br \/> \u00abPuedo conjurar rostros de chiquillos del barrio de la Ribera con los que a veces jugaba o peleaba en la calle, pero ninguno que quisiera rescatar del pa\u00eds de la indiferencia. Ninguno excepto el de Blanca.\u00bb<br \/> Un muchacho decide hacerse escritor al descubrir que sus invenciones le regalan un rato m\u00e1s de inter\u00e9s por parte de la ni\u00f1a rica que le ha robado el coraz\u00f3n. Un arquitecto huye de Constantinopla con los planos de una biblioteca inexpugnable. Un extra\u00f1o caballero tienta a Cervantes para que escriba un libro como no ha existido jam\u00e1s. Y Gaud\u00ed, navegando hacia una misteriosa cita en Nueva York, se deleita con la luz y el vapor, la materia de la que deber\u00edan estar hechas las ciudades.<br \/> El eco de los grandes personajes y motivos de las novelas de El Cementerio de los Libros Olvidados resuena en los cuentos de Carlos Ruiz Zaf\u00f3n \u2014reunidos por primera vez, y algunos de ellos in\u00e9ditos\u2014 en los que prende la magia del narrador que nos hizo so\u00f1ar como nadie.<\/p>\n","protected":false},"excerpt":{"rendered":"<p>RUIZ ZAF\u00d3N, CARLOS<\/p>\n","protected":false},"featured_media":56835,"template":"","meta":{"_acf_changed":false,"om_disable_all_campaigns":false,"rs_blank_template":"","rs_page_bg_color":"","slide_template_v7":"","inline_featured_image":false,"_monsterinsights_skip_tracking":false,"_monsterinsights_sitenote_active":false,"_monsterinsights_sitenote_note":"","_monsterinsights_sitenote_category":0},"product_brand":[],"product_cat":[357],"product_tag":[],"class_list":{"0":"post-40281","1":"product","2":"type-product","3":"status-publish","4":"has-post-thumbnail","6":"product_cat-novela-contemporanea","8":"first","9":"instock","10":"taxable","11":"shipping-taxable","12":"purchasable","13":"product-type-simple"},"acf":{"autor":"RUIZ ZAF\u00d3N, CARLOS","codart":"840825495","libros-coleccion":"Biblioteca Carlos Ruiz Zaf\u00f3n","ediciones":"1","encuadernacion":"R\u00fastica","fecha_de_publicacion":"01\/03\/2022","novedad":"1","paginas":"219","subtitulo":"TODOS LOS CUENTOS","orden":"0","portada":"0","idioma":"spa","editorial":[{"ID":6233,"post_author":"3","post_date":"2022-07-28 17:47:48","post_date_gmt":"2022-07-28 15:47:48","post_content":"","post_title":"EDITORIAL PLANETA","post_excerpt":"","post_status":"publish","comment_status":"closed","ping_status":"closed","post_password":"","post_name":"editorial-planeta","to_ping":"","pinged":"","post_modified":"2022-07-28 17:47:48","post_modified_gmt":"2022-07-28 15:47:48","post_content_filtered":"","post_parent":0,"guid":"http:\/\/dev.claret.cat\/editorial\/editorial-planeta\/","menu_order":0,"post_type":"editorial","post_mime_type":"","comment_count":"0","filter":"raw"}],"autores-libros":[{"ID":152318,"post_author":"3","post_date":"2022-10-14 14:47:49","post_date_gmt":"2022-10-14 12:47:49","post_content":"","post_title":"CARLOS RUIZ ZAF\u00d3N","post_excerpt":"","post_status":"publish","comment_status":"closed","ping_status":"closed","post_password":"","post_name":"carlos-ruiz-zafon","to_ping":"","pinged":"","post_modified":"2022-10-14 14:47:49","post_modified_gmt":"2022-10-14 12:47:49","post_content_filtered":"","post_parent":0,"guid":"http:\/\/dev.claret.cat\/autor\/carlos-ruiz-zafon\/","menu_order":0,"post_type":"autor","post_mime_type":"","comment_count":"0","filter":"raw"}]},"aioseo_notices":[],"_links":{"self":[{"href":"https:\/\/www.claret.cat\/es\/wp-json\/wp\/v2\/product\/40281","targetHints":{"allow":["GET"]}}],"collection":[{"href":"https:\/\/www.claret.cat\/es\/wp-json\/wp\/v2\/product"}],"about":[{"href":"https:\/\/www.claret.cat\/es\/wp-json\/wp\/v2\/types\/product"}],"wp:featuredmedia":[{"embeddable":true,"href":"https:\/\/www.claret.cat\/es\/wp-json\/wp\/v2\/media\/56835"}],"wp:attachment":[{"href":"https:\/\/www.claret.cat\/es\/wp-json\/wp\/v2\/media?parent=40281"}],"wp:term":[{"taxonomy":"product_brand","embeddable":true,"href":"https:\/\/www.claret.cat\/es\/wp-json\/wp\/v2\/product_brand?post=40281"},{"taxonomy":"product_cat","embeddable":true,"href":"https:\/\/www.claret.cat\/es\/wp-json\/wp\/v2\/product_cat?post=40281"},{"taxonomy":"product_tag","embeddable":true,"href":"https:\/\/www.claret.cat\/es\/wp-json\/wp\/v2\/product_tag?post=40281"}],"curies":[{"name":"wp","href":"https:\/\/api.w.org\/{rel}","templated":true}]}}