{"id":402855,"date":"2023-02-27T06:59:42","date_gmt":"2023-02-27T05:59:42","guid":{"rendered":"https:\/\/www.claret.cat\/llibre\/el-hombre-que-piso-una-caca-9788468324579\/"},"modified":"2024-02-08T11:51:38","modified_gmt":"2024-02-08T10:51:38","slug":"el-hombre-que-piso-una-caca-9788468324579","status":"publish","type":"product","link":"https:\/\/www.claret.cat\/es\/libro\/el-hombre-que-piso-una-caca-9788468324579\/","title":{"rendered":"EL HOMBRE QUE PIS\u00d3 UNA CACA"},"content":{"rendered":"<p>El se\u00f1or Mart\u00ednez sal\u00eda de casa con el libro abierto y la mirada puesta en las palabras de alg\u00fan cuento. Le interesaba tanto lo que le\u00eda que nunca levantaba la cabeza. Hasta que un d\u00eda pis\u00f3 una caca que hab\u00eda en el suelo y todos los ni\u00f1os y las ni\u00f1as del barrio se rieron al ver a un anciano con una zurraspa en la suela.<\/p>\n","protected":false},"excerpt":{"rendered":"<p>COLOMER ALVARO<\/p>\n","protected":false},"featured_media":402856,"template":"","meta":{"_acf_changed":false,"om_disable_all_campaigns":false,"rs_blank_template":"","rs_page_bg_color":"","slide_template_v7":"","inline_featured_image":false,"_monsterinsights_skip_tracking":false,"_monsterinsights_sitenote_active":false,"_monsterinsights_sitenote_note":"","_monsterinsights_sitenote_category":0},"product_brand":[],"product_cat":[86,352],"product_tag":[],"class_list":{"0":"post-402855","1":"product","2":"type-product","3":"status-publish","4":"has-post-thumbnail","6":"product_cat-infantil","7":"product_cat-infantil-3_infantil-juvenil-spa","9":"first","10":"instock","11":"taxable","12":"shipping-taxable","13":"purchasable","14":"product-type-simple"},"acf":{"autor":"COLOMER ALVARO","codart":"846832457","libros-coleccion":"","ediciones":"1","encuadernacion":"Carpeta","fecha_de_publicacion":"08\/03\/2016","novedad":"0","paginas":"32","subtitulo":"","orden":"999","portada":"0","idioma":"spa","editorial":[{"ID":6192,"post_author":"3","post_date":"2022-07-28 17:46:52","post_date_gmt":"2022-07-28 15:46:52","post_content":"","post_title":"EDEBE altres","post_excerpt":"","post_status":"publish","comment_status":"closed","ping_status":"closed","post_password":"","post_name":"edebe-altres","to_ping":"","pinged":"","post_modified":"2022-07-28 17:46:52","post_modified_gmt":"2022-07-28 15:46:52","post_content_filtered":"","post_parent":0,"guid":"http:\/\/dev.claret.cat\/editorial\/edebe-altres\/","menu_order":0,"post_type":"editorial","post_mime_type":"","comment_count":"0","filter":"raw"}],"autores-libros":[{"ID":402854,"post_author":"3","post_date":"2023-02-27 06:59:39","post_date_gmt":"2023-02-27 05:59:39","post_content":"","post_title":"COLOMER ALVARO","post_excerpt":"","post_status":"publish","comment_status":"closed","ping_status":"closed","post_password":"","post_name":"colomer-alvaro","to_ping":"","pinged":"","post_modified":"2023-02-27 06:59:39","post_modified_gmt":"2023-02-27 05:59:39","post_content_filtered":"","post_parent":0,"guid":"https:\/\/www.claret.cat\/autor\/colomer-alvaro\/","menu_order":0,"post_type":"autor","post_mime_type":"","comment_count":"0","filter":"raw"}]},"aioseo_notices":[],"_links":{"self":[{"href":"https:\/\/www.claret.cat\/es\/wp-json\/wp\/v2\/product\/402855","targetHints":{"allow":["GET"]}}],"collection":[{"href":"https:\/\/www.claret.cat\/es\/wp-json\/wp\/v2\/product"}],"about":[{"href":"https:\/\/www.claret.cat\/es\/wp-json\/wp\/v2\/types\/product"}],"wp:featuredmedia":[{"embeddable":true,"href":"https:\/\/www.claret.cat\/es\/wp-json\/wp\/v2\/media\/402856"}],"wp:attachment":[{"href":"https:\/\/www.claret.cat\/es\/wp-json\/wp\/v2\/media?parent=402855"}],"wp:term":[{"taxonomy":"product_brand","embeddable":true,"href":"https:\/\/www.claret.cat\/es\/wp-json\/wp\/v2\/product_brand?post=402855"},{"taxonomy":"product_cat","embeddable":true,"href":"https:\/\/www.claret.cat\/es\/wp-json\/wp\/v2\/product_cat?post=402855"},{"taxonomy":"product_tag","embeddable":true,"href":"https:\/\/www.claret.cat\/es\/wp-json\/wp\/v2\/product_tag?post=402855"}],"curies":[{"name":"wp","href":"https:\/\/api.w.org\/{rel}","templated":true}]}}