{"id":402924,"date":"2023-02-27T07:03:29","date_gmt":"2023-02-27T06:03:29","guid":{"rendered":"https:\/\/www.claret.cat\/llibre\/el-patito-libro-del-bebe-con-sonajero-9788468340548\/"},"modified":"2024-02-08T13:06:30","modified_gmt":"2024-02-08T12:06:30","slug":"el-patito-libro-del-bebe-con-sonajero-9788468340548","status":"publish","type":"product","link":"https:\/\/www.claret.cat\/es\/libro\/el-patito-libro-del-bebe-con-sonajero-9788468340548\/","title":{"rendered":"EL PATITO (LIBRO DEL BEB\u00c9 CON SONAJERO)"},"content":{"rendered":"<p>Libros de tela ultrasuaves con un mu\u00f1eco con sonido extra\u00edble. Cada vez que se aprieta el mu\u00f1eco, suena. Cada p\u00e1gina tiene coloridas ilustraciones y una sencilla historia.<\/p>\n","protected":false},"excerpt":{"rendered":"<p>FALSINI, CAMILLA<\/p>\n","protected":false},"featured_media":402925,"template":"","meta":{"_acf_changed":false,"om_disable_all_campaigns":false,"rs_blank_template":"","rs_page_bg_color":"","slide_template_v7":"","inline_featured_image":false,"_monsterinsights_skip_tracking":false,"_monsterinsights_sitenote_active":false,"_monsterinsights_sitenote_note":"","_monsterinsights_sitenote_category":0},"product_brand":[],"product_cat":[86,352],"product_tag":[],"class_list":{"0":"post-402924","1":"product","2":"type-product","3":"status-publish","4":"has-post-thumbnail","6":"product_cat-infantil","7":"product_cat-infantil-3_infantil-juvenil-spa","9":"first","10":"instock","11":"taxable","12":"shipping-taxable","13":"purchasable","14":"product-type-simple"},"acf":{"autor":"FALSINI, CAMILLA","codart":"846834054","libros-coleccion":"EDEBE","ediciones":"1","encuadernacion":"Carpeta","fecha_de_publicacion":"01\/01\/2019","novedad":"1","paginas":"1","subtitulo":"","orden":"0","portada":"0","idioma":"spa","editorial":[{"ID":6193,"post_author":"3","post_date":"2022-07-28 17:46:53","post_date_gmt":"2022-07-28 15:46:53","post_content":"","post_title":"EDEBE GUADIEL","post_excerpt":"","post_status":"publish","comment_status":"closed","ping_status":"closed","post_password":"","post_name":"edebe-guadiel","to_ping":"","pinged":"","post_modified":"2022-07-28 17:46:53","post_modified_gmt":"2022-07-28 15:46:53","post_content_filtered":"","post_parent":0,"guid":"http:\/\/dev.claret.cat\/editorial\/edebe-guadiel\/","menu_order":0,"post_type":"editorial","post_mime_type":"","comment_count":"0","filter":"raw"}],"autores-libros":[{"ID":152027,"post_author":"3","post_date":"2022-10-14 14:45:31","post_date_gmt":"2022-10-14 12:45:31","post_content":"","post_title":"CAMILLA FALSINI","post_excerpt":"","post_status":"publish","comment_status":"closed","ping_status":"closed","post_password":"","post_name":"camilla-falsini","to_ping":"","pinged":"","post_modified":"2022-10-14 14:45:31","post_modified_gmt":"2022-10-14 12:45:31","post_content_filtered":"","post_parent":0,"guid":"http:\/\/dev.claret.cat\/autor\/camilla-falsini\/","menu_order":0,"post_type":"autor","post_mime_type":"","comment_count":"0","filter":"raw"}]},"aioseo_notices":[],"_links":{"self":[{"href":"https:\/\/www.claret.cat\/es\/wp-json\/wp\/v2\/product\/402924","targetHints":{"allow":["GET"]}}],"collection":[{"href":"https:\/\/www.claret.cat\/es\/wp-json\/wp\/v2\/product"}],"about":[{"href":"https:\/\/www.claret.cat\/es\/wp-json\/wp\/v2\/types\/product"}],"wp:featuredmedia":[{"embeddable":true,"href":"https:\/\/www.claret.cat\/es\/wp-json\/wp\/v2\/media\/402925"}],"wp:attachment":[{"href":"https:\/\/www.claret.cat\/es\/wp-json\/wp\/v2\/media?parent=402924"}],"wp:term":[{"taxonomy":"product_brand","embeddable":true,"href":"https:\/\/www.claret.cat\/es\/wp-json\/wp\/v2\/product_brand?post=402924"},{"taxonomy":"product_cat","embeddable":true,"href":"https:\/\/www.claret.cat\/es\/wp-json\/wp\/v2\/product_cat?post=402924"},{"taxonomy":"product_tag","embeddable":true,"href":"https:\/\/www.claret.cat\/es\/wp-json\/wp\/v2\/product_tag?post=402924"}],"curies":[{"name":"wp","href":"https:\/\/api.w.org\/{rel}","templated":true}]}}