{"id":403022,"date":"2023-02-27T07:09:39","date_gmt":"2023-02-27T06:09:39","guid":{"rendered":"https:\/\/www.claret.cat\/llibre\/el-lagarto-esta-llorando-9788469626610\/"},"modified":"2023-02-27T07:09:45","modified_gmt":"2023-02-27T06:09:45","slug":"el-lagarto-esta-llorando-9788469626610","status":"publish","type":"product","link":"https:\/\/www.claret.cat\/es\/libro\/el-lagarto-esta-llorando-9788469626610\/","title":{"rendered":"EL LAGARTO EST\u00c1 LLORANDO"},"content":{"rendered":"<p>Este libro recoge dos de los poemas m\u00e1s bellos de Federico Garc\u00eda Lorca: El lagarto est\u00e1 llorando y Cuando se abre la ma\u00f1ana. Un \u00e1lbum de gran belleza para que los ni\u00f1os disfruten de la poes\u00eda de los grandes cl\u00e1sicos.<\/p>\n","protected":false},"excerpt":{"rendered":"<p>GARC\u00cdA LORCA, FEDERICO<\/p>\n","protected":false},"featured_media":403023,"template":"","meta":{"_acf_changed":false,"om_disable_all_campaigns":false,"rs_blank_template":"","rs_page_bg_color":"","slide_template_v7":"","inline_featured_image":false,"_monsterinsights_skip_tracking":false,"_monsterinsights_sitenote_active":false,"_monsterinsights_sitenote_note":"","_monsterinsights_sitenote_category":0},"product_brand":[],"product_cat":[86,352],"product_tag":[],"class_list":{"0":"post-403022","1":"product","2":"type-product","3":"status-publish","4":"has-post-thumbnail","6":"product_cat-infantil","7":"product_cat-infantil-3_infantil-juvenil-spa","9":"first","10":"instock","11":"taxable","12":"shipping-taxable","13":"purchasable","14":"product-type-simple"},"acf":{"autor":"GARC\u00cdA LORCA, FEDERICO","codart":"846962661","libros-coleccion":"Castellano - A Partir De 6 A\u00f1os - \u00c1lbume","ediciones":"1","encuadernacion":"Carton\u00e9","fecha_de_publicacion":"01\/05\/2019","novedad":"1","paginas":"32","subtitulo":"","orden":"0","portada":"0","idioma":"spa","editorial":[{"ID":147936,"post_author":"3","post_date":"2022-10-14 11:54:22","post_date_gmt":"2022-10-14 09:54:22","post_content":"","post_title":"Editorial Bru\u00f1o","post_excerpt":"","post_status":"publish","comment_status":"closed","ping_status":"closed","post_password":"","post_name":"editorial-bruno","to_ping":"","pinged":"","post_modified":"2022-10-14 11:54:22","post_modified_gmt":"2022-10-14 09:54:22","post_content_filtered":"","post_parent":0,"guid":"http:\/\/dev.claret.cat\/editorial\/editorial-bruno\/","menu_order":0,"post_type":"editorial","post_mime_type":"","comment_count":"0","filter":"raw"}],"autores-libros":[{"ID":155689,"post_author":"3","post_date":"2022-10-14 15:14:50","post_date_gmt":"2022-10-14 13:14:50","post_content":"","post_title":"FEDERICO GARC\u00cdA LORCA","post_excerpt":"","post_status":"publish","comment_status":"closed","ping_status":"closed","post_password":"","post_name":"federico-garcia-lorca","to_ping":"","pinged":"","post_modified":"2022-10-14 15:14:50","post_modified_gmt":"2022-10-14 13:14:50","post_content_filtered":"","post_parent":0,"guid":"http:\/\/dev.claret.cat\/autor\/federico-garcia-lorca\/","menu_order":0,"post_type":"autor","post_mime_type":"","comment_count":"0","filter":"raw"}]},"aioseo_notices":[],"_links":{"self":[{"href":"https:\/\/www.claret.cat\/es\/wp-json\/wp\/v2\/product\/403022","targetHints":{"allow":["GET"]}}],"collection":[{"href":"https:\/\/www.claret.cat\/es\/wp-json\/wp\/v2\/product"}],"about":[{"href":"https:\/\/www.claret.cat\/es\/wp-json\/wp\/v2\/types\/product"}],"wp:featuredmedia":[{"embeddable":true,"href":"https:\/\/www.claret.cat\/es\/wp-json\/wp\/v2\/media\/403023"}],"wp:attachment":[{"href":"https:\/\/www.claret.cat\/es\/wp-json\/wp\/v2\/media?parent=403022"}],"wp:term":[{"taxonomy":"product_brand","embeddable":true,"href":"https:\/\/www.claret.cat\/es\/wp-json\/wp\/v2\/product_brand?post=403022"},{"taxonomy":"product_cat","embeddable":true,"href":"https:\/\/www.claret.cat\/es\/wp-json\/wp\/v2\/product_cat?post=403022"},{"taxonomy":"product_tag","embeddable":true,"href":"https:\/\/www.claret.cat\/es\/wp-json\/wp\/v2\/product_tag?post=403022"}],"curies":[{"name":"wp","href":"https:\/\/api.w.org\/{rel}","templated":true}]}}