{"id":40320,"date":"2022-10-02T19:22:17","date_gmt":"2022-10-02T17:22:17","guid":{"rendered":"http:\/\/dev.claret.cat\/producte\/olga-viatja-a-lespai-exterior-o-no\/"},"modified":"2026-02-26T14:46:38","modified_gmt":"2026-02-26T13:46:38","slug":"olga-viatja-a-lespai-exterior-o-no-9788418733970","status":"publish","type":"product","link":"https:\/\/www.claret.cat\/es\/libro\/olga-viatja-a-lespai-exterior-o-no-9788418733970\/","title":{"rendered":"OLGA VIATJA A L&#8221;ESPAI EXTERIOR (O NO)"},"content":{"rendered":"<p>Estic gaireb\u00e9 segura que la Meh ve de l&#8221;espai. I ho he decidit: un dia la Meh i jo abandonarem la Terra. Perdrem de vista aquests humans tan molestos i buscarem el planeta on van\u00e9ixer la Meh.<\/p>\n<p> M&#8221;estic preparant per ser astronauta!<\/p>\n<p> Per\u00f2, de sobte, aquests \u00faltims dies, la Meh es comporta d&#8221;una manera molt estranya. Qu\u00e8 li passa?<\/p>\n<p> TORNA LA DIVERTID\u00cdSSIMA NENA CIENT\u00cdFICA QUE ESTIMA ELS ANIMALS (PERQU\u00c8 S\u00d3N ELS MILLORS)<br \/> M\u00e9s de 500.000 lectors a tot el m\u00f3n!<\/p>\n","protected":false},"excerpt":{"rendered":"<p>GRAVEL, ELISE<\/p>\n","protected":false},"featured_media":56865,"template":"","meta":{"_acf_changed":false,"om_disable_all_campaigns":false,"rs_blank_template":"","rs_page_bg_color":"","slide_template_v7":"","inline_featured_image":false,"_monsterinsights_skip_tracking":false,"_monsterinsights_sitenote_active":false,"_monsterinsights_sitenote_note":"","_monsterinsights_sitenote_category":0},"product_brand":[],"product_cat":[90,540],"product_tag":[],"class_list":{"0":"post-40320","1":"product","2":"type-product","3":"status-publish","4":"has-post-thumbnail","6":"product_cat-altres","7":"product_cat-otros","9":"first","10":"instock","11":"taxable","12":"shipping-taxable","13":"purchasable","14":"product-type-simple"},"acf":{"autor":"GRAVEL, ELISE","codart":"841873397","libros-coleccion":"","ediciones":"1","encuadernacion":"Carton\u00e9","fecha_de_publicacion":"01\/03\/2022","novedad":"1","paginas":"186","subtitulo":"","orden":"0","portada":"0","idioma":"cat","editorial":[{"ID":6146,"post_author":"3","post_date":"2022-07-28 17:45:52","post_date_gmt":"2022-07-28 15:45:52","post_content":"","post_title":"Blackie Books","post_excerpt":"","post_status":"publish","comment_status":"closed","ping_status":"closed","post_password":"","post_name":"blackie-books","to_ping":"","pinged":"","post_modified":"2022-07-28 17:45:52","post_modified_gmt":"2022-07-28 15:45:52","post_content_filtered":"","post_parent":0,"guid":"http:\/\/dev.claret.cat\/editorial\/blackie-books\/","menu_order":0,"post_type":"editorial","post_mime_type":"","comment_count":"0","filter":"raw"}],"autores-libros":[{"ID":154834,"post_author":"3","post_date":"2022-10-14 15:08:01","post_date_gmt":"2022-10-14 13:08:01","post_content":"","post_title":"ELISE GRAVEL","post_excerpt":"","post_status":"publish","comment_status":"closed","ping_status":"closed","post_password":"","post_name":"elise-gravel","to_ping":"","pinged":"","post_modified":"2022-10-14 15:08:01","post_modified_gmt":"2022-10-14 13:08:01","post_content_filtered":"","post_parent":0,"guid":"http:\/\/dev.claret.cat\/autor\/elise-gravel\/","menu_order":0,"post_type":"autor","post_mime_type":"","comment_count":"0","filter":"raw"}],"booktrailer":"","resenas":""},"aioseo_notices":[],"_links":{"self":[{"href":"https:\/\/www.claret.cat\/es\/wp-json\/wp\/v2\/product\/40320","targetHints":{"allow":["GET"]}}],"collection":[{"href":"https:\/\/www.claret.cat\/es\/wp-json\/wp\/v2\/product"}],"about":[{"href":"https:\/\/www.claret.cat\/es\/wp-json\/wp\/v2\/types\/product"}],"wp:featuredmedia":[{"embeddable":true,"href":"https:\/\/www.claret.cat\/es\/wp-json\/wp\/v2\/media\/56865"}],"wp:attachment":[{"href":"https:\/\/www.claret.cat\/es\/wp-json\/wp\/v2\/media?parent=40320"}],"wp:term":[{"taxonomy":"product_brand","embeddable":true,"href":"https:\/\/www.claret.cat\/es\/wp-json\/wp\/v2\/product_brand?post=40320"},{"taxonomy":"product_cat","embeddable":true,"href":"https:\/\/www.claret.cat\/es\/wp-json\/wp\/v2\/product_cat?post=40320"},{"taxonomy":"product_tag","embeddable":true,"href":"https:\/\/www.claret.cat\/es\/wp-json\/wp\/v2\/product_tag?post=40320"}],"curies":[{"name":"wp","href":"https:\/\/api.w.org\/{rel}","templated":true}]}}