{"id":403204,"date":"2023-02-27T07:22:05","date_gmt":"2023-02-27T06:22:05","guid":{"rendered":"https:\/\/www.claret.cat\/llibre\/practica-del-zen-la-9788472451070\/"},"modified":"2023-02-27T07:22:10","modified_gmt":"2023-02-27T06:22:10","slug":"practica-del-zen-la-9788472451070","status":"publish","type":"product","link":"https:\/\/www.claret.cat\/es\/libro\/practica-del-zen-la-9788472451070\/","title":{"rendered":"PRACTICA DEL ZEN, LA"},"content":{"rendered":"<p>Hasta hace poco, todo lo que en el mundo de habla hispana se sab\u00eda sobre el Zen ven\u00eda a trav\u00e9s de algunos libros exclusivamente te\u00f3ricos. Por primera vez se publica la ense\u00f1anza de un aut\u00e9ntico maestro Zen, ense\u00f1anza que hasta la fecha s\u00f3lo se transmit\u00eda por v\u00eda oral. En el libro se contienen, adem\u00e1s, dos textos sagrados: El Hokyo Zan Mai y el San Do Kai; textos procedentes de la m\u00e1s remota antig\u00fcedad china, y que est\u00e1n considerados como la base del actual Zen japon\u00e9s. Se incluye tambi\u00e9n el Teisho, ense\u00f1anza impartida a los disc\u00edpulos durante el Za-Zen.<\/p>\n<p>El Za-Zen o Zen en posici\u00f3n sentado, es la pr\u00e1ctica de la postura de vigilia, la pr\u00e1ctica del despertar. Este despertar no se puede disociar de la pr\u00e1ctica del mismo Zen. Su ense\u00f1anza, profundamente anclada en lo concreto, apunta a una transformaci\u00f3n psicofisiol\u00f3gica del individuo y se ha revelado hoy de una eficacia singular. El Zen no es un conjunto de ideas que se puedan aprender sino esencialmente una experiencia que hay que realizar. Es una disciplina de concentraci\u00f3n y de meditaci\u00f3n cuya esencia se remonta, al parecer, a la iluminaci\u00f3n de Buda.<\/p>\n","protected":false},"excerpt":{"rendered":"<p>DESHIMARU, TAISEN<\/p>\n","protected":false},"featured_media":403205,"template":"","meta":{"_acf_changed":false,"om_disable_all_campaigns":false,"rs_blank_template":"","rs_page_bg_color":"","slide_template_v7":"","inline_featured_image":false,"_monsterinsights_skip_tracking":false,"_monsterinsights_sitenote_active":false,"_monsterinsights_sitenote_note":"","_monsterinsights_sitenote_category":0},"product_brand":[],"product_cat":[90,540],"product_tag":[],"class_list":{"0":"post-403204","1":"product","2":"type-product","3":"status-publish","4":"has-post-thumbnail","6":"product_cat-altres","7":"product_cat-otros","9":"first","10":"instock","11":"taxable","12":"shipping-taxable","13":"purchasable","14":"product-type-simple"},"acf":{"autor":"DESHIMARU, TAISEN","codart":"847245107","libros-coleccion":"FORA DE COL.LECCI\u00d3","ediciones":"9","encuadernacion":"R\u00fastica","fecha_de_publicacion":"30\/04\/2005","novedad":"0","paginas":"240","subtitulo":"","orden":"999","portada":"0","idioma":"spa","editorial":[{"ID":262209,"post_author":"3","post_date":"2022-10-24 11:21:22","post_date_gmt":"2022-10-24 09:21:22","post_content":"","post_title":"KAIROS, S.A.","post_excerpt":"","post_status":"publish","comment_status":"closed","ping_status":"closed","post_password":"","post_name":"kairos-s-a","to_ping":"","pinged":"","post_modified":"2022-10-24 11:21:22","post_modified_gmt":"2022-10-24 09:21:22","post_content_filtered":"","post_parent":0,"guid":"http:\/\/dev.claret.cat\/editorial\/kairos-s-a\/","menu_order":0,"post_type":"editorial","post_mime_type":"","comment_count":"0","filter":"raw"}],"autores-libros":[{"ID":170086,"post_author":"3","post_date":"2022-10-14 22:32:27","post_date_gmt":"2022-10-14 20:32:27","post_content":"","post_title":"TAISEN DESHIMARU","post_excerpt":"","post_status":"publish","comment_status":"closed","ping_status":"closed","post_password":"","post_name":"taisen-deshimaru","to_ping":"","pinged":"","post_modified":"2022-10-14 22:32:27","post_modified_gmt":"2022-10-14 20:32:27","post_content_filtered":"","post_parent":0,"guid":"http:\/\/dev.claret.cat\/autor\/taisen-deshimaru\/","menu_order":0,"post_type":"autor","post_mime_type":"","comment_count":"0","filter":"raw"}]},"aioseo_notices":[],"_links":{"self":[{"href":"https:\/\/www.claret.cat\/es\/wp-json\/wp\/v2\/product\/403204","targetHints":{"allow":["GET"]}}],"collection":[{"href":"https:\/\/www.claret.cat\/es\/wp-json\/wp\/v2\/product"}],"about":[{"href":"https:\/\/www.claret.cat\/es\/wp-json\/wp\/v2\/types\/product"}],"wp:featuredmedia":[{"embeddable":true,"href":"https:\/\/www.claret.cat\/es\/wp-json\/wp\/v2\/media\/403205"}],"wp:attachment":[{"href":"https:\/\/www.claret.cat\/es\/wp-json\/wp\/v2\/media?parent=403204"}],"wp:term":[{"taxonomy":"product_brand","embeddable":true,"href":"https:\/\/www.claret.cat\/es\/wp-json\/wp\/v2\/product_brand?post=403204"},{"taxonomy":"product_cat","embeddable":true,"href":"https:\/\/www.claret.cat\/es\/wp-json\/wp\/v2\/product_cat?post=403204"},{"taxonomy":"product_tag","embeddable":true,"href":"https:\/\/www.claret.cat\/es\/wp-json\/wp\/v2\/product_tag?post=403204"}],"curies":[{"name":"wp","href":"https:\/\/api.w.org\/{rel}","templated":true}]}}