{"id":403224,"date":"2023-02-27T07:23:17","date_gmt":"2023-02-27T06:23:17","guid":{"rendered":"https:\/\/www.claret.cat\/llibre\/un-dios-sociable-9788472451810\/"},"modified":"2024-08-30T17:45:07","modified_gmt":"2024-08-30T15:45:07","slug":"un-dios-sociable-9788472451810","status":"publish","type":"product","link":"https:\/\/www.claret.cat\/es\/libro\/un-dios-sociable-9788472451810\/","title":{"rendered":"UN DIOS SOCIABLE"},"content":{"rendered":"<p>\u00bfC\u00f3mo ha evolucionado la religi\u00f3n desde sus formas primitivas y m\u00edsticas hasta nuestra era actual de racionalismo? \u00bfExiste alguna manera de evaluar la autenticidad y legitimidad de las religiones, ya se trate del vud\u00fa m\u00e1gico, del chamanismo de la tundra, la religi\u00f3n civil o, incluso, del \u00abestalinismo\u00bb marxista?<br \/>Ken Wilber, autor famoso por sus obras sobre la conciencia y la psicolog\u00eda transpersonal, elabora en Un Dios sociable un modelo evolutivo jer\u00e1rquico que habr\u00e1 de interesar tanto a psic\u00f3logos como a soci\u00f3logos y estudiosos en general. Se trata de un tr\u00e1nsito interesant\u00edsimo desde la psicolog\u00eda transpersonal a la sociolog\u00eda de la religi\u00f3n: un marco que permite evaluar los distintos niveles de interacci\u00f3n social. <br \/>Un Dios sociable establece los \u00e1mbitos -y las evaluaciones- de los distinto modos epistemol\u00f3gicos: sensorial, intelectual, contemplativo. Propone metodolog\u00edas, estrategias, hip\u00f3tesis y verificaciones para aplicar a los problemas religiosos con los que hoy se enfrenta la sociolog\u00eda. <br \/>Un Dios sociable se aplica directamente a los grandes temas sociales, psicol\u00f3gicos y religiosos actuales, incluidos los nuevos movimientos occidentales, el influjo de las tradiciones m\u00edsticas, la quiebra de la \u00abreligi\u00f3n civil\u00bb, la psicolog\u00eda de la experiencia religiosa, la meditaci\u00f3n, el desarrollo moral. Los \u00e1mbitos, aparentemente irreductibles, de sociolog\u00eda y transcendencia, quedan finalmente conectados.<br \/>La presente edici\u00f3n ha sido ampliada por una extraordinaria Introducci\u00f3n que Ken Wilber ha realizado veinte a\u00f1os despu\u00e9s de su primera publicaci\u00f3n.<\/p>\n","protected":false},"excerpt":{"rendered":"<p>WILBER, KEN<\/p>\n","protected":false},"featured_media":403225,"template":"","meta":{"_acf_changed":false,"om_disable_all_campaigns":false,"rs_blank_template":"","rs_page_bg_color":"","slide_template_v7":"","inline_featured_image":false,"_monsterinsights_skip_tracking":false,"_monsterinsights_sitenote_active":false,"_monsterinsights_sitenote_note":"","_monsterinsights_sitenote_category":0},"product_brand":[],"product_cat":[90,540],"product_tag":[],"class_list":{"0":"post-403224","1":"product","2":"type-product","3":"status-publish","4":"has-post-thumbnail","6":"product_cat-altres","7":"product_cat-otros","9":"first","10":"instock","11":"taxable","12":"shipping-taxable","13":"purchasable","14":"product-type-simple"},"acf":{"autor":"WILBER, KEN","codart":"847245181","libros-coleccion":"FORA DE COL.LECCI\u00d3","ediciones":"1","encuadernacion":"[Vac\u00edo]","fecha_de_publicacion":"01\/09\/1988","novedad":"0","paginas":"216","subtitulo":"","orden":"999","portada":"0","idioma":"spa","editorial":[{"ID":262209,"post_author":"3","post_date":"2022-10-24 11:21:22","post_date_gmt":"2022-10-24 09:21:22","post_content":"","post_title":"KAIROS, S.A.","post_excerpt":"","post_status":"publish","comment_status":"closed","ping_status":"closed","post_password":"","post_name":"kairos-s-a","to_ping":"","pinged":"","post_modified":"2022-10-24 11:21:22","post_modified_gmt":"2022-10-24 09:21:22","post_content_filtered":"","post_parent":0,"guid":"http:\/\/dev.claret.cat\/editorial\/kairos-s-a\/","menu_order":0,"post_type":"editorial","post_mime_type":"","comment_count":"0","filter":"raw"}],"autores-libros":[{"ID":403223,"post_author":"3","post_date":"2023-02-27 07:23:15","post_date_gmt":"2023-02-27 06:23:15","post_content":"","post_title":"KEN WILBER","post_excerpt":"","post_status":"publish","comment_status":"closed","ping_status":"closed","post_password":"","post_name":"ken-wilber","to_ping":"","pinged":"","post_modified":"2023-02-27 07:23:15","post_modified_gmt":"2023-02-27 06:23:15","post_content_filtered":"","post_parent":0,"guid":"https:\/\/www.claret.cat\/autor\/ken-wilber\/","menu_order":0,"post_type":"autor","post_mime_type":"","comment_count":"0","filter":"raw"}]},"aioseo_notices":[],"_links":{"self":[{"href":"https:\/\/www.claret.cat\/es\/wp-json\/wp\/v2\/product\/403224","targetHints":{"allow":["GET"]}}],"collection":[{"href":"https:\/\/www.claret.cat\/es\/wp-json\/wp\/v2\/product"}],"about":[{"href":"https:\/\/www.claret.cat\/es\/wp-json\/wp\/v2\/types\/product"}],"wp:featuredmedia":[{"embeddable":true,"href":"https:\/\/www.claret.cat\/es\/wp-json\/wp\/v2\/media\/403225"}],"wp:attachment":[{"href":"https:\/\/www.claret.cat\/es\/wp-json\/wp\/v2\/media?parent=403224"}],"wp:term":[{"taxonomy":"product_brand","embeddable":true,"href":"https:\/\/www.claret.cat\/es\/wp-json\/wp\/v2\/product_brand?post=403224"},{"taxonomy":"product_cat","embeddable":true,"href":"https:\/\/www.claret.cat\/es\/wp-json\/wp\/v2\/product_cat?post=403224"},{"taxonomy":"product_tag","embeddable":true,"href":"https:\/\/www.claret.cat\/es\/wp-json\/wp\/v2\/product_tag?post=403224"}],"curies":[{"name":"wp","href":"https:\/\/api.w.org\/{rel}","templated":true}]}}