{"id":403231,"date":"2023-02-27T07:23:40","date_gmt":"2023-02-27T06:23:40","guid":{"rendered":"https:\/\/www.claret.cat\/llibre\/zen-y-autocontrol-9788472452183\/"},"modified":"2023-02-27T07:23:46","modified_gmt":"2023-02-27T06:23:46","slug":"zen-y-autocontrol-9788472452183","status":"publish","type":"product","link":"https:\/\/www.claret.cat\/es\/libro\/zen-y-autocontrol-9788472452183\/","title":{"rendered":"ZEN Y AUTOCONTROL"},"content":{"rendered":"<p>\u00bfCabe autocontrolar la propia vida, y de qu\u00e9 manera? \u00bfPor qu\u00e9 una tradici\u00f3n milenaria como la del zen resulta ser, hoy, uno de los mejores m\u00e9todos para alcanzar ese autocontrol?<\/p>\n<p>Fundament\u00e1ndose en la unidad cuerpo-esp\u00edritu-universo, el profesor Yujiro Ikemi, pionero de la medicina psicosom\u00e1tica en Jap\u00f3n y cient\u00edfico de reputaci\u00f3n internacional, muestra de qu\u00e9 manera la pr\u00e1ctica del zen constituye un m\u00e9todo de autocontrol enormemente terap\u00e9utico. Por su parte el famoso maestro Taisen Deshimaru realiza una exposici\u00f3n con lenguaje moderno de los puntos principales de la pr\u00e1ctica y la tradici\u00f3n zen, as\u00ed como de la psicolog\u00eda budista.<\/p>\n<p>Zen y autocontrol es, en suma, un poderoso libro de s\u00edntesis que abarca desde las nuevas terapias hasta la meditaci\u00f3n; un documento excepcional que lleva a convergencia el pensamiento cient\u00edfico, el pensamiento religioso y la pr\u00e1ctica cotidiana; una invitaci\u00f3n a \u201cvivir totalmente\u201d.<\/p>\n","protected":false},"excerpt":{"rendered":"<p>DESHIMARU, TAISEN<\/p>\n","protected":false},"featured_media":403232,"template":"","meta":{"_acf_changed":false,"om_disable_all_campaigns":false,"rs_blank_template":"","rs_page_bg_color":"","slide_template_v7":"","inline_featured_image":false,"_monsterinsights_skip_tracking":false,"_monsterinsights_sitenote_active":false,"_monsterinsights_sitenote_note":"","_monsterinsights_sitenote_category":0},"product_brand":[],"product_cat":[90,540],"product_tag":[],"class_list":{"0":"post-403231","1":"product","2":"type-product","3":"status-publish","4":"has-post-thumbnail","6":"product_cat-altres","7":"product_cat-otros","9":"first","10":"outofstock","11":"taxable","12":"shipping-taxable","13":"purchasable","14":"product-type-simple"},"acf":{"autor":"DESHIMARU, TAISEN","codart":"847245218","libros-coleccion":"FORA DE COL.LECCI\u00d3","ediciones":"1","encuadernacion":"[Vac\u00edo]","fecha_de_publicacion":"01\/11\/1990","novedad":"0","paginas":"248","subtitulo":"","orden":"999","portada":"0","idioma":"spa","editorial":[{"ID":262209,"post_author":"3","post_date":"2022-10-24 11:21:22","post_date_gmt":"2022-10-24 09:21:22","post_content":"","post_title":"KAIROS, S.A.","post_excerpt":"","post_status":"publish","comment_status":"closed","ping_status":"closed","post_password":"","post_name":"kairos-s-a","to_ping":"","pinged":"","post_modified":"2022-10-24 11:21:22","post_modified_gmt":"2022-10-24 09:21:22","post_content_filtered":"","post_parent":0,"guid":"http:\/\/dev.claret.cat\/editorial\/kairos-s-a\/","menu_order":0,"post_type":"editorial","post_mime_type":"","comment_count":"0","filter":"raw"}],"autores-libros":[{"ID":170086,"post_author":"3","post_date":"2022-10-14 22:32:27","post_date_gmt":"2022-10-14 20:32:27","post_content":"","post_title":"TAISEN DESHIMARU","post_excerpt":"","post_status":"publish","comment_status":"closed","ping_status":"closed","post_password":"","post_name":"taisen-deshimaru","to_ping":"","pinged":"","post_modified":"2022-10-14 22:32:27","post_modified_gmt":"2022-10-14 20:32:27","post_content_filtered":"","post_parent":0,"guid":"http:\/\/dev.claret.cat\/autor\/taisen-deshimaru\/","menu_order":0,"post_type":"autor","post_mime_type":"","comment_count":"0","filter":"raw"}]},"aioseo_notices":[],"_links":{"self":[{"href":"https:\/\/www.claret.cat\/es\/wp-json\/wp\/v2\/product\/403231","targetHints":{"allow":["GET"]}}],"collection":[{"href":"https:\/\/www.claret.cat\/es\/wp-json\/wp\/v2\/product"}],"about":[{"href":"https:\/\/www.claret.cat\/es\/wp-json\/wp\/v2\/types\/product"}],"wp:featuredmedia":[{"embeddable":true,"href":"https:\/\/www.claret.cat\/es\/wp-json\/wp\/v2\/media\/403232"}],"wp:attachment":[{"href":"https:\/\/www.claret.cat\/es\/wp-json\/wp\/v2\/media?parent=403231"}],"wp:term":[{"taxonomy":"product_brand","embeddable":true,"href":"https:\/\/www.claret.cat\/es\/wp-json\/wp\/v2\/product_brand?post=403231"},{"taxonomy":"product_cat","embeddable":true,"href":"https:\/\/www.claret.cat\/es\/wp-json\/wp\/v2\/product_cat?post=403231"},{"taxonomy":"product_tag","embeddable":true,"href":"https:\/\/www.claret.cat\/es\/wp-json\/wp\/v2\/product_tag?post=403231"}],"curies":[{"name":"wp","href":"https:\/\/api.w.org\/{rel}","templated":true}]}}