{"id":403239,"date":"2023-02-27T07:24:12","date_gmt":"2023-02-27T06:24:12","guid":{"rendered":"https:\/\/www.claret.cat\/llibre\/preguntas-a-un-maestro-zen-9788472452466\/"},"modified":"2026-03-04T16:35:04","modified_gmt":"2026-03-04T15:35:04","slug":"preguntas-a-un-maestro-zen-9788472452466","status":"publish","type":"product","link":"https:\/\/www.claret.cat\/es\/libro\/preguntas-a-un-maestro-zen-9788472452466\/","title":{"rendered":"PREGUNTAS A UN MAESTRO ZEN"},"content":{"rendered":"<p>\u00bfQu\u00e9 es el ego?, \u00bfel karma?, \u00bfla ra\u00edz del sufrimiento?, \u00bfla conciencia?, \u00bfla muerte?, \u00bfel satori?, \u00bfla compasi\u00f3n?, \u00bfla sabidur\u00eda?, \u00bfla postura za-zen?, \u00bfcu\u00e1l es la importancia de la tradici\u00f3n?, \u00bfcu\u00e1l es la relaci\u00f3n entre el Maestro y sus disc\u00edpulos?<\/p>\n<p>A todas estas y otras muchas preguntas responde el famoso Maestro Zen Taisen Deshimaru. Con un lenguaje vivo y rico, en este libro se re\u00fane lo esencial de la ense\u00f1anza de Deshimaru en los catorce a\u00f1os de su misi\u00f3n en Europa. Interrogantes que han acudido al esp\u00edritu de todos se concretan con respuestas que constituyen una excelente introducci\u00f3n a la pr\u00e1ctica y la filosof\u00eda del Zen, y una llamada a vivir plenamente la totalidad de nuestro ser.<\/p>\n","protected":false},"excerpt":{"rendered":"<p>DESHIMARU, TAISEN<\/p>\n","protected":false},"featured_media":1087706,"template":"","meta":{"_acf_changed":false,"om_disable_all_campaigns":false,"rs_blank_template":"","rs_page_bg_color":"","slide_template_v7":"","inline_featured_image":false,"_monsterinsights_skip_tracking":false,"_monsterinsights_sitenote_active":false,"_monsterinsights_sitenote_note":"","_monsterinsights_sitenote_category":0},"product_brand":[],"product_cat":[245,495],"product_tag":[],"class_list":{"0":"post-403239","1":"product","2":"type-product","3":"status-publish","4":"has-post-thumbnail","6":"product_cat-diversa","7":"product_cat-diversa-espiritualidad-1_espiritualidad","9":"first","10":"instock","11":"taxable","12":"shipping-taxable","13":"purchasable","14":"product-type-simple"},"acf":{"autor":"DESHIMARU, TAISEN","codart":"847245246","libros-coleccion":"FORA DE COL.LECCI\u00d3","ediciones":"1","encuadernacion":"R\u00fastica","fecha_de_publicacion":"01\/11\/1996","novedad":"0","paginas":"152","subtitulo":"","orden":"999","portada":"0","idioma":"spa","editorial":[{"ID":262209,"post_author":"3","post_date":"2022-10-24 11:21:22","post_date_gmt":"2022-10-24 09:21:22","post_content":"","post_title":"KAIROS, S.A.","post_excerpt":"","post_status":"publish","comment_status":"closed","ping_status":"closed","post_password":"","post_name":"kairos-s-a","to_ping":"","pinged":"","post_modified":"2022-10-24 11:21:22","post_modified_gmt":"2022-10-24 09:21:22","post_content_filtered":"","post_parent":0,"guid":"http:\/\/dev.claret.cat\/editorial\/kairos-s-a\/","menu_order":0,"post_type":"editorial","post_mime_type":"","comment_count":"0","filter":"raw"}],"autores-libros":[{"ID":170086,"post_author":"3","post_date":"2022-10-14 22:32:27","post_date_gmt":"2022-10-14 20:32:27","post_content":"","post_title":"TAISEN DESHIMARU","post_excerpt":"","post_status":"publish","comment_status":"closed","ping_status":"closed","post_password":"","post_name":"taisen-deshimaru","to_ping":"","pinged":"","post_modified":"2022-10-14 22:32:27","post_modified_gmt":"2022-10-14 20:32:27","post_content_filtered":"","post_parent":0,"guid":"http:\/\/dev.claret.cat\/autor\/taisen-deshimaru\/","menu_order":0,"post_type":"autor","post_mime_type":"","comment_count":"0","filter":"raw"}],"booktrailer":"","resenas":""},"aioseo_notices":[],"_links":{"self":[{"href":"https:\/\/www.claret.cat\/es\/wp-json\/wp\/v2\/product\/403239","targetHints":{"allow":["GET"]}}],"collection":[{"href":"https:\/\/www.claret.cat\/es\/wp-json\/wp\/v2\/product"}],"about":[{"href":"https:\/\/www.claret.cat\/es\/wp-json\/wp\/v2\/types\/product"}],"wp:featuredmedia":[{"embeddable":true,"href":"https:\/\/www.claret.cat\/es\/wp-json\/wp\/v2\/media\/1087706"}],"wp:attachment":[{"href":"https:\/\/www.claret.cat\/es\/wp-json\/wp\/v2\/media?parent=403239"}],"wp:term":[{"taxonomy":"product_brand","embeddable":true,"href":"https:\/\/www.claret.cat\/es\/wp-json\/wp\/v2\/product_brand?post=403239"},{"taxonomy":"product_cat","embeddable":true,"href":"https:\/\/www.claret.cat\/es\/wp-json\/wp\/v2\/product_cat?post=403239"},{"taxonomy":"product_tag","embeddable":true,"href":"https:\/\/www.claret.cat\/es\/wp-json\/wp\/v2\/product_tag?post=403239"}],"curies":[{"name":"wp","href":"https:\/\/api.w.org\/{rel}","templated":true}]}}