{"id":403248,"date":"2023-02-27T07:24:46","date_gmt":"2023-02-27T06:24:46","guid":{"rendered":"https:\/\/www.claret.cat\/llibre\/la-conciencia-sin-fronteras-9788472452787\/"},"modified":"2023-02-27T07:24:51","modified_gmt":"2023-02-27T06:24:51","slug":"la-conciencia-sin-fronteras-9788472452787","status":"publish","type":"product","link":"https:\/\/www.claret.cat\/es\/libro\/la-conciencia-sin-fronteras-9788472452787\/","title":{"rendered":"LA CONCIENCIA SIN FRONTERAS"},"content":{"rendered":"<p>La conciencia sin fronteras explica e indaga la m\u00e1s persistente alienaci\u00f3n del ser humano, la que est\u00e1 en la base de toda su infelicidad y angustia: la fractura de nuestra identidad en diferentes parte separadas. Ejemplos de esta artificial divisi\u00f3n en compartimentos: sujeto y objeto, mente y cuerpo, raz\u00f3n e instinto, vida y muerte, organismo y medio.<br \/>Arrancando de este diagn\u00f3stico, el autor examina el espectro de la conciencia human y el conjunto de terapias encaminadas a reintegrar estas dualidades artificiales. Estas terapias se inspiran tanto en Occidente como en Oriente, y van del psicoan\u00e1lisis al zen, de la gestalt a la M.T., del existencialismo al tantra. Ejercicios pr\u00e1cticos y bibliograf\u00eda fundamental acompa\u00f1an cada cap\u00edtulo. <br \/>La conciencia sin fronteras es, en suma, una important\u00edsima referencia te\u00f3rica a la vez que una \u00fatil gu\u00eda pr\u00e1ctica.<\/p>\n","protected":false},"excerpt":{"rendered":"<p>WILBER, KEN<\/p>\n","protected":false},"featured_media":403249,"template":"","meta":{"_acf_changed":false,"om_disable_all_campaigns":false,"rs_blank_template":"","rs_page_bg_color":"","slide_template_v7":"","inline_featured_image":false,"_monsterinsights_skip_tracking":false,"_monsterinsights_sitenote_active":false,"_monsterinsights_sitenote_note":"","_monsterinsights_sitenote_category":0},"product_brand":[],"product_cat":[90,540],"product_tag":[],"class_list":{"0":"post-403248","1":"product","2":"type-product","3":"status-publish","4":"has-post-thumbnail","6":"product_cat-altres","7":"product_cat-otros","9":"first","10":"instock","11":"taxable","12":"shipping-taxable","13":"purchasable","14":"product-type-simple"},"acf":{"autor":"WILBER, KEN","codart":"847245278","libros-coleccion":"FORA DE COL.LECCI\u00d3","ediciones":"1","encuadernacion":"[Vac\u00edo]","fecha_de_publicacion":"01\/01\/1999","novedad":"0","paginas":"216","subtitulo":"","orden":"999","portada":"0","idioma":"spa","editorial":[{"ID":262209,"post_author":"3","post_date":"2022-10-24 11:21:22","post_date_gmt":"2022-10-24 09:21:22","post_content":"","post_title":"KAIROS, S.A.","post_excerpt":"","post_status":"publish","comment_status":"closed","ping_status":"closed","post_password":"","post_name":"kairos-s-a","to_ping":"","pinged":"","post_modified":"2022-10-24 11:21:22","post_modified_gmt":"2022-10-24 09:21:22","post_content_filtered":"","post_parent":0,"guid":"http:\/\/dev.claret.cat\/editorial\/kairos-s-a\/","menu_order":0,"post_type":"editorial","post_mime_type":"","comment_count":"0","filter":"raw"}],"autores-libros":[{"ID":403223,"post_author":"3","post_date":"2023-02-27 07:23:15","post_date_gmt":"2023-02-27 06:23:15","post_content":"","post_title":"KEN WILBER","post_excerpt":"","post_status":"publish","comment_status":"closed","ping_status":"closed","post_password":"","post_name":"ken-wilber","to_ping":"","pinged":"","post_modified":"2023-02-27 07:23:15","post_modified_gmt":"2023-02-27 06:23:15","post_content_filtered":"","post_parent":0,"guid":"https:\/\/www.claret.cat\/autor\/ken-wilber\/","menu_order":0,"post_type":"autor","post_mime_type":"","comment_count":"0","filter":"raw"}]},"aioseo_notices":[],"_links":{"self":[{"href":"https:\/\/www.claret.cat\/es\/wp-json\/wp\/v2\/product\/403248","targetHints":{"allow":["GET"]}}],"collection":[{"href":"https:\/\/www.claret.cat\/es\/wp-json\/wp\/v2\/product"}],"about":[{"href":"https:\/\/www.claret.cat\/es\/wp-json\/wp\/v2\/types\/product"}],"wp:featuredmedia":[{"embeddable":true,"href":"https:\/\/www.claret.cat\/es\/wp-json\/wp\/v2\/media\/403249"}],"wp:attachment":[{"href":"https:\/\/www.claret.cat\/es\/wp-json\/wp\/v2\/media?parent=403248"}],"wp:term":[{"taxonomy":"product_brand","embeddable":true,"href":"https:\/\/www.claret.cat\/es\/wp-json\/wp\/v2\/product_brand?post=403248"},{"taxonomy":"product_cat","embeddable":true,"href":"https:\/\/www.claret.cat\/es\/wp-json\/wp\/v2\/product_cat?post=403248"},{"taxonomy":"product_tag","embeddable":true,"href":"https:\/\/www.claret.cat\/es\/wp-json\/wp\/v2\/product_tag?post=403248"}],"curies":[{"name":"wp","href":"https:\/\/api.w.org\/{rel}","templated":true}]}}