{"id":40326,"date":"2022-10-02T19:22:24","date_gmt":"2022-10-02T17:22:24","guid":{"rendered":"http:\/\/dev.claret.cat\/producte\/el-aprendiz-de-farero\/"},"modified":"2023-10-06T10:24:38","modified_gmt":"2023-10-06T08:24:38","slug":"el-aprendiz-de-farero-9788499889870","status":"publish","type":"product","link":"https:\/\/www.claret.cat\/es\/libro\/el-aprendiz-de-farero-9788499889870\/","title":{"rendered":"EL APRENDIZ DE FARERO"},"content":{"rendered":"<p>En este hermoso y ameno relato conocer\u00e1s la historia de un joven experto en recursos humanos con \u00e9xito profesional que decide dar un vuelco a su vida y aceptar un trabajo en un aislado faro con la acertada intenci\u00f3n de aumentar su bienestar emocional, disfrutar de la vida y ser feliz.<br \/> Joan Pi\u00f1ol y Javier Savin han unido su experiencia en psicolog\u00eda cl\u00ednica y empresarial para crear este entretenido relato salpicado de vivencias, conceptos y t\u00e9cnicas psicol\u00f3gicas (tal y como se hace en consulta terap\u00e9utica) que nos permitir\u00e1n aprender buenos h\u00e1bitos, gesti\u00f3n emocional y ayudarnos a disfrutar de una vida plena y feliz.<\/p>\n","protected":false},"excerpt":{"rendered":"<p>PI\u00d1OL FORCADELL, JOAN \/ SAVIN VALLV\u00c9, JAVIER<\/p>\n","protected":false},"featured_media":56869,"template":"","meta":{"_acf_changed":false,"om_disable_all_campaigns":false,"rs_blank_template":"","rs_page_bg_color":"","slide_template_v7":"","inline_featured_image":false,"_monsterinsights_skip_tracking":false,"_monsterinsights_sitenote_active":false,"_monsterinsights_sitenote_note":"","_monsterinsights_sitenote_category":0},"product_brand":[],"product_cat":[377],"product_tag":[],"class_list":{"0":"post-40326","1":"product","2":"type-product","3":"status-publish","4":"has-post-thumbnail","6":"product_cat-autoayuda-y-salud-mental","8":"first","9":"instock","10":"taxable","11":"shipping-taxable","12":"purchasable","13":"product-type-simple"},"acf":{"autor":"PI\u00d1OL FORCADELL, JOAN \/ SAVIN VALLV\u00c9, JAVIER","codart":"849988987","libros-coleccion":"Psicolog\u00eda","ediciones":"1","encuadernacion":"R\u00fastica","fecha_de_publicacion":"01\/03\/2022","novedad":"1","paginas":"139","subtitulo":"15 CLAVES PARA DISFRUTAR DE LA VIDA","orden":"0","portada":"0","idioma":"spa","editorial":[{"ID":6227,"post_author":"3","post_date":"2022-07-28 17:47:37","post_date_gmt":"2022-07-28 15:47:37","post_content":"","post_title":"Editorial Kair\u00f3s","post_excerpt":"","post_status":"publish","comment_status":"closed","ping_status":"closed","post_password":"","post_name":"editorial-kairos","to_ping":"","pinged":"","post_modified":"2022-07-28 17:47:37","post_modified_gmt":"2022-07-28 15:47:37","post_content_filtered":"","post_parent":0,"guid":"http:\/\/dev.claret.cat\/editorial\/editorial-kairos\/","menu_order":0,"post_type":"editorial","post_mime_type":"","comment_count":"0","filter":"raw"}],"autores-libros":[{"ID":159390,"post_author":"3","post_date":"2022-10-14 15:44:27","post_date_gmt":"2022-10-14 13:44:27","post_content":"","post_title":"JOAN PI\u00d1OL FORCADELL","post_excerpt":"","post_status":"publish","comment_status":"closed","ping_status":"closed","post_password":"","post_name":"joan-pinol-forcadell","to_ping":"","pinged":"","post_modified":"2022-10-14 15:44:27","post_modified_gmt":"2022-10-14 13:44:27","post_content_filtered":"","post_parent":0,"guid":"http:\/\/dev.claret.cat\/autor\/joan-pinol-forcadell\/","menu_order":0,"post_type":"autor","post_mime_type":"","comment_count":"0","filter":"raw"},{"ID":158790,"post_author":"3","post_date":"2022-10-14 15:39:38","post_date_gmt":"2022-10-14 13:39:38","post_content":"","post_title":"JAVIER SAVIN VALLV\u00c9","post_excerpt":"","post_status":"publish","comment_status":"closed","ping_status":"closed","post_password":"","post_name":"javier-savin-vallve","to_ping":"","pinged":"","post_modified":"2022-10-14 15:39:38","post_modified_gmt":"2022-10-14 13:39:38","post_content_filtered":"","post_parent":0,"guid":"http:\/\/dev.claret.cat\/autor\/javier-savin-vallve\/","menu_order":0,"post_type":"autor","post_mime_type":"","comment_count":"0","filter":"raw"}]},"aioseo_notices":[],"_links":{"self":[{"href":"https:\/\/www.claret.cat\/es\/wp-json\/wp\/v2\/product\/40326","targetHints":{"allow":["GET"]}}],"collection":[{"href":"https:\/\/www.claret.cat\/es\/wp-json\/wp\/v2\/product"}],"about":[{"href":"https:\/\/www.claret.cat\/es\/wp-json\/wp\/v2\/types\/product"}],"wp:featuredmedia":[{"embeddable":true,"href":"https:\/\/www.claret.cat\/es\/wp-json\/wp\/v2\/media\/56869"}],"wp:attachment":[{"href":"https:\/\/www.claret.cat\/es\/wp-json\/wp\/v2\/media?parent=40326"}],"wp:term":[{"taxonomy":"product_brand","embeddable":true,"href":"https:\/\/www.claret.cat\/es\/wp-json\/wp\/v2\/product_brand?post=40326"},{"taxonomy":"product_cat","embeddable":true,"href":"https:\/\/www.claret.cat\/es\/wp-json\/wp\/v2\/product_cat?post=40326"},{"taxonomy":"product_tag","embeddable":true,"href":"https:\/\/www.claret.cat\/es\/wp-json\/wp\/v2\/product_tag?post=40326"}],"curies":[{"name":"wp","href":"https:\/\/api.w.org\/{rel}","templated":true}]}}