{"id":403264,"date":"2023-02-27T07:25:45","date_gmt":"2023-02-27T06:25:45","guid":{"rendered":"https:\/\/www.claret.cat\/llibre\/zen-y-cerebro-9788472453012\/"},"modified":"2023-02-27T07:25:50","modified_gmt":"2023-02-27T06:25:50","slug":"zen-y-cerebro-9788472453012","status":"publish","type":"product","link":"https:\/\/www.claret.cat\/es\/libro\/zen-y-cerebro-9788472453012\/","title":{"rendered":"ZEN Y CEREBRO"},"content":{"rendered":"<p>Dos grandes sabios, uno en la tradici\u00f3n oriental del Zen y la conciencia, otro en la tradici\u00f3n occidental de la ciencia experimental, se re\u00fanen en este apasionante libro para dar dos perspectivas complementarias de una misma indagaci\u00f3n.<\/p>\n<p>El cerebro, este gran desconocido; la conciencia, esta zona bloqueada de la evoluci\u00f3n humana; la pr\u00e1ctica del Zen, un camino hacia la libertad. Descubrir la conexi\u00f3n entre Zen y cerebro, es as\u00ed un tema de la m\u00e1s incitante actualidad, la clave para converger hacia una sabidur\u00eda com\u00fan.<\/p>\n<p>El Maestro Deshimaru nos explica c\u00f3mo el ser humano debe arominzar su vida con la vida del cosmos; c\u00f3mo -por poner un ejemplo- es urgente tomar conciencia de la relaci\u00f3n &#8216;energ\u00eda c\u00f3smica-respiraci\u00f3n&#8217;; c\u00f3mo la pr\u00e1ctica del Zazen remite a la meditaci\u00f3n sin movimiento, a la respiraci\u00f3n Zen (nada que ver con la respiraci\u00f3n normal), a la actitud mental (m\u00e1s all\u00e1 de pensamientos y sentimientos), a la superaci\u00f3n del ego.<\/p>\n<p>El doctor Chauchard confirma que el Zen es, tambi\u00e9n, una psicot\u00e9cnica que armoniza el cuerpo con el cosmos. En la prodigiosa complejidad del cerebro humano est\u00e1 la condici\u00f3n material de lo &#8216;espiritual&#8217;. Toda disociaci\u00f3n debe rechazarse. La conciencia es cuerpo, el cuerpo es conciencia. La comuni\u00f3n con el cosmos, base de la filosof\u00eda oriental, resulta ser -desde el punto de vista de la ciencia occidental- una prodigiosa energ\u00eda ascendente, una energ\u00eda de amor.<\/p>\n","protected":false},"excerpt":{"rendered":"<p>DESHIMARU, TAISEN<\/p>\n","protected":false},"featured_media":403265,"template":"","meta":{"_acf_changed":false,"om_disable_all_campaigns":false,"rs_blank_template":"","rs_page_bg_color":"","slide_template_v7":"","inline_featured_image":false,"_monsterinsights_skip_tracking":false,"_monsterinsights_sitenote_active":false,"_monsterinsights_sitenote_note":"","_monsterinsights_sitenote_category":0},"product_brand":[],"product_cat":[90,540],"product_tag":[],"class_list":{"0":"post-403264","1":"product","2":"type-product","3":"status-publish","4":"has-post-thumbnail","6":"product_cat-altres","7":"product_cat-otros","9":"first","10":"instock","11":"taxable","12":"shipping-taxable","13":"purchasable","14":"product-type-simple"},"acf":{"autor":"DESHIMARU, TAISEN","codart":"847245301","libros-coleccion":"FORA DE COL.LECCI\u00d3","ediciones":"1","encuadernacion":"[Vac\u00edo]","fecha_de_publicacion":"01\/09\/1994","novedad":"0","paginas":"0","subtitulo":"","orden":"999","portada":"0","idioma":"spa","editorial":[{"ID":262209,"post_author":"3","post_date":"2022-10-24 11:21:22","post_date_gmt":"2022-10-24 09:21:22","post_content":"","post_title":"KAIROS, S.A.","post_excerpt":"","post_status":"publish","comment_status":"closed","ping_status":"closed","post_password":"","post_name":"kairos-s-a","to_ping":"","pinged":"","post_modified":"2022-10-24 11:21:22","post_modified_gmt":"2022-10-24 09:21:22","post_content_filtered":"","post_parent":0,"guid":"http:\/\/dev.claret.cat\/editorial\/kairos-s-a\/","menu_order":0,"post_type":"editorial","post_mime_type":"","comment_count":"0","filter":"raw"}],"autores-libros":[{"ID":170086,"post_author":"3","post_date":"2022-10-14 22:32:27","post_date_gmt":"2022-10-14 20:32:27","post_content":"","post_title":"TAISEN DESHIMARU","post_excerpt":"","post_status":"publish","comment_status":"closed","ping_status":"closed","post_password":"","post_name":"taisen-deshimaru","to_ping":"","pinged":"","post_modified":"2022-10-14 22:32:27","post_modified_gmt":"2022-10-14 20:32:27","post_content_filtered":"","post_parent":0,"guid":"http:\/\/dev.claret.cat\/autor\/taisen-deshimaru\/","menu_order":0,"post_type":"autor","post_mime_type":"","comment_count":"0","filter":"raw"}]},"aioseo_notices":[],"_links":{"self":[{"href":"https:\/\/www.claret.cat\/es\/wp-json\/wp\/v2\/product\/403264","targetHints":{"allow":["GET"]}}],"collection":[{"href":"https:\/\/www.claret.cat\/es\/wp-json\/wp\/v2\/product"}],"about":[{"href":"https:\/\/www.claret.cat\/es\/wp-json\/wp\/v2\/types\/product"}],"wp:featuredmedia":[{"embeddable":true,"href":"https:\/\/www.claret.cat\/es\/wp-json\/wp\/v2\/media\/403265"}],"wp:attachment":[{"href":"https:\/\/www.claret.cat\/es\/wp-json\/wp\/v2\/media?parent=403264"}],"wp:term":[{"taxonomy":"product_brand","embeddable":true,"href":"https:\/\/www.claret.cat\/es\/wp-json\/wp\/v2\/product_brand?post=403264"},{"taxonomy":"product_cat","embeddable":true,"href":"https:\/\/www.claret.cat\/es\/wp-json\/wp\/v2\/product_cat?post=403264"},{"taxonomy":"product_tag","embeddable":true,"href":"https:\/\/www.claret.cat\/es\/wp-json\/wp\/v2\/product_tag?post=403264"}],"curies":[{"name":"wp","href":"https:\/\/api.w.org\/{rel}","templated":true}]}}