{"id":403273,"date":"2023-02-27T07:26:15","date_gmt":"2023-02-27T06:26:15","guid":{"rendered":"https:\/\/www.claret.cat\/llibre\/psicologia-integral-9788472453111\/"},"modified":"2023-02-27T07:26:21","modified_gmt":"2023-02-27T06:26:21","slug":"psicologia-integral-9788472453111","status":"publish","type":"product","link":"https:\/\/www.claret.cat\/es\/libro\/psicologia-integral-9788472453111\/","title":{"rendered":"PSICOLOGIA INTEGRAL"},"content":{"rendered":"<p>El modelo de la conciencia de Ken Wilber es ya famoso en todo el mundo. En Psicolog\u00eda integral, el autor nos ofrece la mejor s\u00edntesis de este modelo, su visi\u00f3n de la totalidad del espectro del crecimiento y del desarrollo humano.<br \/>Este crecimiento y desarrollo discurre a trav\u00e9s de nueve niveles: tres en el campo pre-personal, tres en el personal, tres en el transpersonal. Todo el sistema del Self se va desarrollando paulatinamente. En cada nivel pueden aflorar sus espec\u00edficas patolog\u00edas. Cada patolog\u00eda requiere un tipo de tratamiento.<br \/>Escrito con brillantez y concisi\u00f3n, Psicolog\u00eda integral explica tambi\u00e9n la conexi\u00f3n del modelo wilberiano con los m\u00e1s recientes hallazgos de la psicolog\u00eda del ego y de la psiquiatr\u00eda cl\u00e1sica. Igualmente se discute sobre la naturaleza del narcisismo en la psicoterapia de la meditaci\u00f3n a la luz del modelo espectral de la conciencia.<\/p>\n","protected":false},"excerpt":{"rendered":"<p>WILBER, KEN<\/p>\n","protected":false},"featured_media":403274,"template":"","meta":{"_acf_changed":false,"om_disable_all_campaigns":false,"rs_blank_template":"","rs_page_bg_color":"","slide_template_v7":"","inline_featured_image":false,"_monsterinsights_skip_tracking":false,"_monsterinsights_sitenote_active":false,"_monsterinsights_sitenote_note":"","_monsterinsights_sitenote_category":0},"product_brand":[],"product_cat":[90,540],"product_tag":[],"class_list":{"0":"post-403273","1":"product","2":"type-product","3":"status-publish","4":"has-post-thumbnail","6":"product_cat-altres","7":"product_cat-otros","9":"first","10":"instock","11":"taxable","12":"shipping-taxable","13":"purchasable","14":"product-type-simple"},"acf":{"autor":"WILBER, KEN","codart":"847245311","libros-coleccion":"FORA DE COL.LECCI\u00d3","ediciones":"1","encuadernacion":"[Vac\u00edo]","fecha_de_publicacion":"01\/06\/2004","novedad":"0","paginas":"178","subtitulo":"","orden":"999","portada":"0","idioma":"spa","editorial":[{"ID":262209,"post_author":"3","post_date":"2022-10-24 11:21:22","post_date_gmt":"2022-10-24 09:21:22","post_content":"","post_title":"KAIROS, S.A.","post_excerpt":"","post_status":"publish","comment_status":"closed","ping_status":"closed","post_password":"","post_name":"kairos-s-a","to_ping":"","pinged":"","post_modified":"2022-10-24 11:21:22","post_modified_gmt":"2022-10-24 09:21:22","post_content_filtered":"","post_parent":0,"guid":"http:\/\/dev.claret.cat\/editorial\/kairos-s-a\/","menu_order":0,"post_type":"editorial","post_mime_type":"","comment_count":"0","filter":"raw"}],"autores-libros":[{"ID":403223,"post_author":"3","post_date":"2023-02-27 07:23:15","post_date_gmt":"2023-02-27 06:23:15","post_content":"","post_title":"KEN WILBER","post_excerpt":"","post_status":"publish","comment_status":"closed","ping_status":"closed","post_password":"","post_name":"ken-wilber","to_ping":"","pinged":"","post_modified":"2023-02-27 07:23:15","post_modified_gmt":"2023-02-27 06:23:15","post_content_filtered":"","post_parent":0,"guid":"https:\/\/www.claret.cat\/autor\/ken-wilber\/","menu_order":0,"post_type":"autor","post_mime_type":"","comment_count":"0","filter":"raw"}]},"aioseo_notices":[],"_links":{"self":[{"href":"https:\/\/www.claret.cat\/es\/wp-json\/wp\/v2\/product\/403273","targetHints":{"allow":["GET"]}}],"collection":[{"href":"https:\/\/www.claret.cat\/es\/wp-json\/wp\/v2\/product"}],"about":[{"href":"https:\/\/www.claret.cat\/es\/wp-json\/wp\/v2\/types\/product"}],"wp:featuredmedia":[{"embeddable":true,"href":"https:\/\/www.claret.cat\/es\/wp-json\/wp\/v2\/media\/403274"}],"wp:attachment":[{"href":"https:\/\/www.claret.cat\/es\/wp-json\/wp\/v2\/media?parent=403273"}],"wp:term":[{"taxonomy":"product_brand","embeddable":true,"href":"https:\/\/www.claret.cat\/es\/wp-json\/wp\/v2\/product_brand?post=403273"},{"taxonomy":"product_cat","embeddable":true,"href":"https:\/\/www.claret.cat\/es\/wp-json\/wp\/v2\/product_cat?post=403273"},{"taxonomy":"product_tag","embeddable":true,"href":"https:\/\/www.claret.cat\/es\/wp-json\/wp\/v2\/product_tag?post=403273"}],"curies":[{"name":"wp","href":"https:\/\/api.w.org\/{rel}","templated":true}]}}