{"id":403304,"date":"2023-02-27T07:28:07","date_gmt":"2023-02-27T06:28:07","guid":{"rendered":"https:\/\/www.claret.cat\/llibre\/el-ojo-del-espiritu-9788472453937\/"},"modified":"2023-02-27T07:28:13","modified_gmt":"2023-02-27T06:28:13","slug":"el-ojo-del-espiritu-9788472453937","status":"publish","type":"product","link":"https:\/\/www.claret.cat\/es\/libro\/el-ojo-del-espiritu-9788472453937\/","title":{"rendered":"EL OJO DEL ESPIRITU"},"content":{"rendered":"<p>\u00bfQu\u00e9 aspecto tendr\u00eda una cultura verdaderamente integral, una cultura que incluyera cuerpo, mente, alma y esp\u00edritu?<br \/>En este innovador El ojo del esp\u00edritu, Ken Wilber utiliza su mundialmente reconocido modelo de la conciencia para reescribir por completo el enfoque sobre unas disciplinas tan importantes como la psicolog\u00eda, la espiritualidad, la antropolog\u00eda, los estudios culturales, la teor\u00eda del arte y la teor\u00eda literaria, la ecolog\u00eda, el feminismo y la transformaci\u00f3n planetaria. \u00bfQu\u00e9 aspecto tendr\u00edan cada uno de estos campos si acept\u00e1ramos de todo coraz\u00f3n la existencia, no s\u00f3lo del cuerpo y de la mente, sino tambi\u00e9n del alma y del esp\u00edritu?<br \/>Con un gesto integrador sorprendente, Wilber teje todos estos fragmentos en una convincente y s\u00f3lida visi\u00f3n del mundo moderno y postmoderno.<\/p>\n","protected":false},"excerpt":{"rendered":"<p>WILBER, KEN<\/p>\n","protected":false},"featured_media":403305,"template":"","meta":{"_acf_changed":false,"om_disable_all_campaigns":false,"rs_blank_template":"","rs_page_bg_color":"","slide_template_v7":"","inline_featured_image":false,"_monsterinsights_skip_tracking":false,"_monsterinsights_sitenote_active":false,"_monsterinsights_sitenote_note":"","_monsterinsights_sitenote_category":0},"product_brand":[],"product_cat":[90,540],"product_tag":[],"class_list":{"0":"post-403304","1":"product","2":"type-product","3":"status-publish","4":"has-post-thumbnail","6":"product_cat-altres","7":"product_cat-otros","9":"first","10":"instock","11":"taxable","12":"shipping-taxable","13":"purchasable","14":"product-type-simple"},"acf":{"autor":"WILBER, KEN","codart":"847245393","libros-coleccion":"FORA DE COL.LECCI\u00d3","ediciones":"1","encuadernacion":"[Vac\u00edo]","fecha_de_publicacion":"01\/06\/1998","novedad":"0","paginas":"0","subtitulo":"","orden":"999","portada":"0","idioma":"spa","editorial":[{"ID":262209,"post_author":"3","post_date":"2022-10-24 11:21:22","post_date_gmt":"2022-10-24 09:21:22","post_content":"","post_title":"KAIROS, S.A.","post_excerpt":"","post_status":"publish","comment_status":"closed","ping_status":"closed","post_password":"","post_name":"kairos-s-a","to_ping":"","pinged":"","post_modified":"2022-10-24 11:21:22","post_modified_gmt":"2022-10-24 09:21:22","post_content_filtered":"","post_parent":0,"guid":"http:\/\/dev.claret.cat\/editorial\/kairos-s-a\/","menu_order":0,"post_type":"editorial","post_mime_type":"","comment_count":"0","filter":"raw"}],"autores-libros":[{"ID":403223,"post_author":"3","post_date":"2023-02-27 07:23:15","post_date_gmt":"2023-02-27 06:23:15","post_content":"","post_title":"KEN WILBER","post_excerpt":"","post_status":"publish","comment_status":"closed","ping_status":"closed","post_password":"","post_name":"ken-wilber","to_ping":"","pinged":"","post_modified":"2023-02-27 07:23:15","post_modified_gmt":"2023-02-27 06:23:15","post_content_filtered":"","post_parent":0,"guid":"https:\/\/www.claret.cat\/autor\/ken-wilber\/","menu_order":0,"post_type":"autor","post_mime_type":"","comment_count":"0","filter":"raw"}]},"aioseo_notices":[],"_links":{"self":[{"href":"https:\/\/www.claret.cat\/es\/wp-json\/wp\/v2\/product\/403304","targetHints":{"allow":["GET"]}}],"collection":[{"href":"https:\/\/www.claret.cat\/es\/wp-json\/wp\/v2\/product"}],"about":[{"href":"https:\/\/www.claret.cat\/es\/wp-json\/wp\/v2\/types\/product"}],"wp:featuredmedia":[{"embeddable":true,"href":"https:\/\/www.claret.cat\/es\/wp-json\/wp\/v2\/media\/403305"}],"wp:attachment":[{"href":"https:\/\/www.claret.cat\/es\/wp-json\/wp\/v2\/media?parent=403304"}],"wp:term":[{"taxonomy":"product_brand","embeddable":true,"href":"https:\/\/www.claret.cat\/es\/wp-json\/wp\/v2\/product_brand?post=403304"},{"taxonomy":"product_cat","embeddable":true,"href":"https:\/\/www.claret.cat\/es\/wp-json\/wp\/v2\/product_cat?post=403304"},{"taxonomy":"product_tag","embeddable":true,"href":"https:\/\/www.claret.cat\/es\/wp-json\/wp\/v2\/product_tag?post=403304"}],"curies":[{"name":"wp","href":"https:\/\/api.w.org\/{rel}","templated":true}]}}