{"id":403307,"date":"2023-02-27T07:28:18","date_gmt":"2023-02-27T06:28:18","guid":{"rendered":"https:\/\/www.claret.cat\/llibre\/diario-9788472454385\/"},"modified":"2023-02-27T07:28:23","modified_gmt":"2023-02-27T06:28:23","slug":"diario-9788472454385","status":"publish","type":"product","link":"https:\/\/www.claret.cat\/es\/libro\/diario-9788472454385\/","title":{"rendered":"DIARIO"},"content":{"rendered":"<p>Ken Wilber ha escrito abundantemente sobre la vida interior, la meditaci\u00f3n o la psicoterapia, convirti\u00e9ndose en uno de los referentes fundamentales de la nueva espiritualidad y de la psicolog\u00eda transpersonal. Como era previsible, su carisma personal y la solidez de sus ideas han despertado una enorme curiosidad e inter\u00e9s por su trayectoria y su vida personal.<br \/>Este Diario de Ken Wilber permite una incursi\u00f3n sin precedentes en su mundo privado. Wilber habla desenfadadamente de sus experiencias m\u00e1s cotidianas; ofrece informaci\u00f3n detallada sobre su propia pr\u00e1ctica espiritual y recomendaciones viarias dirigidas a los lectores. Incluye tambi\u00e9n correspondencia con maestros espirituales; y hasta una amena cr\u00f3nica de la redacci\u00f3n y publicaci\u00f3n de su libro Ciencia y religi\u00f3n (tambi\u00e9n publicado por Kair\u00f3s). Al mismo tiempo, el Diario es mucho m\u00e1s que un anecdotario personal. La obra viene salpicada de interesant\u00edsimas reflexiones sobre su trabajo y sobre el de destacados intelectuales y terapeutas en el campo de la psicolog\u00eda transpersonal. Aporta material in\u00e9dito tomado de seminarios impartidos en Colorado; observaciones cr\u00edticas sobre distintos movimientos espirituales, desde la ecopsicolog\u00eda y el an\u00e1lisis junguiano hasta la Nueva Era; breves ensayos te\u00f3ricos sobre el arte, el feminismo, la espiritualidad y la psicoterapia. En suma, el Diario de Ken Wilber representa una forma amena y did\u00e1ctica de penetrar en el no siempre bien entendido mundo de la espiritualidad, la psicolog\u00eda profunda y la m\u00edstica.<\/p>\n","protected":false},"excerpt":{"rendered":"<p>WILBER, KEN<\/p>\n","protected":false},"featured_media":403308,"template":"","meta":{"_acf_changed":false,"om_disable_all_campaigns":false,"rs_blank_template":"","rs_page_bg_color":"","slide_template_v7":"","inline_featured_image":false,"_monsterinsights_skip_tracking":false,"_monsterinsights_sitenote_active":false,"_monsterinsights_sitenote_note":"","_monsterinsights_sitenote_category":0},"product_brand":[],"product_cat":[90,540],"product_tag":[],"class_list":{"0":"post-403307","1":"product","2":"type-product","3":"status-publish","4":"has-post-thumbnail","6":"product_cat-altres","7":"product_cat-otros","9":"first","10":"instock","11":"taxable","12":"shipping-taxable","13":"purchasable","14":"product-type-simple"},"acf":{"autor":"WILBER, KEN","codart":"847245438","libros-coleccion":"FORA DE COL.LECCI\u00d3","ediciones":"1","encuadernacion":"R\u00fastica","fecha_de_publicacion":"01\/02\/2000","novedad":"0","paginas":"408","subtitulo":"","orden":"999","portada":"0","idioma":"spa","editorial":[{"ID":262209,"post_author":"3","post_date":"2022-10-24 11:21:22","post_date_gmt":"2022-10-24 09:21:22","post_content":"","post_title":"KAIROS, S.A.","post_excerpt":"","post_status":"publish","comment_status":"closed","ping_status":"closed","post_password":"","post_name":"kairos-s-a","to_ping":"","pinged":"","post_modified":"2022-10-24 11:21:22","post_modified_gmt":"2022-10-24 09:21:22","post_content_filtered":"","post_parent":0,"guid":"http:\/\/dev.claret.cat\/editorial\/kairos-s-a\/","menu_order":0,"post_type":"editorial","post_mime_type":"","comment_count":"0","filter":"raw"}],"autores-libros":[{"ID":403223,"post_author":"3","post_date":"2023-02-27 07:23:15","post_date_gmt":"2023-02-27 06:23:15","post_content":"","post_title":"KEN WILBER","post_excerpt":"","post_status":"publish","comment_status":"closed","ping_status":"closed","post_password":"","post_name":"ken-wilber","to_ping":"","pinged":"","post_modified":"2023-02-27 07:23:15","post_modified_gmt":"2023-02-27 06:23:15","post_content_filtered":"","post_parent":0,"guid":"https:\/\/www.claret.cat\/autor\/ken-wilber\/","menu_order":0,"post_type":"autor","post_mime_type":"","comment_count":"0","filter":"raw"}]},"aioseo_notices":[],"_links":{"self":[{"href":"https:\/\/www.claret.cat\/es\/wp-json\/wp\/v2\/product\/403307","targetHints":{"allow":["GET"]}}],"collection":[{"href":"https:\/\/www.claret.cat\/es\/wp-json\/wp\/v2\/product"}],"about":[{"href":"https:\/\/www.claret.cat\/es\/wp-json\/wp\/v2\/types\/product"}],"wp:featuredmedia":[{"embeddable":true,"href":"https:\/\/www.claret.cat\/es\/wp-json\/wp\/v2\/media\/403308"}],"wp:attachment":[{"href":"https:\/\/www.claret.cat\/es\/wp-json\/wp\/v2\/media?parent=403307"}],"wp:term":[{"taxonomy":"product_brand","embeddable":true,"href":"https:\/\/www.claret.cat\/es\/wp-json\/wp\/v2\/product_brand?post=403307"},{"taxonomy":"product_cat","embeddable":true,"href":"https:\/\/www.claret.cat\/es\/wp-json\/wp\/v2\/product_cat?post=403307"},{"taxonomy":"product_tag","embeddable":true,"href":"https:\/\/www.claret.cat\/es\/wp-json\/wp\/v2\/product_tag?post=403307"}],"curies":[{"name":"wp","href":"https:\/\/api.w.org\/{rel}","templated":true}]}}