{"id":403314,"date":"2023-02-27T07:28:45","date_gmt":"2023-02-27T06:28:45","guid":{"rendered":"https:\/\/www.claret.cat\/llibre\/taoismo-9788472454538\/"},"modified":"2024-09-23T18:50:34","modified_gmt":"2024-09-23T16:50:34","slug":"taoismo-9788472454538","status":"publish","type":"product","link":"https:\/\/www.claret.cat\/es\/libro\/taoismo-9788472454538\/","title":{"rendered":"TAOISMO"},"content":{"rendered":"<p>\u00c9ste no es un libro m\u00e1s sobre tao\u00edsmo. Es el resultado de unas apasionantes charlas que Alan Watts dirigi\u00f3 a un p\u00fablico de lo m\u00e1s diverso pero unido por un mismo inter\u00e9s: el pensamiento oriental, la naturaleza, la salud integral, la contracultura&#8230; De ah\u00ed la sencillez y claridad de las explicaciones aqu\u00ed recogidas. En Tao\u00edsmo, Alan Watts prosigue la exploraci\u00f3n que ya iniciara en su libro El camino del Tao, y nos invita a una mayor profundizaci\u00f3n. As\u00ed, nos propone la relajaci\u00f3n (centr\u00e1ndose en la respiraci\u00f3n) y olvidar todo lo que sabemos para vivir sin ning\u00fan prejuicio una nueva espontaneidad y una nueva manera de entender el mundo. Se trata de una invitaci\u00f3n a alcanzar la verdadera libertad: conocernos mejor a nosotros mismos y entrar en armon\u00eda con el Universo. Utilizando las palabras de Alan Watts: El mundo real est\u00e1 ah\u00ed, delante de ti y dentro de ti, y t\u00fa descubrir\u00e1s que yo no puedo decirte nada que no supieras realmente . Pero, aunque todos tenemos esta sabidur\u00eda latente en nuestro interior, necesitamos la ayuda de buenos gu\u00edas para encontrar nuestro propio camino. Y Alan Watts es uno de los mejore<\/p>\n","protected":false},"excerpt":{"rendered":"<p>WATTS, ALAN<\/p>\n","protected":false},"featured_media":403315,"template":"","meta":{"_acf_changed":false,"om_disable_all_campaigns":false,"rs_blank_template":"","rs_page_bg_color":"","slide_template_v7":"","inline_featured_image":false,"_monsterinsights_skip_tracking":false,"_monsterinsights_sitenote_active":false,"_monsterinsights_sitenote_note":"","_monsterinsights_sitenote_category":0},"product_brand":[],"product_cat":[90,540],"product_tag":[],"class_list":{"0":"post-403314","1":"product","2":"type-product","3":"status-publish","4":"has-post-thumbnail","6":"product_cat-altres","7":"product_cat-otros","9":"first","10":"instock","11":"taxable","12":"shipping-taxable","13":"purchasable","14":"product-type-simple"},"acf":{"autor":"WATTS, ALAN","codart":"847245453","libros-coleccion":"FORA DE COL.LECCI\u00d3","ediciones":"1","encuadernacion":"R\u00fastica","fecha_de_publicacion":"01\/11\/1999","novedad":"0","paginas":"132","subtitulo":"","orden":"999","portada":"0","idioma":"spa","editorial":[{"ID":262209,"post_author":"3","post_date":"2022-10-24 11:21:22","post_date_gmt":"2022-10-24 09:21:22","post_content":"","post_title":"KAIROS, S.A.","post_excerpt":"","post_status":"publish","comment_status":"closed","ping_status":"closed","post_password":"","post_name":"kairos-s-a","to_ping":"","pinged":"","post_modified":"2022-10-24 11:21:22","post_modified_gmt":"2022-10-24 09:21:22","post_content_filtered":"","post_parent":0,"guid":"http:\/\/dev.claret.cat\/editorial\/kairos-s-a\/","menu_order":0,"post_type":"editorial","post_mime_type":"","comment_count":"0","filter":"raw"}],"autores-libros":[{"ID":149364,"post_author":"3","post_date":"2022-10-14 14:24:16","post_date_gmt":"2022-10-14 12:24:16","post_content":"","post_title":"ALAN WATTS","post_excerpt":"","post_status":"publish","comment_status":"closed","ping_status":"closed","post_password":"","post_name":"alan-watts","to_ping":"","pinged":"","post_modified":"2022-10-14 14:24:16","post_modified_gmt":"2022-10-14 12:24:16","post_content_filtered":"","post_parent":0,"guid":"http:\/\/dev.claret.cat\/autor\/alan-watts\/","menu_order":0,"post_type":"autor","post_mime_type":"","comment_count":"0","filter":"raw"}]},"aioseo_notices":[],"_links":{"self":[{"href":"https:\/\/www.claret.cat\/es\/wp-json\/wp\/v2\/product\/403314","targetHints":{"allow":["GET"]}}],"collection":[{"href":"https:\/\/www.claret.cat\/es\/wp-json\/wp\/v2\/product"}],"about":[{"href":"https:\/\/www.claret.cat\/es\/wp-json\/wp\/v2\/types\/product"}],"wp:featuredmedia":[{"embeddable":true,"href":"https:\/\/www.claret.cat\/es\/wp-json\/wp\/v2\/media\/403315"}],"wp:attachment":[{"href":"https:\/\/www.claret.cat\/es\/wp-json\/wp\/v2\/media?parent=403314"}],"wp:term":[{"taxonomy":"product_brand","embeddable":true,"href":"https:\/\/www.claret.cat\/es\/wp-json\/wp\/v2\/product_brand?post=403314"},{"taxonomy":"product_cat","embeddable":true,"href":"https:\/\/www.claret.cat\/es\/wp-json\/wp\/v2\/product_cat?post=403314"},{"taxonomy":"product_tag","embeddable":true,"href":"https:\/\/www.claret.cat\/es\/wp-json\/wp\/v2\/product_tag?post=403314"}],"curies":[{"name":"wp","href":"https:\/\/api.w.org\/{rel}","templated":true}]}}