{"id":403372,"date":"2023-02-27T07:32:19","date_gmt":"2023-02-27T06:32:19","guid":{"rendered":"https:\/\/www.claret.cat\/llibre\/la-vision-integral-9788472456815\/"},"modified":"2023-02-27T07:32:24","modified_gmt":"2023-02-27T06:32:24","slug":"la-vision-integral-9788472456815","status":"publish","type":"product","link":"https:\/\/www.claret.cat\/es\/libro\/la-vision-integral-9788472456815\/","title":{"rendered":"LA VISION INTEGRAL"},"content":{"rendered":"<p>La presente obra es el resultado del exhaustivo an\u00e1lisis que Ken Wilber ha realizado de las grandes culturas del mundo, partiendo desde las sabidur\u00edas ancestrales y llegando hasta los \u00faltimos descubrimientos en ciencia cognitiva. Una vez identificados los nexos fundamentales entre todos sus aportes, Wilber ha logrado integrar los diversos modelos que explican el desarrollo humano en un nuevo mapa global.<br \/>La visi\u00f3n integral sintetiza el funcionamiento de dicho mapa del potencial humano, una herramienta que permite hacer uso de todos los recursos disponibles actualmente para enfrentar cualquier situaci\u00f3n, ya sea en el \u00e1mbito de la empresa, las relaciones personales o la vida cotidiana en general. Se trata, en definitiva, de un enfoque integral que aprovecha los distintos conocimientos generados a lo largo de la Historia y desde diferentes perspectivas.<\/p>\n","protected":false},"excerpt":{"rendered":"<p>WILBER, KEN<\/p>\n","protected":false},"featured_media":403373,"template":"","meta":{"_acf_changed":false,"om_disable_all_campaigns":false,"rs_blank_template":"","rs_page_bg_color":"","slide_template_v7":"","inline_featured_image":false,"_monsterinsights_skip_tracking":false,"_monsterinsights_sitenote_active":false,"_monsterinsights_sitenote_note":"","_monsterinsights_sitenote_category":0},"product_brand":[],"product_cat":[90,540],"product_tag":[],"class_list":{"0":"post-403372","1":"product","2":"type-product","3":"status-publish","4":"has-post-thumbnail","6":"product_cat-altres","7":"product_cat-otros","9":"first","10":"instock","11":"taxable","12":"shipping-taxable","13":"purchasable","14":"product-type-simple"},"acf":{"autor":"WILBER, KEN","codart":"847245681","libros-coleccion":"","ediciones":"1","encuadernacion":"R\u00fastica","fecha_de_publicacion":"01\/09\/2008","novedad":"0","paginas":"160","subtitulo":"INTRODUCCION AL REVOLUCIONARIO ENFOQUE SOBRE LA VIDA, DIOS Y EL UNIVERSO","orden":"999","portada":"0","idioma":"spa","editorial":[{"ID":262209,"post_author":"3","post_date":"2022-10-24 11:21:22","post_date_gmt":"2022-10-24 09:21:22","post_content":"","post_title":"KAIROS, S.A.","post_excerpt":"","post_status":"publish","comment_status":"closed","ping_status":"closed","post_password":"","post_name":"kairos-s-a","to_ping":"","pinged":"","post_modified":"2022-10-24 11:21:22","post_modified_gmt":"2022-10-24 09:21:22","post_content_filtered":"","post_parent":0,"guid":"http:\/\/dev.claret.cat\/editorial\/kairos-s-a\/","menu_order":0,"post_type":"editorial","post_mime_type":"","comment_count":"0","filter":"raw"}],"autores-libros":[{"ID":403223,"post_author":"3","post_date":"2023-02-27 07:23:15","post_date_gmt":"2023-02-27 06:23:15","post_content":"","post_title":"KEN WILBER","post_excerpt":"","post_status":"publish","comment_status":"closed","ping_status":"closed","post_password":"","post_name":"ken-wilber","to_ping":"","pinged":"","post_modified":"2023-02-27 07:23:15","post_modified_gmt":"2023-02-27 06:23:15","post_content_filtered":"","post_parent":0,"guid":"https:\/\/www.claret.cat\/autor\/ken-wilber\/","menu_order":0,"post_type":"autor","post_mime_type":"","comment_count":"0","filter":"raw"}]},"aioseo_notices":[],"_links":{"self":[{"href":"https:\/\/www.claret.cat\/es\/wp-json\/wp\/v2\/product\/403372","targetHints":{"allow":["GET"]}}],"collection":[{"href":"https:\/\/www.claret.cat\/es\/wp-json\/wp\/v2\/product"}],"about":[{"href":"https:\/\/www.claret.cat\/es\/wp-json\/wp\/v2\/types\/product"}],"wp:featuredmedia":[{"embeddable":true,"href":"https:\/\/www.claret.cat\/es\/wp-json\/wp\/v2\/media\/403373"}],"wp:attachment":[{"href":"https:\/\/www.claret.cat\/es\/wp-json\/wp\/v2\/media?parent=403372"}],"wp:term":[{"taxonomy":"product_brand","embeddable":true,"href":"https:\/\/www.claret.cat\/es\/wp-json\/wp\/v2\/product_brand?post=403372"},{"taxonomy":"product_cat","embeddable":true,"href":"https:\/\/www.claret.cat\/es\/wp-json\/wp\/v2\/product_cat?post=403372"},{"taxonomy":"product_tag","embeddable":true,"href":"https:\/\/www.claret.cat\/es\/wp-json\/wp\/v2\/product_tag?post=403372"}],"curies":[{"name":"wp","href":"https:\/\/api.w.org\/{rel}","templated":true}]}}