{"id":403491,"date":"2023-02-27T07:39:11","date_gmt":"2023-02-27T06:39:11","guid":{"rendered":"https:\/\/www.claret.cat\/llibre\/quien-debe-a-quien-9788474264609\/"},"modified":"2024-07-09T19:17:45","modified_gmt":"2024-07-09T17:17:45","slug":"quien-debe-a-quien-9788474264609","status":"publish","type":"product","link":"https:\/\/www.claret.cat\/es\/libro\/quien-debe-a-quien-9788474264609\/","title":{"rendered":"\u00bfQUIEN DEBE A QUIEN?"},"content":{"rendered":"<p>El peso del pago de la Deuda Externa obliga a \u201capretarse el cintur\u00f3n donde muchos tienen ya el est\u00f3mago vac\u00edo\u201d y adem\u00e1s fuerza a una expoliaci\u00f3n creciente de la naturaleza, en perjuicio de la gente que vive directamente de los recursos naturales o que padece la creciente contaminaci\u00f3n por la extracci\u00f3n del petr\u00f3leo, la exportaci\u00f3n de minerales, etc. Su pago, pues, aumenta la Deuda Ecol\u00f3gica del Norte con el Sur, deuda que se explica no \u00fanicamente por el di\u00f3xido de carbono que se emite en exceso, sino tambi\u00e9n por el comercio ecol\u00f3gicamente desigual, por los muchos pasivos ambientales que se han acumulado por las exportaciones masivas. \u00bfC\u00f3mo valorar la p\u00e9rdida de biodiversidad y de autonom\u00eda econ\u00f3mica del Sur?<\/p>\n","protected":false},"excerpt":{"rendered":"<p>MARTINEZ ALIER, JOAN; OLIVERAS, ARCADI<\/p>\n","protected":false},"featured_media":403492,"template":"","meta":{"_acf_changed":false,"om_disable_all_campaigns":false,"rs_blank_template":"","rs_page_bg_color":"","slide_template_v7":"","inline_featured_image":false,"_monsterinsights_skip_tracking":false,"_monsterinsights_sitenote_active":false,"_monsterinsights_sitenote_note":"","_monsterinsights_sitenote_category":0},"product_brand":[],"product_cat":[182,378],"product_tag":[],"class_list":{"0":"post-403491","1":"product","2":"type-product","3":"status-publish","4":"has-post-thumbnail","6":"product_cat-social-i-economica","7":"product_cat-social-y-economica","9":"first","10":"instock","11":"taxable","12":"shipping-taxable","13":"purchasable","14":"product-type-simple"},"acf":{"autor":"MARTINEZ ALIER, JOAN; OLIVERAS, ARCADI","codart":"847426460","libros-coleccion":"FORA DE COL.LECCI\u00d3","ediciones":"1","encuadernacion":"R\u00fastica","fecha_de_publicacion":"01\/03\/2003","novedad":"0","paginas":"118","subtitulo":"","orden":"999","portada":"0","idioma":"spa","editorial":[{"ID":262183,"post_author":"3","post_date":"2022-10-24 11:21:01","post_date_gmt":"2022-10-24 09:21:01","post_content":"","post_title":"ICARIA EDITORIAL, S.A.","post_excerpt":"","post_status":"publish","comment_status":"closed","ping_status":"closed","post_password":"","post_name":"icaria-editorial-s-a","to_ping":"","pinged":"","post_modified":"2022-10-24 11:21:01","post_modified_gmt":"2022-10-24 09:21:01","post_content_filtered":"","post_parent":0,"guid":"http:\/\/dev.claret.cat\/editorial\/icaria-editorial-s-a\/","menu_order":0,"post_type":"editorial","post_mime_type":"","comment_count":"0","filter":"raw"}],"autores-libros":[{"ID":5601,"post_author":"3","post_date":"2022-07-28 17:27:29","post_date_gmt":"2022-07-28 15:27:29","post_content":"","post_title":"JOAN MARTINEZ ALIER","post_excerpt":"","post_status":"publish","comment_status":"closed","ping_status":"closed","post_password":"","post_name":"joan-martinez-alier","to_ping":"","pinged":"","post_modified":"2022-07-28 17:27:29","post_modified_gmt":"2022-07-28 15:27:29","post_content_filtered":"","post_parent":0,"guid":"http:\/\/dev.claret.cat\/autor\/joan-martinez-alier\/","menu_order":0,"post_type":"autor","post_mime_type":"","comment_count":"0","filter":"raw"}]},"aioseo_notices":[],"_links":{"self":[{"href":"https:\/\/www.claret.cat\/es\/wp-json\/wp\/v2\/product\/403491","targetHints":{"allow":["GET"]}}],"collection":[{"href":"https:\/\/www.claret.cat\/es\/wp-json\/wp\/v2\/product"}],"about":[{"href":"https:\/\/www.claret.cat\/es\/wp-json\/wp\/v2\/types\/product"}],"wp:featuredmedia":[{"embeddable":true,"href":"https:\/\/www.claret.cat\/es\/wp-json\/wp\/v2\/media\/403492"}],"wp:attachment":[{"href":"https:\/\/www.claret.cat\/es\/wp-json\/wp\/v2\/media?parent=403491"}],"wp:term":[{"taxonomy":"product_brand","embeddable":true,"href":"https:\/\/www.claret.cat\/es\/wp-json\/wp\/v2\/product_brand?post=403491"},{"taxonomy":"product_cat","embeddable":true,"href":"https:\/\/www.claret.cat\/es\/wp-json\/wp\/v2\/product_cat?post=403491"},{"taxonomy":"product_tag","embeddable":true,"href":"https:\/\/www.claret.cat\/es\/wp-json\/wp\/v2\/product_tag?post=403491"}],"curies":[{"name":"wp","href":"https:\/\/api.w.org\/{rel}","templated":true}]}}