{"id":403508,"date":"2023-02-27T07:40:13","date_gmt":"2023-02-27T06:40:13","guid":{"rendered":"https:\/\/www.claret.cat\/llibre\/sabiduria-de-un-pobre-9788474908145\/"},"modified":"2026-01-02T19:40:41","modified_gmt":"2026-01-02T18:40:41","slug":"sabiduria-de-un-pobre-9788474908145","status":"publish","type":"product","link":"https:\/\/www.claret.cat\/es\/libro\/sabiduria-de-un-pobre-9788474908145\/","title":{"rendered":"SABIDUR\u00cdA DE UN POBRE"},"content":{"rendered":"<p>No hace falta decir que \u00abel pobre\u00bb es san Francisco de As\u00eds y que su \u00absabidur\u00eda\u00bb no es otra cosa que la autenticidad y sencillez evang\u00e9licas, la de los limpios de coraz\u00f3n. Un hijo de Francisco de As\u00eds, el franciscano \u00c9loi Leclerc, nos ofrece en este libro una entra\u00f1able relectura de la \u00absabidur\u00eda\u00bb franciscana, realizada con h\u00e1bito po\u00e9tico y desde una perspectiva totalmente actual. Sabidur\u00eda de un pobre es como unas \u00abflorecillas\u00bb escritas en nuestro siglo, para hombres de nuestra \u00e9poca, pero con la misma autenticidad, sencillez y profundidad con las que vivi\u00f3 el pobre de As\u00eds. Un libro sencillo y profundo, \u00e1gil e intenso, testimonio delicioso del esp\u00edritu franciscano.<\/p>\n","protected":false},"excerpt":{"rendered":"<p>LECLERC, \u00c9LOI<\/p>\n","protected":false},"featured_media":1072472,"template":"","meta":{"_acf_changed":false,"om_disable_all_campaigns":false,"rs_blank_template":"","rs_page_bg_color":"","slide_template_v7":"","inline_featured_image":false,"_monsterinsights_skip_tracking":false,"_monsterinsights_sitenote_active":false,"_monsterinsights_sitenote_note":"","_monsterinsights_sitenote_category":0},"product_brand":[],"product_cat":[78,344],"product_tag":[],"class_list":{"0":"post-403508","1":"product","2":"type-product","3":"status-publish","4":"has-post-thumbnail","6":"product_cat-pastoral","7":"product_cat-pastoral-1_espiritualidad","9":"first","10":"outofstock","11":"taxable","12":"shipping-taxable","13":"purchasable","14":"product-type-simple"},"acf":{"autor":"LECLERC, \u00c9LOI","codart":"847490814","libros-coleccion":"","ediciones":"1","encuadernacion":"R\u00fastica","fecha_de_publicacion":"01\/01\/2007","novedad":"0","paginas":"108","subtitulo":"","orden":"999","portada":"0","idioma":"spa","editorial":[{"ID":148093,"post_author":"3","post_date":"2022-10-14 11:55:35","post_date_gmt":"2022-10-14 09:55:35","post_content":"","post_title":"ENCUENTRO S.A.","post_excerpt":"","post_status":"publish","comment_status":"closed","ping_status":"closed","post_password":"","post_name":"encuentro-s-a","to_ping":"","pinged":"","post_modified":"2022-10-14 11:55:35","post_modified_gmt":"2022-10-14 09:55:35","post_content_filtered":"","post_parent":0,"guid":"http:\/\/dev.claret.cat\/editorial\/encuentro-s-a\/","menu_order":0,"post_type":"editorial","post_mime_type":"","comment_count":"0","filter":"raw"}],"autores-libros":[{"ID":154903,"post_author":"3","post_date":"2022-10-14 15:08:35","post_date_gmt":"2022-10-14 13:08:35","post_content":"","post_title":"ELOI LECLERC","post_excerpt":"","post_status":"publish","comment_status":"closed","ping_status":"closed","post_password":"","post_name":"eloi-leclerc","to_ping":"","pinged":"","post_modified":"2022-10-14 15:08:35","post_modified_gmt":"2022-10-14 13:08:35","post_content_filtered":"","post_parent":0,"guid":"http:\/\/dev.claret.cat\/autor\/eloi-leclerc\/","menu_order":0,"post_type":"autor","post_mime_type":"","comment_count":"0","filter":"raw"}],"booktrailer":"","resenas":""},"aioseo_notices":[],"_links":{"self":[{"href":"https:\/\/www.claret.cat\/es\/wp-json\/wp\/v2\/product\/403508","targetHints":{"allow":["GET"]}}],"collection":[{"href":"https:\/\/www.claret.cat\/es\/wp-json\/wp\/v2\/product"}],"about":[{"href":"https:\/\/www.claret.cat\/es\/wp-json\/wp\/v2\/types\/product"}],"wp:featuredmedia":[{"embeddable":true,"href":"https:\/\/www.claret.cat\/es\/wp-json\/wp\/v2\/media\/1072472"}],"wp:attachment":[{"href":"https:\/\/www.claret.cat\/es\/wp-json\/wp\/v2\/media?parent=403508"}],"wp:term":[{"taxonomy":"product_brand","embeddable":true,"href":"https:\/\/www.claret.cat\/es\/wp-json\/wp\/v2\/product_brand?post=403508"},{"taxonomy":"product_cat","embeddable":true,"href":"https:\/\/www.claret.cat\/es\/wp-json\/wp\/v2\/product_cat?post=403508"},{"taxonomy":"product_tag","embeddable":true,"href":"https:\/\/www.claret.cat\/es\/wp-json\/wp\/v2\/product_tag?post=403508"}],"curies":[{"name":"wp","href":"https:\/\/api.w.org\/{rel}","templated":true}]}}