{"id":403581,"date":"2023-02-27T07:44:18","date_gmt":"2023-02-27T06:44:18","guid":{"rendered":"https:\/\/www.claret.cat\/llibre\/odissea-9788475882598\/"},"modified":"2024-01-31T20:59:24","modified_gmt":"2024-01-31T19:59:24","slug":"odissea-9788475882598","status":"publish","type":"product","link":"https:\/\/www.claret.cat\/es\/libro\/odissea-9788475882598\/","title":{"rendered":"ODISSEA"},"content":{"rendered":"<p>Homer, l&#8217;autor de la Il\u00edada i de l&#8217;Odissea, \u00e9s el pare de la literatura occidental: el principal llegat literari de l&#8217;antiga Gr\u00e8cia. Els 12.000 versos de l&#8217;Odissea, repartits en 24 cants, narren les aventures d&#8217;Ulisses durant l&#8217;accidentat i llargu\u00edssim retorn des de Troia fins a \u00cdtaca, l&#8217;illa on viuen la dona i el fill, esperant-lo, a m\u00e9s d&#8217;un bon nombre d&#8217;aspirants a rellevar-lo en el tron i en el llit nupcial. Episodis tan c\u00e8lebres com la seducci\u00f3 de les sirenes, la lluita amb el gegant Polifem, la visita al m\u00f3n dels morts, la venjan\u00e7a dels pretendents o el retrobament amb Pen\u00e8lope fan que l&#8217;Odissea sigui considerada, amb tota la ra\u00f3, la mare de les novel\u00b7les d&#8217;aventures. Una obra mestra de tots els temps, perfectament travada, plena de bellesa i amena en extrem.Joan F. Mira (Val\u00e8ncia, 1939) \u00e9s autor d&#8217;una obra narrativa i assag\u00edstica de gran import\u00e0ncia, antrop\u00f2leg i professor de grec i cultura cl\u00e0ssica. Ha excel\u00b7lit en la traducci\u00f3 de la Divina Com\u00e8dia, de Dante Alighieri, i dels Evangelis. La seva versi\u00f3 en hex\u00e0metres de l&#8217;Odissea trasllada d&#8217;una manera clara i fidel tota la grandesa, l&#8217;emoci\u00f3 i la vivacitat narrativa de l&#8217;original grec.<\/p>\n","protected":false},"excerpt":{"rendered":"<p>HOMER<\/p>\n","protected":false},"featured_media":403582,"template":"","meta":{"_acf_changed":false,"om_disable_all_campaigns":false,"rs_blank_template":"","rs_page_bg_color":"","slide_template_v7":"","inline_featured_image":false,"_monsterinsights_skip_tracking":false,"_monsterinsights_sitenote_active":false,"_monsterinsights_sitenote_note":"","_monsterinsights_sitenote_category":0},"product_brand":[],"product_cat":[354,123],"product_tag":[],"class_list":{"0":"post-403581","1":"product","2":"type-product","3":"status-publish","4":"has-post-thumbnail","6":"product_cat-clasica","7":"product_cat-classica","9":"first","10":"instock","11":"taxable","12":"shipping-taxable","13":"purchasable","14":"product-type-simple"},"acf":{"autor":"HOMER","codart":"847588259","libros-coleccion":"","ediciones":"1","encuadernacion":"Carton\u00e9","fecha_de_publicacion":"20\/10\/2011","novedad":"0","paginas":"444","subtitulo":"","orden":"999","portada":"0","idioma":"cat","editorial":[{"ID":148696,"post_author":"3","post_date":"2022-10-14 12:00:16","post_date_gmt":"2022-10-14 10:00:16","post_content":"","post_title":"PROA, S.A. EDICIONS","post_excerpt":"","post_status":"publish","comment_status":"closed","ping_status":"closed","post_password":"","post_name":"proa-s-a-edicions","to_ping":"","pinged":"","post_modified":"2022-10-14 12:00:16","post_modified_gmt":"2022-10-14 10:00:16","post_content_filtered":"","post_parent":0,"guid":"http:\/\/dev.claret.cat\/editorial\/proa-s-a-edicions\/","menu_order":0,"post_type":"editorial","post_mime_type":"","comment_count":"0","filter":"raw"}],"autores-libros":[{"ID":5542,"post_author":"3","post_date":"2022-07-28 17:26:13","post_date_gmt":"2022-07-28 15:26:13","post_content":"","post_title":"HOMER","post_excerpt":"","post_status":"publish","comment_status":"closed","ping_status":"closed","post_password":"","post_name":"homer","to_ping":"","pinged":"","post_modified":"2022-07-28 17:26:13","post_modified_gmt":"2022-07-28 15:26:13","post_content_filtered":"","post_parent":0,"guid":"http:\/\/dev.claret.cat\/autor\/homer\/","menu_order":0,"post_type":"autor","post_mime_type":"","comment_count":"0","filter":"raw"}]},"aioseo_notices":[],"_links":{"self":[{"href":"https:\/\/www.claret.cat\/es\/wp-json\/wp\/v2\/product\/403581","targetHints":{"allow":["GET"]}}],"collection":[{"href":"https:\/\/www.claret.cat\/es\/wp-json\/wp\/v2\/product"}],"about":[{"href":"https:\/\/www.claret.cat\/es\/wp-json\/wp\/v2\/types\/product"}],"wp:featuredmedia":[{"embeddable":true,"href":"https:\/\/www.claret.cat\/es\/wp-json\/wp\/v2\/media\/403582"}],"wp:attachment":[{"href":"https:\/\/www.claret.cat\/es\/wp-json\/wp\/v2\/media?parent=403581"}],"wp:term":[{"taxonomy":"product_brand","embeddable":true,"href":"https:\/\/www.claret.cat\/es\/wp-json\/wp\/v2\/product_brand?post=403581"},{"taxonomy":"product_cat","embeddable":true,"href":"https:\/\/www.claret.cat\/es\/wp-json\/wp\/v2\/product_cat?post=403581"},{"taxonomy":"product_tag","embeddable":true,"href":"https:\/\/www.claret.cat\/es\/wp-json\/wp\/v2\/product_tag?post=403581"}],"curies":[{"name":"wp","href":"https:\/\/api.w.org\/{rel}","templated":true}]}}