{"id":403608,"date":"2023-02-27T07:45:49","date_gmt":"2023-02-27T06:45:49","guid":{"rendered":"https:\/\/www.claret.cat\/llibre\/la-narracio-darthur-gordon-pym-9788475887661\/"},"modified":"2024-01-31T20:44:35","modified_gmt":"2024-01-31T19:44:35","slug":"la-narracio-darthur-gordon-pym-9788475887661","status":"publish","type":"product","link":"https:\/\/www.claret.cat\/es\/libro\/la-narracio-darthur-gordon-pym-9788475887661\/","title":{"rendered":"LA NARRACI\u00d3 D&#8217;ARTHUR GORDON PYM"},"content":{"rendered":"<p>Fascinat pels relats d?aventures marineres d?un amic, el jove Arthur Gordon Pym, fill d?un comerciant<br \/>de Nantucket, se sent cridat a embarcar-se com a poliss\u00f3 al balener Grampus, a la<br \/>recerca de l?emoci\u00f3 del mar. No pot imaginar, per\u00f2, els fets terribles que l?esperen, en aquest<br \/>viatge espant\u00f3s cap als mars del Sud i l?inh\u00f2spit oce\u00e0 Ant\u00e0rtic. Dotada d?un ritme implacable<br \/>i amb factura deliberadament popular i, tanmateix, amarada del temperament fosc i opressiu<br \/>de l?autor, La narraci\u00f3 d?Arthur Gordon Pym \u00e9s un cl\u00e0ssic de la novel\u00b7la d?aventures que, a poc<br \/>a poc, com qui cau en un malson, s?endinsa en les aig\u00fces t\u00e8rboles del g\u00e8nere fant\u00e0stic i de<br \/>terror ?tan cars a Edgar Allan Poe?, fins a brindar un dels finals m\u00e9s enigm\u00e0tics i misteriosos<br \/>de tota la hist\u00f2ria de la literatura.<\/p>\n","protected":false},"excerpt":{"rendered":"<p>POE, EDGAR ALLAN<\/p>\n","protected":false},"featured_media":403609,"template":"","meta":{"_acf_changed":false,"om_disable_all_campaigns":false,"rs_blank_template":"","rs_page_bg_color":"","slide_template_v7":"","inline_featured_image":false,"_monsterinsights_skip_tracking":false,"_monsterinsights_sitenote_active":false,"_monsterinsights_sitenote_note":"","_monsterinsights_sitenote_category":0},"product_brand":[],"product_cat":[87,353],"product_tag":[],"class_list":{"0":"post-403608","1":"product","2":"type-product","3":"status-publish","4":"has-post-thumbnail","6":"product_cat-literatura","7":"product_cat-literatura-2_humanidades","9":"first","10":"instock","11":"taxable","12":"shipping-taxable","13":"purchasable","14":"product-type-simple"},"acf":{"autor":"POE, EDGAR ALLAN","codart":"847588766","libros-coleccion":"A TOT VENT-R\u00daST","ediciones":"1","encuadernacion":"Carton\u00e9","fecha_de_publicacion":"01\/06\/2019","novedad":"1","paginas":"299","subtitulo":"","orden":"0","portada":"0","idioma":"cat","editorial":[{"ID":6336,"post_author":"3","post_date":"2022-07-28 17:50:00","post_date_gmt":"2022-07-28 15:50:00","post_content":"","post_title":"Proa","post_excerpt":"","post_status":"publish","comment_status":"closed","ping_status":"closed","post_password":"","post_name":"proa","to_ping":"","pinged":"","post_modified":"2022-07-28 17:50:00","post_modified_gmt":"2022-07-28 15:50:00","post_content_filtered":"","post_parent":0,"guid":"http:\/\/dev.claret.cat\/editorial\/proa\/","menu_order":0,"post_type":"editorial","post_mime_type":"","comment_count":"0","filter":"raw"}],"autores-libros":[{"ID":154484,"post_author":"3","post_date":"2022-10-14 15:05:11","post_date_gmt":"2022-10-14 13:05:11","post_content":"","post_title":"EDGAR ALLAN POE","post_excerpt":"","post_status":"publish","comment_status":"closed","ping_status":"closed","post_password":"","post_name":"edgar-allan-poe-2","to_ping":"","pinged":"","post_modified":"2022-10-14 15:05:11","post_modified_gmt":"2022-10-14 13:05:11","post_content_filtered":"","post_parent":0,"guid":"http:\/\/dev.claret.cat\/autor\/edgar-allan-poe-2\/","menu_order":0,"post_type":"autor","post_mime_type":"","comment_count":"0","filter":"raw"}]},"aioseo_notices":[],"_links":{"self":[{"href":"https:\/\/www.claret.cat\/es\/wp-json\/wp\/v2\/product\/403608","targetHints":{"allow":["GET"]}}],"collection":[{"href":"https:\/\/www.claret.cat\/es\/wp-json\/wp\/v2\/product"}],"about":[{"href":"https:\/\/www.claret.cat\/es\/wp-json\/wp\/v2\/types\/product"}],"wp:featuredmedia":[{"embeddable":true,"href":"https:\/\/www.claret.cat\/es\/wp-json\/wp\/v2\/media\/403609"}],"wp:attachment":[{"href":"https:\/\/www.claret.cat\/es\/wp-json\/wp\/v2\/media?parent=403608"}],"wp:term":[{"taxonomy":"product_brand","embeddable":true,"href":"https:\/\/www.claret.cat\/es\/wp-json\/wp\/v2\/product_brand?post=403608"},{"taxonomy":"product_cat","embeddable":true,"href":"https:\/\/www.claret.cat\/es\/wp-json\/wp\/v2\/product_cat?post=403608"},{"taxonomy":"product_tag","embeddable":true,"href":"https:\/\/www.claret.cat\/es\/wp-json\/wp\/v2\/product_tag?post=403608"}],"curies":[{"name":"wp","href":"https:\/\/api.w.org\/{rel}","templated":true}]}}