{"id":403611,"date":"2023-02-27T07:46:01","date_gmt":"2023-02-27T06:46:01","guid":{"rendered":"https:\/\/www.claret.cat\/llibre\/notredame-de-paris-9788475887814\/"},"modified":"2024-01-31T20:43:30","modified_gmt":"2024-01-31T19:43:30","slug":"notredame-de-paris-9788475887814","status":"publish","type":"product","link":"https:\/\/www.claret.cat\/es\/libro\/notredame-de-paris-9788475887814\/","title":{"rendered":"NOTRE-DAME DE PAR\u00cdS"},"content":{"rendered":"<p>En el Par\u00eds medieval i amb el decorat g\u00f2tic de les torres i galeries de Notre-Dame, Victor Hugo recrea a la llum m\u00e9s tr\u00e0gica del romanticisme la hist\u00f2ria de la bella i la b\u00e8stia, encarnats en la gitana Esmeralda i el campaner geperut Quasimodo. L&#8217;Esmeralda balla pels carrers de Par\u00eds per subsistir, mentre Quasimodo, odiat per la gent a causa de la seva aparen\u00e7a repulsiva, viu recl\u00f2s a Notre-Dame. Els seus destins sembla que no s&#8217;hagin de creuar mai, per\u00f2 el protector del campaner, el sinistre ardiaca de Notre-Dame Claude Frollo, es debat entre els seus vots i una fosca cobejan\u00e7a de l&#8217;Esmeralda.<br \/> Edificada sobre la paraula \u00abfatalitat\u00bb, Notre-Dame de Par\u00eds \u00e9s un monument literari, la novel\u00b7la hist\u00f2rica que va descobrir la catedral de Notre-Dame al m\u00f3n i, amb la creaci\u00f3 del noble i grotesc Quasimodo, va llegar a la literatura un personatge inoblidable.<\/p>\n","protected":false},"excerpt":{"rendered":"<p>HUGO, VICTOR<\/p>\n","protected":false},"featured_media":403612,"template":"","meta":{"_acf_changed":false,"om_disable_all_campaigns":false,"rs_blank_template":"","rs_page_bg_color":"","slide_template_v7":"","inline_featured_image":false,"_monsterinsights_skip_tracking":false,"_monsterinsights_sitenote_active":false,"_monsterinsights_sitenote_note":"","_monsterinsights_sitenote_category":0},"product_brand":[],"product_cat":[87,353],"product_tag":[],"class_list":{"0":"post-403611","1":"product","2":"type-product","3":"status-publish","4":"has-post-thumbnail","6":"product_cat-literatura","7":"product_cat-literatura-2_humanidades","9":"first","10":"instock","11":"taxable","12":"shipping-taxable","13":"purchasable","14":"product-type-simple"},"acf":{"autor":"HUGO, VICTOR","codart":"847588781","libros-coleccion":"A TOT VENT-R\u00daST","ediciones":"1","encuadernacion":"R\u00fastica","fecha_de_publicacion":"01\/06\/2019","novedad":"1","paginas":"640","subtitulo":"","orden":"0","portada":"0","idioma":"cat","editorial":[{"ID":6336,"post_author":"3","post_date":"2022-07-28 17:50:00","post_date_gmt":"2022-07-28 15:50:00","post_content":"","post_title":"Proa","post_excerpt":"","post_status":"publish","comment_status":"closed","ping_status":"closed","post_password":"","post_name":"proa","to_ping":"","pinged":"","post_modified":"2022-07-28 17:50:00","post_modified_gmt":"2022-07-28 15:50:00","post_content_filtered":"","post_parent":0,"guid":"http:\/\/dev.claret.cat\/editorial\/proa\/","menu_order":0,"post_type":"editorial","post_mime_type":"","comment_count":"0","filter":"raw"}],"autores-libros":[{"ID":171016,"post_author":"3","post_date":"2022-10-14 22:40:00","post_date_gmt":"2022-10-14 20:40:00","post_content":"","post_title":"VICTOR HUGO","post_excerpt":"","post_status":"publish","comment_status":"closed","ping_status":"closed","post_password":"","post_name":"victor-hugo-2","to_ping":"","pinged":"","post_modified":"2022-10-14 22:40:00","post_modified_gmt":"2022-10-14 20:40:00","post_content_filtered":"","post_parent":0,"guid":"http:\/\/dev.claret.cat\/autor\/victor-hugo-2\/","menu_order":0,"post_type":"autor","post_mime_type":"","comment_count":"0","filter":"raw"}]},"aioseo_notices":[],"_links":{"self":[{"href":"https:\/\/www.claret.cat\/es\/wp-json\/wp\/v2\/product\/403611","targetHints":{"allow":["GET"]}}],"collection":[{"href":"https:\/\/www.claret.cat\/es\/wp-json\/wp\/v2\/product"}],"about":[{"href":"https:\/\/www.claret.cat\/es\/wp-json\/wp\/v2\/types\/product"}],"wp:featuredmedia":[{"embeddable":true,"href":"https:\/\/www.claret.cat\/es\/wp-json\/wp\/v2\/media\/403612"}],"wp:attachment":[{"href":"https:\/\/www.claret.cat\/es\/wp-json\/wp\/v2\/media?parent=403611"}],"wp:term":[{"taxonomy":"product_brand","embeddable":true,"href":"https:\/\/www.claret.cat\/es\/wp-json\/wp\/v2\/product_brand?post=403611"},{"taxonomy":"product_cat","embeddable":true,"href":"https:\/\/www.claret.cat\/es\/wp-json\/wp\/v2\/product_cat?post=403611"},{"taxonomy":"product_tag","embeddable":true,"href":"https:\/\/www.claret.cat\/es\/wp-json\/wp\/v2\/product_tag?post=403611"}],"curies":[{"name":"wp","href":"https:\/\/api.w.org\/{rel}","templated":true}]}}