{"id":403642,"date":"2023-02-27T07:47:47","date_gmt":"2023-02-27T06:47:47","guid":{"rendered":"https:\/\/www.claret.cat\/llibre\/assassinat-a-la-casa-de-nines-9788476295687\/"},"modified":"2023-02-27T07:47:53","modified_gmt":"2023-02-27T06:47:53","slug":"assassinat-a-la-casa-de-nines-9788476295687","status":"publish","type":"product","link":"https:\/\/www.claret.cat\/es\/libro\/assassinat-a-la-casa-de-nines-9788476295687\/","title":{"rendered":"ASSASSINAT A LA CASA DE NINES"},"content":{"rendered":"<p>Cada cop que l&#8221;Amy puja de nit a les golfes, la casa de nines t\u00e9 tots els llums encesos i s&#8221;hi senten sorolls a dintre. Aleshores vol descobrir quina relaci\u00f3 t\u00e9 aix\u00f2 amb els fets que va viure la seva fam\u00edlia fa temps.<\/p>\n","protected":false},"excerpt":{"rendered":"<p>REN WRIGHT, BETTY<\/p>\n","protected":false},"featured_media":403643,"template":"","meta":{"_acf_changed":false,"om_disable_all_campaigns":false,"rs_blank_template":"","rs_page_bg_color":"","slide_template_v7":"","inline_featured_image":false,"_monsterinsights_skip_tracking":false,"_monsterinsights_sitenote_active":false,"_monsterinsights_sitenote_note":"","_monsterinsights_sitenote_category":0},"product_brand":[],"product_cat":[86,352],"product_tag":[],"class_list":{"0":"post-403642","1":"product","2":"type-product","3":"status-publish","4":"has-post-thumbnail","6":"product_cat-infantil","7":"product_cat-infantil-3_infantil-juvenil-spa","9":"first","10":"instock","11":"taxable","12":"shipping-taxable","13":"purchasable","14":"product-type-simple"},"acf":{"autor":"REN WRIGHT, BETTY","codart":"847629568","libros-coleccion":"SUSHI BOOKS","ediciones":"1","encuadernacion":"R\u00fastica","fecha_de_publicacion":"01\/04\/2005","novedad":"0","paginas":"174","subtitulo":"","orden":"999","portada":"0","idioma":"cat","editorial":[{"ID":261923,"post_author":"3","post_date":"2022-10-24 11:17:38","post_date_gmt":"2022-10-24 09:17:38","post_content":"","post_title":"CRU\u00cfLLA","post_excerpt":"","post_status":"publish","comment_status":"closed","ping_status":"closed","post_password":"","post_name":"cruilla","to_ping":"","pinged":"","post_modified":"2022-10-24 11:17:38","post_modified_gmt":"2022-10-24 09:17:38","post_content_filtered":"","post_parent":0,"guid":"http:\/\/dev.claret.cat\/editorial\/cruilla\/","menu_order":0,"post_type":"editorial","post_mime_type":"","comment_count":"0","filter":"raw"}],"autores-libros":[{"ID":403641,"post_author":"3","post_date":"2023-02-27 07:47:44","post_date_gmt":"2023-02-27 06:47:44","post_content":"","post_title":"BETTY REN WRIGHT","post_excerpt":"","post_status":"publish","comment_status":"closed","ping_status":"closed","post_password":"","post_name":"betty-ren-wright","to_ping":"","pinged":"","post_modified":"2023-02-27 07:47:44","post_modified_gmt":"2023-02-27 06:47:44","post_content_filtered":"","post_parent":0,"guid":"https:\/\/www.claret.cat\/autor\/betty-ren-wright\/","menu_order":0,"post_type":"autor","post_mime_type":"","comment_count":"0","filter":"raw"}]},"aioseo_notices":[],"_links":{"self":[{"href":"https:\/\/www.claret.cat\/es\/wp-json\/wp\/v2\/product\/403642","targetHints":{"allow":["GET"]}}],"collection":[{"href":"https:\/\/www.claret.cat\/es\/wp-json\/wp\/v2\/product"}],"about":[{"href":"https:\/\/www.claret.cat\/es\/wp-json\/wp\/v2\/types\/product"}],"wp:featuredmedia":[{"embeddable":true,"href":"https:\/\/www.claret.cat\/es\/wp-json\/wp\/v2\/media\/403643"}],"wp:attachment":[{"href":"https:\/\/www.claret.cat\/es\/wp-json\/wp\/v2\/media?parent=403642"}],"wp:term":[{"taxonomy":"product_brand","embeddable":true,"href":"https:\/\/www.claret.cat\/es\/wp-json\/wp\/v2\/product_brand?post=403642"},{"taxonomy":"product_cat","embeddable":true,"href":"https:\/\/www.claret.cat\/es\/wp-json\/wp\/v2\/product_cat?post=403642"},{"taxonomy":"product_tag","embeddable":true,"href":"https:\/\/www.claret.cat\/es\/wp-json\/wp\/v2\/product_tag?post=403642"}],"curies":[{"name":"wp","href":"https:\/\/api.w.org\/{rel}","templated":true}]}}