{"id":403710,"date":"2023-02-27T07:51:29","date_gmt":"2023-02-27T06:51:29","guid":{"rendered":"https:\/\/www.claret.cat\/llibre\/manual-de-les-plantes-medicinals-9788476517321\/"},"modified":"2023-02-27T07:51:35","modified_gmt":"2023-02-27T06:51:35","slug":"manual-de-les-plantes-medicinals-9788476517321","status":"publish","type":"product","link":"https:\/\/www.claret.cat\/es\/libro\/manual-de-les-plantes-medicinals-9788476517321\/","title":{"rendered":"MANUAL DE LES PLANTES MEDICINALS"},"content":{"rendered":"<p>Un gran estudi\u00f3s de la medicina natural revela el valor curatiu de nombroses plantes i la seva correcta utilitzaci\u00f3 d\u2019acord amb les tradicions d\u2019arreu del m\u00f3n.<\/p>\n","protected":false},"excerpt":{"rendered":"<p>EDDE, G\u00c9RARD<\/p>\n","protected":false},"featured_media":403711,"template":"","meta":{"_acf_changed":false,"om_disable_all_campaigns":false,"rs_blank_template":"","rs_page_bg_color":"","slide_template_v7":"","inline_featured_image":false,"_monsterinsights_skip_tracking":false,"_monsterinsights_sitenote_active":false,"_monsterinsights_sitenote_note":"","_monsterinsights_sitenote_category":0},"product_brand":[],"product_cat":[547,97],"product_tag":[],"class_list":{"0":"post-403710","1":"product","2":"type-product","3":"status-publish","4":"has-post-thumbnail","6":"product_cat-salud","7":"product_cat-salut","9":"first","10":"instock","11":"taxable","12":"shipping-taxable","13":"purchasable","14":"product-type-simple"},"acf":{"autor":"EDDE, G\u00c9RARD","codart":"847651732","libros-coleccion":"FORA DE COL.LECCI\u00d3","ediciones":"1","encuadernacion":"R\u00fastica","fecha_de_publicacion":"01\/10\/1998","novedad":"0","paginas":"178","subtitulo":"","orden":"999","portada":"0","idioma":"cat","editorial":[{"ID":148320,"post_author":"3","post_date":"2022-10-14 11:57:19","post_date_gmt":"2022-10-14 09:57:19","post_content":"","post_title":"JOSE J. DE OLA\u00d1ETA, EDITOR","post_excerpt":"","post_status":"publish","comment_status":"closed","ping_status":"closed","post_password":"","post_name":"jose-j-de-olaneta-editor","to_ping":"","pinged":"","post_modified":"2022-10-14 11:57:19","post_modified_gmt":"2022-10-14 09:57:19","post_content_filtered":"","post_parent":0,"guid":"http:\/\/dev.claret.cat\/editorial\/jose-j-de-olaneta-editor\/","menu_order":0,"post_type":"editorial","post_mime_type":"","comment_count":"0","filter":"raw"}],"autores-libros":[{"ID":403709,"post_author":"3","post_date":"2023-02-27 07:51:27","post_date_gmt":"2023-02-27 06:51:27","post_content":"","post_title":"GERARD EDDE","post_excerpt":"","post_status":"publish","comment_status":"closed","ping_status":"closed","post_password":"","post_name":"gerard-edde","to_ping":"","pinged":"","post_modified":"2023-02-27 07:51:27","post_modified_gmt":"2023-02-27 06:51:27","post_content_filtered":"","post_parent":0,"guid":"https:\/\/www.claret.cat\/autor\/gerard-edde\/","menu_order":0,"post_type":"autor","post_mime_type":"","comment_count":"0","filter":"raw"}]},"aioseo_notices":[],"_links":{"self":[{"href":"https:\/\/www.claret.cat\/es\/wp-json\/wp\/v2\/product\/403710","targetHints":{"allow":["GET"]}}],"collection":[{"href":"https:\/\/www.claret.cat\/es\/wp-json\/wp\/v2\/product"}],"about":[{"href":"https:\/\/www.claret.cat\/es\/wp-json\/wp\/v2\/types\/product"}],"wp:featuredmedia":[{"embeddable":true,"href":"https:\/\/www.claret.cat\/es\/wp-json\/wp\/v2\/media\/403711"}],"wp:attachment":[{"href":"https:\/\/www.claret.cat\/es\/wp-json\/wp\/v2\/media?parent=403710"}],"wp:term":[{"taxonomy":"product_brand","embeddable":true,"href":"https:\/\/www.claret.cat\/es\/wp-json\/wp\/v2\/product_brand?post=403710"},{"taxonomy":"product_cat","embeddable":true,"href":"https:\/\/www.claret.cat\/es\/wp-json\/wp\/v2\/product_cat?post=403710"},{"taxonomy":"product_tag","embeddable":true,"href":"https:\/\/www.claret.cat\/es\/wp-json\/wp\/v2\/product_tag?post=403710"}],"curies":[{"name":"wp","href":"https:\/\/api.w.org\/{rel}","templated":true}]}}