{"id":403726,"date":"2023-02-27T07:52:24","date_gmt":"2023-02-27T06:52:24","guid":{"rendered":"https:\/\/www.claret.cat\/llibre\/feng-shui-harmonia-dels-llocs-9788476517925\/"},"modified":"2024-02-20T19:00:22","modified_gmt":"2024-02-20T18:00:22","slug":"feng-shui-harmonia-dels-llocs-9788476517925","status":"publish","type":"product","link":"https:\/\/www.claret.cat\/es\/libro\/feng-shui-harmonia-dels-llocs-9788476517925\/","title":{"rendered":"FENG SHUI. HARMONIA DELS LLOCS"},"content":{"rendered":"<p>L\u2019antic art xin\u00e8s del Feng Shui ens permet con\u00e8ixer el joc de les energies naturals del nostre entorn i ens ajuda a aprofitar-les per tal de viure amb una m\u00e9s gran harmonia.<\/p>\n","protected":false},"excerpt":{"rendered":"<p>EDDE, GERARD<\/p>\n","protected":false},"featured_media":403727,"template":"","meta":{"_acf_changed":false,"om_disable_all_campaigns":false,"rs_blank_template":"","rs_page_bg_color":"","slide_template_v7":"","inline_featured_image":false,"_monsterinsights_skip_tracking":false,"_monsterinsights_sitenote_active":false,"_monsterinsights_sitenote_note":"","_monsterinsights_sitenote_category":0},"product_brand":[],"product_cat":[345,79,544,94],"product_tag":[],"class_list":{"0":"post-403726","1":"product","2":"type-product","3":"status-publish","4":"has-post-thumbnail","6":"product_cat-espiritualidad","7":"product_cat-espiritualitat","8":"product_cat-religiones","9":"product_cat-religions","11":"first","12":"instock","13":"taxable","14":"shipping-taxable","15":"purchasable","16":"product-type-simple"},"acf":{"autor":"EDDE, GERARD","codart":"847651792","libros-coleccion":"FORA DE COL.LECCI\u00d3","ediciones":"1","encuadernacion":"[Vac\u00edo]","fecha_de_publicacion":"01\/09\/1999","novedad":"0","paginas":"128","subtitulo":"","orden":"999","portada":"0","idioma":"cat","editorial":[{"ID":148320,"post_author":"3","post_date":"2022-10-14 11:57:19","post_date_gmt":"2022-10-14 09:57:19","post_content":"","post_title":"JOSE J. DE OLA\u00d1ETA, EDITOR","post_excerpt":"","post_status":"publish","comment_status":"closed","ping_status":"closed","post_password":"","post_name":"jose-j-de-olaneta-editor","to_ping":"","pinged":"","post_modified":"2022-10-14 11:57:19","post_modified_gmt":"2022-10-14 09:57:19","post_content_filtered":"","post_parent":0,"guid":"http:\/\/dev.claret.cat\/editorial\/jose-j-de-olaneta-editor\/","menu_order":0,"post_type":"editorial","post_mime_type":"","comment_count":"0","filter":"raw"}],"autores-libros":[{"ID":403709,"post_author":"3","post_date":"2023-02-27 07:51:27","post_date_gmt":"2023-02-27 06:51:27","post_content":"","post_title":"GERARD EDDE","post_excerpt":"","post_status":"publish","comment_status":"closed","ping_status":"closed","post_password":"","post_name":"gerard-edde","to_ping":"","pinged":"","post_modified":"2023-02-27 07:51:27","post_modified_gmt":"2023-02-27 06:51:27","post_content_filtered":"","post_parent":0,"guid":"https:\/\/www.claret.cat\/autor\/gerard-edde\/","menu_order":0,"post_type":"autor","post_mime_type":"","comment_count":"0","filter":"raw"}]},"aioseo_notices":[],"_links":{"self":[{"href":"https:\/\/www.claret.cat\/es\/wp-json\/wp\/v2\/product\/403726","targetHints":{"allow":["GET"]}}],"collection":[{"href":"https:\/\/www.claret.cat\/es\/wp-json\/wp\/v2\/product"}],"about":[{"href":"https:\/\/www.claret.cat\/es\/wp-json\/wp\/v2\/types\/product"}],"wp:featuredmedia":[{"embeddable":true,"href":"https:\/\/www.claret.cat\/es\/wp-json\/wp\/v2\/media\/403727"}],"wp:attachment":[{"href":"https:\/\/www.claret.cat\/es\/wp-json\/wp\/v2\/media?parent=403726"}],"wp:term":[{"taxonomy":"product_brand","embeddable":true,"href":"https:\/\/www.claret.cat\/es\/wp-json\/wp\/v2\/product_brand?post=403726"},{"taxonomy":"product_cat","embeddable":true,"href":"https:\/\/www.claret.cat\/es\/wp-json\/wp\/v2\/product_cat?post=403726"},{"taxonomy":"product_tag","embeddable":true,"href":"https:\/\/www.claret.cat\/es\/wp-json\/wp\/v2\/product_tag?post=403726"}],"curies":[{"name":"wp","href":"https:\/\/api.w.org\/{rel}","templated":true}]}}