{"id":403794,"date":"2023-02-27T07:56:23","date_gmt":"2023-02-27T06:56:23","guid":{"rendered":"https:\/\/www.claret.cat\/llibre\/tot-es-mentida-9788477272908\/"},"modified":"2023-02-27T07:56:28","modified_gmt":"2023-02-27T06:56:28","slug":"tot-es-mentida-9788477272908","status":"publish","type":"product","link":"https:\/\/www.claret.cat\/es\/libro\/tot-es-mentida-9788477272908\/","title":{"rendered":"TOT \u00c9S MENTIDA"},"content":{"rendered":"<p>Tot \u00e9s mentida recull els cent tres millors articles de Monz\u00f3 publicats els \u00faltims anys a La Vanguardia.<\/p>\n<p> \u00abL?escriptura sorgida del present i l?actualitat que practica Monz\u00f3 comen\u00e7a a ser un testimoni insubstitu\u00efble dels nostres temps: un testimoni convenientment filtrat, mediatitzat i decantat per una intel\u00b7lig\u00e8ncia r\u00e0pida i implacable com la seva.\u00bb Manel Oll\u00e9, El Temps<\/p>\n<p> \u00abDes de les primeres l\u00ednies se sap que el que s?est\u00e0 llegint \u00e9s literatura, que la seducci\u00f3 lac\u00f2nica dels seus textos prov\u00e9 d?un escriptor de veritat, que el seu origen period\u00edstic, en aquest cas, no \u00e9s incompatible amb el que \u00e9s, en rigor, la literatura. \u00c9s a dir, una rigorosa xarxa verbal. Monz\u00f3 podria estar del tot d?acord amb all\u00f2 que comentava J.V. Foix, que un article s?ha d?escriure com si fos un poema, que s?ha de redactar ?pensant en els nostres successors d?aqu\u00ed a dos segles?. Si a m\u00e9s a m\u00e9s resulta que el seu autor \u00e9s un d?aquells escriptors que no ha substitu\u00eft la percepci\u00f3 directa de la realitat per la rutina i l?h\u00e0bit, llavors nom\u00e9s es pot afirmar que el lector est\u00e0 de festa.\u00bb Pon\u00e7 Puigdevall, Pres\u00e8ncia<\/p>\n<p> \u00abLiteratura de m\u00e0xima qualitat.\u00bb<br \/> Juli\u00e0 Guillamon, La Vanguardia<\/p>\n","protected":false},"excerpt":{"rendered":"<p>MONZ\u00d3, QUIM<\/p>\n","protected":false},"featured_media":403795,"template":"","meta":{"_acf_changed":false,"om_disable_all_campaigns":false,"rs_blank_template":"","rs_page_bg_color":"","slide_template_v7":"","inline_featured_image":false,"_monsterinsights_skip_tracking":false,"_monsterinsights_sitenote_active":false,"_monsterinsights_sitenote_note":"","_monsterinsights_sitenote_category":0},"product_brand":[],"product_cat":[87,353],"product_tag":[],"class_list":{"0":"post-403794","1":"product","2":"type-product","3":"status-publish","4":"has-post-thumbnail","6":"product_cat-literatura","7":"product_cat-literatura-2_humanidades","9":"first","10":"instock","11":"taxable","12":"shipping-taxable","13":"purchasable","14":"product-type-simple"},"acf":{"autor":"MONZ\u00d3, QUIM","codart":"847727290","libros-coleccion":"Biblioteca M\u00ednima","ediciones":"1","encuadernacion":"R\u00fastica","fecha_de_publicacion":"01\/01\/2000","novedad":"0","paginas":"251","subtitulo":"","orden":"999","portada":"0","idioma":"cat","editorial":[{"ID":6342,"post_author":"3","post_date":"2022-07-28 17:50:08","post_date_gmt":"2022-07-28 15:50:08","post_content":"","post_title":"QUADERNS CREMA","post_excerpt":"","post_status":"publish","comment_status":"closed","ping_status":"closed","post_password":"","post_name":"quaderns-crema","to_ping":"","pinged":"","post_modified":"2022-07-28 17:50:08","post_modified_gmt":"2022-07-28 15:50:08","post_content_filtered":"","post_parent":0,"guid":"http:\/\/dev.claret.cat\/editorial\/quaderns-crema\/","menu_order":0,"post_type":"editorial","post_mime_type":"","comment_count":"0","filter":"raw"}],"autores-libros":[{"ID":403772,"post_author":"3","post_date":"2023-02-27 07:55:07","post_date_gmt":"2023-02-27 06:55:07","post_content":"","post_title":"QUIM MONZ\u00d3","post_excerpt":"","post_status":"publish","comment_status":"closed","ping_status":"closed","post_password":"","post_name":"quim-monzo","to_ping":"","pinged":"","post_modified":"2023-02-27 07:55:07","post_modified_gmt":"2023-02-27 06:55:07","post_content_filtered":"","post_parent":0,"guid":"https:\/\/www.claret.cat\/autor\/quim-monzo\/","menu_order":0,"post_type":"autor","post_mime_type":"","comment_count":"0","filter":"raw"}]},"aioseo_notices":[],"_links":{"self":[{"href":"https:\/\/www.claret.cat\/es\/wp-json\/wp\/v2\/product\/403794","targetHints":{"allow":["GET"]}}],"collection":[{"href":"https:\/\/www.claret.cat\/es\/wp-json\/wp\/v2\/product"}],"about":[{"href":"https:\/\/www.claret.cat\/es\/wp-json\/wp\/v2\/types\/product"}],"wp:featuredmedia":[{"embeddable":true,"href":"https:\/\/www.claret.cat\/es\/wp-json\/wp\/v2\/media\/403795"}],"wp:attachment":[{"href":"https:\/\/www.claret.cat\/es\/wp-json\/wp\/v2\/media?parent=403794"}],"wp:term":[{"taxonomy":"product_brand","embeddable":true,"href":"https:\/\/www.claret.cat\/es\/wp-json\/wp\/v2\/product_brand?post=403794"},{"taxonomy":"product_cat","embeddable":true,"href":"https:\/\/www.claret.cat\/es\/wp-json\/wp\/v2\/product_cat?post=403794"},{"taxonomy":"product_tag","embeddable":true,"href":"https:\/\/www.claret.cat\/es\/wp-json\/wp\/v2\/product_tag?post=403794"}],"curies":[{"name":"wp","href":"https:\/\/api.w.org\/{rel}","templated":true}]}}