{"id":403804,"date":"2023-02-27T07:56:55","date_gmt":"2023-02-27T06:56:55","guid":{"rendered":"https:\/\/www.claret.cat\/llibre\/el-millor-dels-mons-9788477273240\/"},"modified":"2023-02-27T07:57:01","modified_gmt":"2023-02-27T06:57:01","slug":"el-millor-dels-mons-9788477273240","status":"publish","type":"product","link":"https:\/\/www.claret.cat\/es\/libro\/el-millor-dels-mons-9788477273240\/","title":{"rendered":"EL MILLOR DELS MONS"},"content":{"rendered":"<p>Aquest \u00e9s el nou llibre de relats de Quim Monz\u00f3. Cont\u00e9 tretze contes i una nouvelle tenyits d?una incitant comicitat negra. S\u00f3n hist\u00f2ries cruels, travessades per la felicitat, la viol\u00e8ncia i els inferns privats, i poblades per personatges obsessius amb la rialla a contrapeu. Monz\u00f3 suma?a la mestria demostrada en els llibres anteriors?noves estrat\u00e8gies narratives, i fa servir amb originalitat tota una gamma de tons que confereixen a ?El millor dels mons? una for\u00e7a singular i ens el mostren com un innegable nou pas endavant.<\/p>\n","protected":false},"excerpt":{"rendered":"<p>MONZ\u00d3, QUIM<\/p>\n","protected":false},"featured_media":403805,"template":"","meta":{"_acf_changed":false,"om_disable_all_campaigns":false,"rs_blank_template":"","rs_page_bg_color":"","slide_template_v7":"","inline_featured_image":false,"_monsterinsights_skip_tracking":false,"_monsterinsights_sitenote_active":false,"_monsterinsights_sitenote_note":"","_monsterinsights_sitenote_category":0},"product_brand":[],"product_cat":[87,353],"product_tag":[],"class_list":{"0":"post-403804","1":"product","2":"type-product","3":"status-publish","4":"has-post-thumbnail","6":"product_cat-literatura","7":"product_cat-literatura-2_humanidades","9":"first","10":"instock","11":"taxable","12":"shipping-taxable","13":"purchasable","14":"product-type-simple"},"acf":{"autor":"MONZ\u00d3, QUIM","codart":"847727324","libros-coleccion":"Biblioteca M\u00ednima","ediciones":"1","encuadernacion":"R\u00fastica","fecha_de_publicacion":"01\/01\/2001","novedad":"0","paginas":"283","subtitulo":"","orden":"999","portada":"0","idioma":"cat","editorial":[{"ID":6342,"post_author":"3","post_date":"2022-07-28 17:50:08","post_date_gmt":"2022-07-28 15:50:08","post_content":"","post_title":"QUADERNS CREMA","post_excerpt":"","post_status":"publish","comment_status":"closed","ping_status":"closed","post_password":"","post_name":"quaderns-crema","to_ping":"","pinged":"","post_modified":"2022-07-28 17:50:08","post_modified_gmt":"2022-07-28 15:50:08","post_content_filtered":"","post_parent":0,"guid":"http:\/\/dev.claret.cat\/editorial\/quaderns-crema\/","menu_order":0,"post_type":"editorial","post_mime_type":"","comment_count":"0","filter":"raw"}],"autores-libros":[{"ID":403772,"post_author":"3","post_date":"2023-02-27 07:55:07","post_date_gmt":"2023-02-27 06:55:07","post_content":"","post_title":"QUIM MONZ\u00d3","post_excerpt":"","post_status":"publish","comment_status":"closed","ping_status":"closed","post_password":"","post_name":"quim-monzo","to_ping":"","pinged":"","post_modified":"2023-02-27 07:55:07","post_modified_gmt":"2023-02-27 06:55:07","post_content_filtered":"","post_parent":0,"guid":"https:\/\/www.claret.cat\/autor\/quim-monzo\/","menu_order":0,"post_type":"autor","post_mime_type":"","comment_count":"0","filter":"raw"}]},"aioseo_notices":[],"_links":{"self":[{"href":"https:\/\/www.claret.cat\/es\/wp-json\/wp\/v2\/product\/403804","targetHints":{"allow":["GET"]}}],"collection":[{"href":"https:\/\/www.claret.cat\/es\/wp-json\/wp\/v2\/product"}],"about":[{"href":"https:\/\/www.claret.cat\/es\/wp-json\/wp\/v2\/types\/product"}],"wp:featuredmedia":[{"embeddable":true,"href":"https:\/\/www.claret.cat\/es\/wp-json\/wp\/v2\/media\/403805"}],"wp:attachment":[{"href":"https:\/\/www.claret.cat\/es\/wp-json\/wp\/v2\/media?parent=403804"}],"wp:term":[{"taxonomy":"product_brand","embeddable":true,"href":"https:\/\/www.claret.cat\/es\/wp-json\/wp\/v2\/product_brand?post=403804"},{"taxonomy":"product_cat","embeddable":true,"href":"https:\/\/www.claret.cat\/es\/wp-json\/wp\/v2\/product_cat?post=403804"},{"taxonomy":"product_tag","embeddable":true,"href":"https:\/\/www.claret.cat\/es\/wp-json\/wp\/v2\/product_tag?post=403804"}],"curies":[{"name":"wp","href":"https:\/\/api.w.org\/{rel}","templated":true}]}}