{"id":403807,"date":"2023-02-27T07:57:06","date_gmt":"2023-02-27T06:57:06","guid":{"rendered":"https:\/\/www.claret.cat\/llibre\/olivetti-moulinex-chaffoteaux-et-maury-9788477273301\/"},"modified":"2024-04-11T13:30:07","modified_gmt":"2024-04-11T11:30:07","slug":"olivetti-moulinex-chaffoteaux-et-maury-9788477273301","status":"publish","type":"product","link":"https:\/\/www.claret.cat\/es\/libro\/olivetti-moulinex-chaffoteaux-et-maury-9788477273301\/","title":{"rendered":"OLIVETTI, MOULINEX, CHAFFOTEAUX ET MAURY"},"content":{"rendered":"<p>\u201cPersonatges perversos i desafectes, els dels contes de Quim Monz\u00f3, dotat jove escriptor catal\u00e0&#8230; Monz\u00f3 ha llegit Kafka&#8230; i beu tamb\u00e9 de la rica tradici\u00f3 del surrealisme espanyol, tant pel seu sentit deliberadament paranoic de l\u2019amena\u00e7a en coses aparentment habituals&#8230; com per saber mantenir la qualitat de la seva imaginaci\u00f3, intermitentment l\u00edrica i vision\u00e0ria.\u201d The New York Times. \u201cQuim Monz\u00f3 \u00e9s reconegut com una de les veus m\u00e9s provocatives de l\u2019actual literatura euroea&#8230; els contes de Monz\u00f3 s\u00f3n els millors que s\u2019han produ\u00eft a Europa en l\u2019\u00faltima d\u00e8cada, un sentiment amb el qual els americans coneixedors de la narrativa estrangera hi estaran, sens dubte, d\u2019acord.\u201d  World Literature today.<\/p>\n","protected":false},"excerpt":{"rendered":"<p>MONZ\u00d3 G\u00d3MEZ, QUIM<\/p>\n","protected":false},"featured_media":403808,"template":"","meta":{"_acf_changed":false,"om_disable_all_campaigns":false,"rs_blank_template":"","rs_page_bg_color":"","slide_template_v7":"","inline_featured_image":false,"_monsterinsights_skip_tracking":false,"_monsterinsights_sitenote_active":false,"_monsterinsights_sitenote_note":"","_monsterinsights_sitenote_category":0},"product_brand":[],"product_cat":[87,353],"product_tag":[],"class_list":{"0":"post-403807","1":"product","2":"type-product","3":"status-publish","4":"has-post-thumbnail","6":"product_cat-literatura","7":"product_cat-literatura-2_humanidades","9":"first","10":"instock","11":"taxable","12":"shipping-taxable","13":"purchasable","14":"product-type-simple"},"acf":{"autor":"MONZ\u00d3 G\u00d3MEZ, QUIM","codart":"847727330","libros-coleccion":"M\u00ednima Minor","ediciones":"1","encuadernacion":"R\u00fastica","fecha_de_publicacion":"01\/06\/2010","novedad":"1","paginas":"144","subtitulo":"","orden":"0","portada":"0","idioma":"cat","editorial":[{"ID":6342,"post_author":"3","post_date":"2022-07-28 17:50:08","post_date_gmt":"2022-07-28 15:50:08","post_content":"","post_title":"QUADERNS CREMA","post_excerpt":"","post_status":"publish","comment_status":"closed","ping_status":"closed","post_password":"","post_name":"quaderns-crema","to_ping":"","pinged":"","post_modified":"2022-07-28 17:50:08","post_modified_gmt":"2022-07-28 15:50:08","post_content_filtered":"","post_parent":0,"guid":"http:\/\/dev.claret.cat\/editorial\/quaderns-crema\/","menu_order":0,"post_type":"editorial","post_mime_type":"","comment_count":"0","filter":"raw"}],"autores-libros":[{"ID":403797,"post_author":"3","post_date":"2023-02-27 07:56:32","post_date_gmt":"2023-02-27 06:56:32","post_content":"","post_title":"QUIM MONZ\u00d3 G\u00d3MEZ","post_excerpt":"","post_status":"publish","comment_status":"closed","ping_status":"closed","post_password":"","post_name":"quim-monzo-gomez","to_ping":"","pinged":"","post_modified":"2023-02-27 07:56:32","post_modified_gmt":"2023-02-27 06:56:32","post_content_filtered":"","post_parent":0,"guid":"https:\/\/www.claret.cat\/autor\/quim-monzo-gomez\/","menu_order":0,"post_type":"autor","post_mime_type":"","comment_count":"0","filter":"raw"}]},"aioseo_notices":[],"_links":{"self":[{"href":"https:\/\/www.claret.cat\/es\/wp-json\/wp\/v2\/product\/403807","targetHints":{"allow":["GET"]}}],"collection":[{"href":"https:\/\/www.claret.cat\/es\/wp-json\/wp\/v2\/product"}],"about":[{"href":"https:\/\/www.claret.cat\/es\/wp-json\/wp\/v2\/types\/product"}],"wp:featuredmedia":[{"embeddable":true,"href":"https:\/\/www.claret.cat\/es\/wp-json\/wp\/v2\/media\/403808"}],"wp:attachment":[{"href":"https:\/\/www.claret.cat\/es\/wp-json\/wp\/v2\/media?parent=403807"}],"wp:term":[{"taxonomy":"product_brand","embeddable":true,"href":"https:\/\/www.claret.cat\/es\/wp-json\/wp\/v2\/product_brand?post=403807"},{"taxonomy":"product_cat","embeddable":true,"href":"https:\/\/www.claret.cat\/es\/wp-json\/wp\/v2\/product_cat?post=403807"},{"taxonomy":"product_tag","embeddable":true,"href":"https:\/\/www.claret.cat\/es\/wp-json\/wp\/v2\/product_tag?post=403807"}],"curies":[{"name":"wp","href":"https:\/\/api.w.org\/{rel}","templated":true}]}}