{"id":403820,"date":"2023-02-27T07:57:49","date_gmt":"2023-02-27T06:57:49","guid":{"rendered":"https:\/\/www.claret.cat\/llibre\/catorze-ciutats-comptanthi-brooklyn-9788477274087\/"},"modified":"2023-02-27T07:57:55","modified_gmt":"2023-02-27T06:57:55","slug":"catorze-ciutats-comptanthi-brooklyn-9788477274087","status":"publish","type":"product","link":"https:\/\/www.claret.cat\/es\/libro\/catorze-ciutats-comptanthi-brooklyn-9788477274087\/","title":{"rendered":"CATORZE CIUTATS COMPTANT-HI BROOKLYN"},"content":{"rendered":"<p>El 1989, el &#8216;Diari de Barcelona&#8217; va encarregar a Quim Monz\u00f3 una s\u00e8rie de cr\u00f2niques sobre la caiguda dels r\u00e8gims comunistes a Txecoslov\u00e0quia i a Romania. Ceausescu acabava de ser executat a prop de Bucarest, i, a Praga, la Revoluci\u00f3 de Vellut omplia els carrers. Monz\u00f3 va passejar per totes dues ciutats i els seus articles s\u00f3n ara testimoni de l&#8221;escepticisme amb qu\u00e8 conv\u00e9 prendre&#8221;s la ret\u00f2rica grandiloq\u00fcent que acompanya sempre els esdeveniments hist\u00f2rics. Des d&#8221;aleshores, Monz\u00f3 ha viatjat-per &#8216;El Peri\u00f3dico&#8217; i per &#8216;La Vanguardia&#8217;-a altres llocs en conflicte: a Nova York, la mateixa setmana que, l&#8221;11 de setembre del 2001, dos avions es van estavellar contra el World Trade Center; a Israel, la primavera del 2002, durant una de les grans onades d&#8221;atemptats su\u00efcides. Tamb\u00e9 ha escrit cr\u00f2niques a la ratlla del surrealisme: fent de turista a Barcelona, o viatjant per Europa d&#8221;aeroport en aeroport i sense trepitjar les ciutats. El resultat \u00e9s &#8216;Catorze ciutats comptant-hi Brooklyn&#8217;, un llibre singular que permet comprovar com Monz\u00f3 perfecciona la capacitat d&#8221;observar i com desplega les t\u00e8cniques narratives per fer-nos part\u00edcips d&#8221;aquests cinc viatges entre el sentit com\u00fa i el sense sentit.<\/p>\n","protected":false},"excerpt":{"rendered":"<p>MONZ\u00d3 GOMEZ, QUIM<\/p>\n","protected":false},"featured_media":403821,"template":"","meta":{"_acf_changed":false,"om_disable_all_campaigns":false,"rs_blank_template":"","rs_page_bg_color":"","slide_template_v7":"","inline_featured_image":false,"_monsterinsights_skip_tracking":false,"_monsterinsights_sitenote_active":false,"_monsterinsights_sitenote_note":"","_monsterinsights_sitenote_category":0},"product_brand":[],"product_cat":[87,353],"product_tag":[],"class_list":{"0":"post-403820","1":"product","2":"type-product","3":"status-publish","4":"has-post-thumbnail","6":"product_cat-literatura","7":"product_cat-literatura-2_humanidades","9":"first","10":"instock","11":"taxable","12":"shipping-taxable","13":"purchasable","14":"product-type-simple"},"acf":{"autor":"MONZ\u00d3 GOMEZ, QUIM","codart":"847727408","libros-coleccion":"Biblioteca M\u00ednima","ediciones":"1","encuadernacion":"R\u00fastica","fecha_de_publicacion":"01\/01\/2004","novedad":"0","paginas":"213","subtitulo":"","orden":"999","portada":"0","idioma":"cat","editorial":[{"ID":6342,"post_author":"3","post_date":"2022-07-28 17:50:08","post_date_gmt":"2022-07-28 15:50:08","post_content":"","post_title":"QUADERNS CREMA","post_excerpt":"","post_status":"publish","comment_status":"closed","ping_status":"closed","post_password":"","post_name":"quaderns-crema","to_ping":"","pinged":"","post_modified":"2022-07-28 17:50:08","post_modified_gmt":"2022-07-28 15:50:08","post_content_filtered":"","post_parent":0,"guid":"http:\/\/dev.claret.cat\/editorial\/quaderns-crema\/","menu_order":0,"post_type":"editorial","post_mime_type":"","comment_count":"0","filter":"raw"}],"autores-libros":[{"ID":403772,"post_author":"3","post_date":"2023-02-27 07:55:07","post_date_gmt":"2023-02-27 06:55:07","post_content":"","post_title":"QUIM MONZ\u00d3","post_excerpt":"","post_status":"publish","comment_status":"closed","ping_status":"closed","post_password":"","post_name":"quim-monzo","to_ping":"","pinged":"","post_modified":"2023-02-27 07:55:07","post_modified_gmt":"2023-02-27 06:55:07","post_content_filtered":"","post_parent":0,"guid":"https:\/\/www.claret.cat\/autor\/quim-monzo\/","menu_order":0,"post_type":"autor","post_mime_type":"","comment_count":"0","filter":"raw"}]},"aioseo_notices":[],"_links":{"self":[{"href":"https:\/\/www.claret.cat\/es\/wp-json\/wp\/v2\/product\/403820","targetHints":{"allow":["GET"]}}],"collection":[{"href":"https:\/\/www.claret.cat\/es\/wp-json\/wp\/v2\/product"}],"about":[{"href":"https:\/\/www.claret.cat\/es\/wp-json\/wp\/v2\/types\/product"}],"wp:featuredmedia":[{"embeddable":true,"href":"https:\/\/www.claret.cat\/es\/wp-json\/wp\/v2\/media\/403821"}],"wp:attachment":[{"href":"https:\/\/www.claret.cat\/es\/wp-json\/wp\/v2\/media?parent=403820"}],"wp:term":[{"taxonomy":"product_brand","embeddable":true,"href":"https:\/\/www.claret.cat\/es\/wp-json\/wp\/v2\/product_brand?post=403820"},{"taxonomy":"product_cat","embeddable":true,"href":"https:\/\/www.claret.cat\/es\/wp-json\/wp\/v2\/product_cat?post=403820"},{"taxonomy":"product_tag","embeddable":true,"href":"https:\/\/www.claret.cat\/es\/wp-json\/wp\/v2\/product_tag?post=403820"}],"curies":[{"name":"wp","href":"https:\/\/api.w.org\/{rel}","templated":true}]}}