{"id":403827,"date":"2023-02-27T07:58:12","date_gmt":"2023-02-27T06:58:12","guid":{"rendered":"https:\/\/www.claret.cat\/llibre\/la-magnitud-de-la-tragedia-9788477274339\/"},"modified":"2023-02-27T07:58:17","modified_gmt":"2023-02-27T06:58:17","slug":"la-magnitud-de-la-tragedia-9788477274339","status":"publish","type":"product","link":"https:\/\/www.claret.cat\/es\/libro\/la-magnitud-de-la-tragedia-9788477274339\/","title":{"rendered":"LA MAGNITUD DE LA TRAG\u00c8DIA"},"content":{"rendered":"<p>Un trompetista aconsegueix finalment el somni que ha acariciat durant setmanes: sortir amb la vedette del teatre on treballa. Per agafar coratge, durant el sopar beu molt m\u00e9s del que ell considera recomanable. Per aix\u00f2 s&#8217;adona que, de tan borratxo com va, si realment assoleix endur-se la vedette al llit, potser no estar\u00e0 a l&#8217;altura. Aquest \u00e9s l&#8217;inici de La magnitud de la trag\u00e8dia, una novel\u00b7la sobre l&#8217;amor, l&#8217;odi, la solitud, el pas inapel\u00b7lable del temps i la inevitabilitat de la mort.<\/p>\n","protected":false},"excerpt":{"rendered":"<p>MONZ\u00d3 G\u00d3MEZ, QUIM<\/p>\n","protected":false},"featured_media":403828,"template":"","meta":{"_acf_changed":false,"om_disable_all_campaigns":false,"rs_blank_template":"","rs_page_bg_color":"","slide_template_v7":"","inline_featured_image":false,"_monsterinsights_skip_tracking":false,"_monsterinsights_sitenote_active":false,"_monsterinsights_sitenote_note":"","_monsterinsights_sitenote_category":0},"product_brand":[],"product_cat":[87,353],"product_tag":[],"class_list":{"0":"post-403827","1":"product","2":"type-product","3":"status-publish","4":"has-post-thumbnail","6":"product_cat-literatura","7":"product_cat-literatura-2_humanidades","9":"first","10":"instock","11":"taxable","12":"shipping-taxable","13":"purchasable","14":"product-type-simple"},"acf":{"autor":"MONZ\u00d3 G\u00d3MEZ, QUIM","codart":"847727433","libros-coleccion":"Biblioteca M\u00ednima","ediciones":"1","encuadernacion":"R\u00fastica","fecha_de_publicacion":"01\/04\/2011","novedad":"1","paginas":"273","subtitulo":"","orden":"0","portada":"0","idioma":"cat","editorial":[{"ID":6342,"post_author":"3","post_date":"2022-07-28 17:50:08","post_date_gmt":"2022-07-28 15:50:08","post_content":"","post_title":"QUADERNS CREMA","post_excerpt":"","post_status":"publish","comment_status":"closed","ping_status":"closed","post_password":"","post_name":"quaderns-crema","to_ping":"","pinged":"","post_modified":"2022-07-28 17:50:08","post_modified_gmt":"2022-07-28 15:50:08","post_content_filtered":"","post_parent":0,"guid":"http:\/\/dev.claret.cat\/editorial\/quaderns-crema\/","menu_order":0,"post_type":"editorial","post_mime_type":"","comment_count":"0","filter":"raw"}],"autores-libros":[{"ID":403797,"post_author":"3","post_date":"2023-02-27 07:56:32","post_date_gmt":"2023-02-27 06:56:32","post_content":"","post_title":"QUIM MONZ\u00d3 G\u00d3MEZ","post_excerpt":"","post_status":"publish","comment_status":"closed","ping_status":"closed","post_password":"","post_name":"quim-monzo-gomez","to_ping":"","pinged":"","post_modified":"2023-02-27 07:56:32","post_modified_gmt":"2023-02-27 06:56:32","post_content_filtered":"","post_parent":0,"guid":"https:\/\/www.claret.cat\/autor\/quim-monzo-gomez\/","menu_order":0,"post_type":"autor","post_mime_type":"","comment_count":"0","filter":"raw"}]},"aioseo_notices":[],"_links":{"self":[{"href":"https:\/\/www.claret.cat\/es\/wp-json\/wp\/v2\/product\/403827","targetHints":{"allow":["GET"]}}],"collection":[{"href":"https:\/\/www.claret.cat\/es\/wp-json\/wp\/v2\/product"}],"about":[{"href":"https:\/\/www.claret.cat\/es\/wp-json\/wp\/v2\/types\/product"}],"wp:featuredmedia":[{"embeddable":true,"href":"https:\/\/www.claret.cat\/es\/wp-json\/wp\/v2\/media\/403828"}],"wp:attachment":[{"href":"https:\/\/www.claret.cat\/es\/wp-json\/wp\/v2\/media?parent=403827"}],"wp:term":[{"taxonomy":"product_brand","embeddable":true,"href":"https:\/\/www.claret.cat\/es\/wp-json\/wp\/v2\/product_brand?post=403827"},{"taxonomy":"product_cat","embeddable":true,"href":"https:\/\/www.claret.cat\/es\/wp-json\/wp\/v2\/product_cat?post=403827"},{"taxonomy":"product_tag","embeddable":true,"href":"https:\/\/www.claret.cat\/es\/wp-json\/wp\/v2\/product_tag?post=403827"}],"curies":[{"name":"wp","href":"https:\/\/api.w.org\/{rel}","templated":true}]}}