{"id":403830,"date":"2023-02-27T07:58:22","date_gmt":"2023-02-27T06:58:22","guid":{"rendered":"https:\/\/www.claret.cat\/llibre\/benzina-9788477274346\/"},"modified":"2023-02-27T07:58:28","modified_gmt":"2023-02-27T06:58:28","slug":"benzina-9788477274346","status":"publish","type":"product","link":"https:\/\/www.claret.cat\/es\/libro\/benzina-9788477274346\/","title":{"rendered":"BENZINA"},"content":{"rendered":"<p>La matinada d&#8217;un u de gener, l&#8217;Heribert es desperta amb la sensaci\u00f3 que no ha canviat \u00fanicament d&#8217;any: els objectes i les persones  que l&#8217;envolten se li apareixen cada cop m\u00e9s distants i injustificables. Artista al cim d&#8217;una fama \u00e0rduament conquistada, quan ara es posa davant de les teles en blanc ja no t\u00e9 ganes de pintar-les. Descobreix que l&#8217;Helena (que \u00e9s, alhora, la seva muller i la seva galerista) l&#8217;enganya amb un quatreulls extravagant, i no sap com seduir una adolescent (i \u00e9s ella que finalment el sedueix a ell, que es deixa fer, ap\u00e0tic)&#8230;<\/p>\n","protected":false},"excerpt":{"rendered":"<p>MONZ\u00d3, QUIM<\/p>\n","protected":false},"featured_media":403831,"template":"","meta":{"_acf_changed":false,"om_disable_all_campaigns":false,"rs_blank_template":"","rs_page_bg_color":"","slide_template_v7":"","inline_featured_image":false,"_monsterinsights_skip_tracking":false,"_monsterinsights_sitenote_active":false,"_monsterinsights_sitenote_note":"","_monsterinsights_sitenote_category":0},"product_brand":[],"product_cat":[87,353],"product_tag":[],"class_list":{"0":"post-403830","1":"product","2":"type-product","3":"status-publish","4":"has-post-thumbnail","6":"product_cat-literatura","7":"product_cat-literatura-2_humanidades","9":"first","10":"instock","11":"taxable","12":"shipping-taxable","13":"purchasable","14":"product-type-simple"},"acf":{"autor":"MONZ\u00d3, QUIM","codart":"847727434","libros-coleccion":"Biblioteca M\u00ednima","ediciones":"1","encuadernacion":"R\u00fastica","fecha_de_publicacion":"01\/06\/2005","novedad":"1","paginas":"217","subtitulo":"","orden":"0","portada":"0","idioma":"cat","editorial":[{"ID":6342,"post_author":"3","post_date":"2022-07-28 17:50:08","post_date_gmt":"2022-07-28 15:50:08","post_content":"","post_title":"QUADERNS CREMA","post_excerpt":"","post_status":"publish","comment_status":"closed","ping_status":"closed","post_password":"","post_name":"quaderns-crema","to_ping":"","pinged":"","post_modified":"2022-07-28 17:50:08","post_modified_gmt":"2022-07-28 15:50:08","post_content_filtered":"","post_parent":0,"guid":"http:\/\/dev.claret.cat\/editorial\/quaderns-crema\/","menu_order":0,"post_type":"editorial","post_mime_type":"","comment_count":"0","filter":"raw"}],"autores-libros":[{"ID":403772,"post_author":"3","post_date":"2023-02-27 07:55:07","post_date_gmt":"2023-02-27 06:55:07","post_content":"","post_title":"QUIM MONZ\u00d3","post_excerpt":"","post_status":"publish","comment_status":"closed","ping_status":"closed","post_password":"","post_name":"quim-monzo","to_ping":"","pinged":"","post_modified":"2023-02-27 07:55:07","post_modified_gmt":"2023-02-27 06:55:07","post_content_filtered":"","post_parent":0,"guid":"https:\/\/www.claret.cat\/autor\/quim-monzo\/","menu_order":0,"post_type":"autor","post_mime_type":"","comment_count":"0","filter":"raw"}]},"aioseo_notices":[],"_links":{"self":[{"href":"https:\/\/www.claret.cat\/es\/wp-json\/wp\/v2\/product\/403830","targetHints":{"allow":["GET"]}}],"collection":[{"href":"https:\/\/www.claret.cat\/es\/wp-json\/wp\/v2\/product"}],"about":[{"href":"https:\/\/www.claret.cat\/es\/wp-json\/wp\/v2\/types\/product"}],"wp:featuredmedia":[{"embeddable":true,"href":"https:\/\/www.claret.cat\/es\/wp-json\/wp\/v2\/media\/403831"}],"wp:attachment":[{"href":"https:\/\/www.claret.cat\/es\/wp-json\/wp\/v2\/media?parent=403830"}],"wp:term":[{"taxonomy":"product_brand","embeddable":true,"href":"https:\/\/www.claret.cat\/es\/wp-json\/wp\/v2\/product_brand?post=403830"},{"taxonomy":"product_cat","embeddable":true,"href":"https:\/\/www.claret.cat\/es\/wp-json\/wp\/v2\/product_cat?post=403830"},{"taxonomy":"product_tag","embeddable":true,"href":"https:\/\/www.claret.cat\/es\/wp-json\/wp\/v2\/product_tag?post=403830"}],"curies":[{"name":"wp","href":"https:\/\/api.w.org\/{rel}","templated":true}]}}