{"id":403846,"date":"2023-02-27T07:59:16","date_gmt":"2023-02-27T06:59:16","guid":{"rendered":"https:\/\/www.claret.cat\/llibre\/curial-e-guelfa-9788477275176\/"},"modified":"2023-02-27T07:59:22","modified_gmt":"2023-02-27T06:59:22","slug":"curial-e-guelfa-9788477275176","status":"publish","type":"product","link":"https:\/\/www.claret.cat\/es\/libro\/curial-e-guelfa-9788477275176\/","title":{"rendered":"CURIAL E G\u00dcELFA"},"content":{"rendered":"<p>La hist\u00f2ria que ens explica el &#8216;Curial e G\u00fcelfa&#8217; \u00e9s cavalleresca i sentimental. En part recorda les novel les sobre Lan\u00e7alot i Tristany i en part reprodueix el model de les cr\u00f2niques biogr\u00e0fiques de cavallers contemporanis, per\u00f2 alhora \u00e9s molt nova, ja que l&#8217;autor era un lector devot dels cl\u00e0ssics abastables a la primera meitat del XV i es deixava guiar pel mestratge de Dante, Boccaccio i Petrarca.<\/p>\n","protected":false},"excerpt":{"rendered":"<p>ANONIMO<\/p>\n","protected":false},"featured_media":403847,"template":"","meta":{"_acf_changed":false,"om_disable_all_campaigns":false,"rs_blank_template":"","rs_page_bg_color":"","slide_template_v7":"","inline_featured_image":false,"_monsterinsights_skip_tracking":false,"_monsterinsights_sitenote_active":false,"_monsterinsights_sitenote_note":"","_monsterinsights_sitenote_category":0},"product_brand":[],"product_cat":[354,123],"product_tag":[],"class_list":{"0":"post-403846","1":"product","2":"type-product","3":"status-publish","4":"has-post-thumbnail","6":"product_cat-clasica","7":"product_cat-classica","9":"first","10":"instock","11":"taxable","12":"shipping-taxable","13":"purchasable","14":"product-type-simple"},"acf":{"autor":"ANONIMO","codart":"847727517","libros-coleccion":"","ediciones":"1","encuadernacion":"R\u00fastica","fecha_de_publicacion":"01\/10\/2011","novedad":"0","paginas":"768","subtitulo":"","orden":"999","portada":"0","idioma":"cat","editorial":[{"ID":6342,"post_author":"3","post_date":"2022-07-28 17:50:08","post_date_gmt":"2022-07-28 15:50:08","post_content":"","post_title":"QUADERNS CREMA","post_excerpt":"","post_status":"publish","comment_status":"closed","ping_status":"closed","post_password":"","post_name":"quaderns-crema","to_ping":"","pinged":"","post_modified":"2022-07-28 17:50:08","post_modified_gmt":"2022-07-28 15:50:08","post_content_filtered":"","post_parent":0,"guid":"http:\/\/dev.claret.cat\/editorial\/quaderns-crema\/","menu_order":0,"post_type":"editorial","post_mime_type":"","comment_count":"0","filter":"raw"}],"autores-libros":[{"ID":171225,"post_author":"3","post_date":"2022-10-14 22:41:41","post_date_gmt":"2022-10-14 20:41:41","post_content":"","post_title":"WALTER MOSLEY","post_excerpt":"","post_status":"publish","comment_status":"closed","ping_status":"closed","post_password":"","post_name":"walter-mosley","to_ping":"","pinged":"","post_modified":"2022-10-14 22:41:41","post_modified_gmt":"2022-10-14 20:41:41","post_content_filtered":"","post_parent":0,"guid":"http:\/\/dev.claret.cat\/autor\/walter-mosley\/","menu_order":0,"post_type":"autor","post_mime_type":"","comment_count":"0","filter":"raw"}]},"aioseo_notices":[],"_links":{"self":[{"href":"https:\/\/www.claret.cat\/es\/wp-json\/wp\/v2\/product\/403846","targetHints":{"allow":["GET"]}}],"collection":[{"href":"https:\/\/www.claret.cat\/es\/wp-json\/wp\/v2\/product"}],"about":[{"href":"https:\/\/www.claret.cat\/es\/wp-json\/wp\/v2\/types\/product"}],"wp:featuredmedia":[{"embeddable":true,"href":"https:\/\/www.claret.cat\/es\/wp-json\/wp\/v2\/media\/403847"}],"wp:attachment":[{"href":"https:\/\/www.claret.cat\/es\/wp-json\/wp\/v2\/media?parent=403846"}],"wp:term":[{"taxonomy":"product_brand","embeddable":true,"href":"https:\/\/www.claret.cat\/es\/wp-json\/wp\/v2\/product_brand?post=403846"},{"taxonomy":"product_cat","embeddable":true,"href":"https:\/\/www.claret.cat\/es\/wp-json\/wp\/v2\/product_cat?post=403846"},{"taxonomy":"product_tag","embeddable":true,"href":"https:\/\/www.claret.cat\/es\/wp-json\/wp\/v2\/product_tag?post=403846"}],"curies":[{"name":"wp","href":"https:\/\/api.w.org\/{rel}","templated":true}]}}