{"id":403951,"date":"2023-02-27T08:06:39","date_gmt":"2023-02-27T07:06:39","guid":{"rendered":"https:\/\/www.claret.cat\/llibre\/por-que-beethoven-tiro-el-estofado-9788477744443\/"},"modified":"2023-02-27T08:06:45","modified_gmt":"2023-02-27T07:06:45","slug":"por-que-beethoven-tiro-el-estofado-9788477744443","status":"publish","type":"product","link":"https:\/\/www.claret.cat\/es\/libro\/por-que-beethoven-tiro-el-estofado-9788477744443\/","title":{"rendered":"POR QU\u00c9 BEETHOVEN TIR\u00d3 EL ESTOFADO"},"content":{"rendered":"<p>&#8216;Por qu\u00e9 Beethoven tir\u00f3 el estofado&#8217; es un apasionante recorrido por la vida y la obra<br \/> de seis compositores geniales, Johann Sebastian Bach, Wolfgang Amadeus Mozart,<br \/> Ludwig van Beethoven, Robert Schumann, Johannes Brahms e Igor Stravinsky, por los<br \/> cuales el gran violonchelista siente una especial admiraci\u00f3n. Con un tono humor\u00edstico<br \/> y en apariencia despreocupado, Isserlis nos introduce en el mundo m\u00e1gico y fascinante de seis autores que, cada uno en su \u00e9poca, dieron un giro a la historia de la m\u00fasica cl\u00e1sica y la hicieron llegar a millones de personas.<\/p>\n","protected":false},"excerpt":{"rendered":"<p>ISSERLIS, STEVEN<\/p>\n","protected":false},"featured_media":403952,"template":"","meta":{"_acf_changed":false,"om_disable_all_campaigns":false,"rs_blank_template":"","rs_page_bg_color":"","slide_template_v7":"","inline_featured_image":false,"_monsterinsights_skip_tracking":false,"_monsterinsights_sitenote_active":false,"_monsterinsights_sitenote_note":"","_monsterinsights_sitenote_category":0},"product_brand":[],"product_cat":[549,99,348,82],"product_tag":[],"class_list":{"0":"post-403951","1":"product","2":"type-product","3":"status-publish","4":"has-post-thumbnail","6":"product_cat-biografias","7":"product_cat-biografies","8":"product_cat-pedagogia-2_humanidades","9":"product_cat-pedagogia","11":"first","12":"instock","13":"taxable","14":"shipping-taxable","15":"purchasable","16":"product-type-simple"},"acf":{"autor":"ISSERLIS, STEVEN","codart":"847774444","libros-coleccion":"","ediciones":"1","encuadernacion":"R\u00fastica","fecha_de_publicacion":"01\/09\/2013","novedad":"0","paginas":"165","subtitulo":"Y MUCHAS M\u00c1S HISTORIAS ACERCA DE LAS VIDAS DE GRANDES COMPOSITORES","orden":"999","portada":"0","idioma":"spa","editorial":[{"ID":261764,"post_author":"3","post_date":"2022-10-24 11:15:32","post_date_gmt":"2022-10-24 09:15:32","post_content":"","post_title":"A. Machado Libros S. A.","post_excerpt":"","post_status":"publish","comment_status":"closed","ping_status":"closed","post_password":"","post_name":"a-machado-libros-s-a","to_ping":"","pinged":"","post_modified":"2022-10-24 11:15:32","post_modified_gmt":"2022-10-24 09:15:32","post_content_filtered":"","post_parent":0,"guid":"http:\/\/dev.claret.cat\/editorial\/a-machado-libros-s-a\/","menu_order":0,"post_type":"editorial","post_mime_type":"","comment_count":"0","filter":"raw"}],"autores-libros":[{"ID":403950,"post_author":"3","post_date":"2023-02-27 08:06:37","post_date_gmt":"2023-02-27 07:06:37","post_content":"","post_title":"STEVEN ISSERLIS","post_excerpt":"","post_status":"publish","comment_status":"closed","ping_status":"closed","post_password":"","post_name":"steven-isserlis","to_ping":"","pinged":"","post_modified":"2023-02-27 08:06:37","post_modified_gmt":"2023-02-27 07:06:37","post_content_filtered":"","post_parent":0,"guid":"https:\/\/www.claret.cat\/autor\/steven-isserlis\/","menu_order":0,"post_type":"autor","post_mime_type":"","comment_count":"0","filter":"raw"}]},"aioseo_notices":[],"_links":{"self":[{"href":"https:\/\/www.claret.cat\/es\/wp-json\/wp\/v2\/product\/403951","targetHints":{"allow":["GET"]}}],"collection":[{"href":"https:\/\/www.claret.cat\/es\/wp-json\/wp\/v2\/product"}],"about":[{"href":"https:\/\/www.claret.cat\/es\/wp-json\/wp\/v2\/types\/product"}],"wp:featuredmedia":[{"embeddable":true,"href":"https:\/\/www.claret.cat\/es\/wp-json\/wp\/v2\/media\/403952"}],"wp:attachment":[{"href":"https:\/\/www.claret.cat\/es\/wp-json\/wp\/v2\/media?parent=403951"}],"wp:term":[{"taxonomy":"product_brand","embeddable":true,"href":"https:\/\/www.claret.cat\/es\/wp-json\/wp\/v2\/product_brand?post=403951"},{"taxonomy":"product_cat","embeddable":true,"href":"https:\/\/www.claret.cat\/es\/wp-json\/wp\/v2\/product_cat?post=403951"},{"taxonomy":"product_tag","embeddable":true,"href":"https:\/\/www.claret.cat\/es\/wp-json\/wp\/v2\/product_tag?post=403951"}],"curies":[{"name":"wp","href":"https:\/\/api.w.org\/{rel}","templated":true}]}}