{"id":404121,"date":"2023-02-27T08:16:55","date_gmt":"2023-02-27T07:16:55","guid":{"rendered":"https:\/\/www.claret.cat\/llibre\/el-petit-princep-amb-les-aquarelles-de-lautor-9788478887224\/"},"modified":"2025-11-26T18:10:34","modified_gmt":"2025-11-26T17:10:34","slug":"el-petit-princep-amb-les-aquarelles-de-lautor-9788478887224","status":"publish","type":"product","link":"https:\/\/www.claret.cat\/es\/libro\/el-petit-princep-amb-les-aquarelles-de-lautor-9788478887224\/","title":{"rendered":"EL PETIT PR\u00cdNCEP AMB LES AQUAREL.LES DE L&#8217;AUTOR"},"content":{"rendered":"<p>El Petit Pr\u00edncep \u00e9s, sens dubte, una faula sobre la recerca permanent de l\u2019home, posant de manifest alguns dels trets que ens fan humans com l\u2019amistat, la bondat, la imaginaci\u00f3, l\u2019entusiasme pel coneixement&#8230;<\/p>\n","protected":false},"excerpt":{"rendered":"<p>SAINT-EXUP\u00c9RY, ANTOINE DE<\/p>\n","protected":false},"featured_media":404122,"template":"","meta":{"_acf_changed":false,"om_disable_all_campaigns":false,"rs_blank_template":"","rs_page_bg_color":"","slide_template_v7":"","inline_featured_image":false,"_monsterinsights_skip_tracking":false,"_monsterinsights_sitenote_active":false,"_monsterinsights_sitenote_note":"","_monsterinsights_sitenote_category":0},"product_brand":[],"product_cat":[87,353],"product_tag":[],"class_list":{"0":"post-404121","1":"product","2":"type-product","3":"status-publish","4":"has-post-thumbnail","6":"product_cat-literatura","7":"product_cat-literatura-2_humanidades","9":"first","10":"instock","11":"taxable","12":"shipping-taxable","13":"purchasable","14":"product-type-simple"},"acf":{"autor":"SAINT-EXUP\u00c9RY, ANTOINE DE","codart":"847888722","libros-coleccion":"","ediciones":"1","encuadernacion":"R\u00fastica","fecha_de_publicacion":"02\/06\/2008","novedad":"0","paginas":"31","subtitulo":"AMB TEXT ORIGINAL FRANC\u00c8S","orden":"999","portada":"0","idioma":"cat","editorial":[{"ID":148772,"post_author":"3","post_date":"2022-10-14 12:00:51","post_date_gmt":"2022-10-14 10:00:51","post_content":"","post_title":"SALAMANDRA, S.A., EDICIONES","post_excerpt":"","post_status":"publish","comment_status":"closed","ping_status":"closed","post_password":"","post_name":"salamandra-s-a-ediciones","to_ping":"","pinged":"","post_modified":"2022-10-14 12:00:51","post_modified_gmt":"2022-10-14 10:00:51","post_content_filtered":"","post_parent":0,"guid":"http:\/\/dev.claret.cat\/editorial\/salamandra-s-a-ediciones\/","menu_order":0,"post_type":"editorial","post_mime_type":"","comment_count":"0","filter":"raw"}],"autores-libros":[{"ID":150784,"post_author":"3","post_date":"2022-10-14 14:35:43","post_date_gmt":"2022-10-14 12:35:43","post_content":"","post_title":"ANTOINE DE SAINT-EXUPERY","post_excerpt":"","post_status":"publish","comment_status":"closed","ping_status":"closed","post_password":"","post_name":"antoine-de-saint-exupery","to_ping":"","pinged":"","post_modified":"2022-10-14 14:35:43","post_modified_gmt":"2022-10-14 12:35:43","post_content_filtered":"","post_parent":0,"guid":"http:\/\/dev.claret.cat\/autor\/antoine-de-saint-exupery\/","menu_order":0,"post_type":"autor","post_mime_type":"","comment_count":"0","filter":"raw"}],"booktrailer":"","resenas":""},"aioseo_notices":[],"_links":{"self":[{"href":"https:\/\/www.claret.cat\/es\/wp-json\/wp\/v2\/product\/404121","targetHints":{"allow":["GET"]}}],"collection":[{"href":"https:\/\/www.claret.cat\/es\/wp-json\/wp\/v2\/product"}],"about":[{"href":"https:\/\/www.claret.cat\/es\/wp-json\/wp\/v2\/types\/product"}],"wp:featuredmedia":[{"embeddable":true,"href":"https:\/\/www.claret.cat\/es\/wp-json\/wp\/v2\/media\/404122"}],"wp:attachment":[{"href":"https:\/\/www.claret.cat\/es\/wp-json\/wp\/v2\/media?parent=404121"}],"wp:term":[{"taxonomy":"product_brand","embeddable":true,"href":"https:\/\/www.claret.cat\/es\/wp-json\/wp\/v2\/product_brand?post=404121"},{"taxonomy":"product_cat","embeddable":true,"href":"https:\/\/www.claret.cat\/es\/wp-json\/wp\/v2\/product_cat?post=404121"},{"taxonomy":"product_tag","embeddable":true,"href":"https:\/\/www.claret.cat\/es\/wp-json\/wp\/v2\/product_tag?post=404121"}],"curies":[{"name":"wp","href":"https:\/\/api.w.org\/{rel}","templated":true}]}}