{"id":404230,"date":"2023-02-27T08:23:34","date_gmt":"2023-02-27T07:23:34","guid":{"rendered":"https:\/\/www.claret.cat\/llibre\/mil-anos-de-santidad-seglar-en-la-iglesia-9788479145279\/"},"modified":"2023-02-27T08:23:40","modified_gmt":"2023-02-27T07:23:40","slug":"mil-anos-de-santidad-seglar-en-la-iglesia-9788479145279","status":"publish","type":"product","link":"https:\/\/www.claret.cat\/es\/libro\/mil-anos-de-santidad-seglar-en-la-iglesia-9788479145279\/","title":{"rendered":"MIL A\u00d1OS DE SANTIDAD SEGLAR EN LA IGLESIA"},"content":{"rendered":"<p>Despu\u00e9s de que en los primeros siglos de la Iglesia concurrieran juntos al martirio los pastores y los fieles de la Iglesia, vino una \u00e9poca en que la santidad pareci\u00f3 destacar m\u00e1s en obispos y monjes que en el resto de la comunidad eclesial. Pero, aun as\u00ed, nunca faltaron seglares que brillaron por su santidad de vida, y la Iglesia no dud\u00f3 en incluirlos en su calendario. En este libro nos fijamos en aquellos hombres y mujeres del segundo milenio que, sin haber profesado los votos religiosos, sino permaneciendo en el estado seglar, han alcanzado fama y reconocimiento de santos o beatos, y como tales son venerados en la Iglesia. Nunca han faltado, pero en este \u00faltimo siglo han florecido de manera especial, acorde con la renovada conciencia eclesial de que la santidad es para todos. Muy especialmente los seglares han estado presentes en las grandes epopeyas martiriales de las \u00faltimas centurias, y han dado la cara en las grandes ocasiones y problemas de la Iglesia. La llamada universal a la santidad de todos los fieles, subrayada por el Concilio Vaticano II, halla su comprobaci\u00f3n pr\u00e1ctica en tantos seglares como figuran con justicia en un santoral seglar.<\/p>\n","protected":false},"excerpt":{"rendered":"<p>REPETTO BETTES, JOS\u00c9 LUIS<\/p>\n","protected":false},"featured_media":404231,"template":"","meta":{"_acf_changed":false,"om_disable_all_campaigns":false,"rs_blank_template":"","rs_page_bg_color":"","slide_template_v7":"","inline_featured_image":false,"_monsterinsights_skip_tracking":false,"_monsterinsights_sitenote_active":false,"_monsterinsights_sitenote_note":"","_monsterinsights_sitenote_category":0},"product_brand":[],"product_cat":[78,344,545,95],"product_tag":[],"class_list":{"0":"post-404230","1":"product","2":"type-product","3":"status-publish","4":"has-post-thumbnail","6":"product_cat-pastoral","7":"product_cat-pastoral-1_espiritualidad","8":"product_cat-santoral-1_espiritualidad-spa","9":"product_cat-santoral","11":"first","12":"instock","13":"taxable","14":"shipping-taxable","15":"purchasable","16":"product-type-simple"},"acf":{"autor":"REPETTO BETTES, JOS\u00c9 LUIS","codart":"847914527","libros-coleccion":"ESTUDIOS Y ENSAYOS","ediciones":"1","encuadernacion":"R\u00fastica","fecha_de_publicacion":"01\/02\/2002","novedad":"0","paginas":"445","subtitulo":"SANTOS Y BEATOS DEL SEGUNDO MILENIO","orden":"999","portada":"0","idioma":"spa","editorial":[{"ID":6143,"post_author":"3","post_date":"2022-07-28 17:45:48","post_date_gmt":"2022-07-28 15:45:48","post_content":"","post_title":"BIBLIOTECA AUTORES CRISTIANOS","post_excerpt":"","post_status":"publish","comment_status":"closed","ping_status":"closed","post_password":"","post_name":"biblioteca-autores-cristianos","to_ping":"","pinged":"","post_modified":"2022-07-28 17:45:48","post_modified_gmt":"2022-07-28 15:45:48","post_content_filtered":"","post_parent":0,"guid":"http:\/\/dev.claret.cat\/editorial\/biblioteca-autores-cristianos\/","menu_order":0,"post_type":"editorial","post_mime_type":"","comment_count":"0","filter":"raw"}],"autores-libros":[{"ID":160361,"post_author":"3","post_date":"2022-10-14 15:52:27","post_date_gmt":"2022-10-14 13:52:27","post_content":"","post_title":"JOSE LUIS REPETTO","post_excerpt":"","post_status":"publish","comment_status":"closed","ping_status":"closed","post_password":"","post_name":"jose-luis-repetto","to_ping":"","pinged":"","post_modified":"2022-10-14 15:52:27","post_modified_gmt":"2022-10-14 13:52:27","post_content_filtered":"","post_parent":0,"guid":"http:\/\/dev.claret.cat\/autor\/jose-luis-repetto\/","menu_order":0,"post_type":"autor","post_mime_type":"","comment_count":"0","filter":"raw"}]},"aioseo_notices":[],"_links":{"self":[{"href":"https:\/\/www.claret.cat\/es\/wp-json\/wp\/v2\/product\/404230","targetHints":{"allow":["GET"]}}],"collection":[{"href":"https:\/\/www.claret.cat\/es\/wp-json\/wp\/v2\/product"}],"about":[{"href":"https:\/\/www.claret.cat\/es\/wp-json\/wp\/v2\/types\/product"}],"wp:featuredmedia":[{"embeddable":true,"href":"https:\/\/www.claret.cat\/es\/wp-json\/wp\/v2\/media\/404231"}],"wp:attachment":[{"href":"https:\/\/www.claret.cat\/es\/wp-json\/wp\/v2\/media?parent=404230"}],"wp:term":[{"taxonomy":"product_brand","embeddable":true,"href":"https:\/\/www.claret.cat\/es\/wp-json\/wp\/v2\/product_brand?post=404230"},{"taxonomy":"product_cat","embeddable":true,"href":"https:\/\/www.claret.cat\/es\/wp-json\/wp\/v2\/product_cat?post=404230"},{"taxonomy":"product_tag","embeddable":true,"href":"https:\/\/www.claret.cat\/es\/wp-json\/wp\/v2\/product_tag?post=404230"}],"curies":[{"name":"wp","href":"https:\/\/api.w.org\/{rel}","templated":true}]}}