{"id":404280,"date":"2023-02-27T12:30:14","date_gmt":"2023-02-27T11:30:14","guid":{"rendered":"https:\/\/www.claret.cat\/llibre\/filosofia-logica-9788430968961\/"},"modified":"2023-10-11T04:13:38","modified_gmt":"2023-10-11T02:13:38","slug":"filosofia-logica-9788430968961","status":"publish","type":"product","link":"https:\/\/www.claret.cat\/es\/libro\/filosofia-logica-9788430968961\/","title":{"rendered":"FILOSOF\u00cdA L\u00d3GICA"},"content":{"rendered":"<p>El texto que aqu\u00ed transcribimos pertenece a una libreta manuscrita por Miguel de Unamuno en Bilbao en el a\u00f1o 1886, como \u00e9l mismo indica en la portada. Se trata de un peque\u00f1o cuaderno conservado en la Casa-Museo Unamuno de Salamanca, en tama\u00f1o de octavilla de papel cuadriculado, compuesto por noventa y cuatro p\u00e1ginas numeradas, cuyas dimensiones<br \/> son 168 \u00d7 105 mm. En esta edici\u00f3n, hemos reproducido el contenido adaptando la ortograf\u00eda de Unamuno a la actual, para mayor comodidad y facilidad de comprensi\u00f3n del lector.<\/p>\n","protected":false},"excerpt":{"rendered":"<p>UNAMUNO, MIGUEL DE<\/p>\n","protected":false},"featured_media":404281,"template":"","meta":{"_acf_changed":false,"om_disable_all_campaigns":false,"rs_blank_template":"","rs_page_bg_color":"","slide_template_v7":"","inline_featured_image":false,"_monsterinsights_skip_tracking":false,"_monsterinsights_sitenote_active":false,"_monsterinsights_sitenote_note":"","_monsterinsights_sitenote_category":0},"product_brand":[],"product_cat":[90,540],"product_tag":[],"class_list":{"0":"post-404280","1":"product","2":"type-product","3":"status-publish","4":"has-post-thumbnail","6":"product_cat-altres","7":"product_cat-otros","9":"first","10":"instock","11":"taxable","12":"shipping-taxable","13":"purchasable","14":"product-type-simple"},"acf":{"autor":"UNAMUNO, MIGUEL DE","codart":"843096896","libros-coleccion":"Filosof\u00eda - Los Esenciales De La Filosof","ediciones":"1","encuadernacion":"R\u00fastica","fecha_de_publicacion":"01\/06\/2016","novedad":"1","paginas":"138","subtitulo":"","orden":"0","portada":"0","idioma":"spa","editorial":[{"ID":6373,"post_author":"3","post_date":"2022-07-28 17:50:48","post_date_gmt":"2022-07-28 15:50:48","post_content":"","post_title":"Tecnos","post_excerpt":"","post_status":"publish","comment_status":"closed","ping_status":"closed","post_password":"","post_name":"tecnos","to_ping":"","pinged":"","post_modified":"2022-07-28 17:50:48","post_modified_gmt":"2022-07-28 15:50:48","post_content_filtered":"","post_parent":0,"guid":"http:\/\/dev.claret.cat\/editorial\/tecnos\/","menu_order":0,"post_type":"editorial","post_mime_type":"","comment_count":"0","filter":"raw"}],"autores-libros":[{"ID":164982,"post_author":"3","post_date":"2022-10-14 17:51:26","post_date_gmt":"2022-10-14 15:51:26","post_content":"","post_title":"MIGUEL DE UNAMUNO","post_excerpt":"","post_status":"publish","comment_status":"closed","ping_status":"closed","post_password":"","post_name":"miguel-de-unamuno","to_ping":"","pinged":"","post_modified":"2022-10-14 17:51:26","post_modified_gmt":"2022-10-14 15:51:26","post_content_filtered":"","post_parent":0,"guid":"http:\/\/dev.claret.cat\/autor\/miguel-de-unamuno\/","menu_order":0,"post_type":"autor","post_mime_type":"","comment_count":"0","filter":"raw"}]},"aioseo_notices":[],"_links":{"self":[{"href":"https:\/\/www.claret.cat\/es\/wp-json\/wp\/v2\/product\/404280","targetHints":{"allow":["GET"]}}],"collection":[{"href":"https:\/\/www.claret.cat\/es\/wp-json\/wp\/v2\/product"}],"about":[{"href":"https:\/\/www.claret.cat\/es\/wp-json\/wp\/v2\/types\/product"}],"wp:featuredmedia":[{"embeddable":true,"href":"https:\/\/www.claret.cat\/es\/wp-json\/wp\/v2\/media\/404281"}],"wp:attachment":[{"href":"https:\/\/www.claret.cat\/es\/wp-json\/wp\/v2\/media?parent=404280"}],"wp:term":[{"taxonomy":"product_brand","embeddable":true,"href":"https:\/\/www.claret.cat\/es\/wp-json\/wp\/v2\/product_brand?post=404280"},{"taxonomy":"product_cat","embeddable":true,"href":"https:\/\/www.claret.cat\/es\/wp-json\/wp\/v2\/product_cat?post=404280"},{"taxonomy":"product_tag","embeddable":true,"href":"https:\/\/www.claret.cat\/es\/wp-json\/wp\/v2\/product_tag?post=404280"}],"curies":[{"name":"wp","href":"https:\/\/api.w.org\/{rel}","templated":true}]}}