{"id":40434,"date":"2022-10-02T19:24:20","date_gmt":"2022-10-02T17:24:20","guid":{"rendered":"http:\/\/dev.claret.cat\/producte\/todo-este-tiempo\/"},"modified":"2023-01-28T18:00:37","modified_gmt":"2023-01-28T17:00:37","slug":"todo-este-tiempo-9788417605698","status":"publish","type":"product","link":"https:\/\/www.claret.cat\/es\/libro\/todo-este-tiempo-9788417605698\/","title":{"rendered":"TODO ESTE TIEMPO"},"content":{"rendered":"<p>Una emocionante novela de Rachael Lippincott, la autora del best seller A dos metros de ti. \u00bfEs posible encontrar el amor despu\u00e9s de perderlo todo? Una intensa y reveladora historia de amor que te har\u00e1 creer en el destino. Kyle y Kimberly eran la pareja perfecta desde el instituto. Pero la  noche de su graduaci\u00f3n tienen un accidente de coche y Kimberly muere. La vida de Kyle cambia para siempre y no parece que nadie pueda entender c\u00f3mo se siente. Hasta que llega Marley. Ella tambi\u00e9n est\u00e1 pasando por una situaci\u00f3n similar y, cuando conoce a  Kyle, todas sus emociones secretas y nunca dichas conectan inmediatamente. Ambos han encontrado en el otro la respuesta a su dolor, pero algo est\u00e1 a punto de ocurrir que har\u00e1 que sus vidas estallen de la forma m\u00e1s insospechada.<\/p>\n","protected":false},"excerpt":{"rendered":"<p>LIPPINCOTT, RACHAEL \/ DAUGHTRY, MIKKI<\/p>\n","protected":false},"featured_media":56951,"template":"","meta":{"_acf_changed":false,"om_disable_all_campaigns":false,"rs_blank_template":"","rs_page_bg_color":"","slide_template_v7":"","inline_featured_image":false,"_monsterinsights_skip_tracking":false,"_monsterinsights_sitenote_active":false,"_monsterinsights_sitenote_note":"","_monsterinsights_sitenote_category":0},"product_brand":[],"product_cat":[133],"product_tag":[],"class_list":{"0":"post-40434","1":"product","2":"type-product","3":"status-publish","4":"has-post-thumbnail","6":"product_cat-lectures-per-adolescents-12-18-anys","8":"first","9":"instock","10":"taxable","11":"shipping-taxable","12":"purchasable","13":"product-type-simple"},"acf":{"autor":"LIPPINCOTT, RACHAEL \/ DAUGHTRY, MIKKI","codart":"841760569","libros-coleccion":"NUBE DE TINTA","ediciones":"1","encuadernacion":"R\u00fastica","fecha_de_publicacion":"01\/04\/2021","novedad":"1","paginas":"0","subtitulo":"","orden":"0","portada":"0","idioma":"spa","editorial":[{"ID":148591,"post_author":"3","post_date":"2022-10-14 11:59:26","post_date_gmt":"2022-10-14 09:59:26","post_content":"","post_title":"NUBE DE TINTA","post_excerpt":"","post_status":"publish","comment_status":"closed","ping_status":"closed","post_password":"","post_name":"nube-de-tinta","to_ping":"","pinged":"","post_modified":"2022-10-14 11:59:26","post_modified_gmt":"2022-10-14 09:59:26","post_content_filtered":"","post_parent":0,"guid":"http:\/\/dev.claret.cat\/editorial\/nube-de-tinta\/","menu_order":0,"post_type":"editorial","post_mime_type":"","comment_count":"0","filter":"raw"}],"autores-libros":[{"ID":167511,"post_author":"3","post_date":"2022-10-14 18:11:47","post_date_gmt":"2022-10-14 16:11:47","post_content":"","post_title":"RACHAEL LIPPINCOTT","post_excerpt":"","post_status":"publish","comment_status":"closed","ping_status":"closed","post_password":"","post_name":"rachael-lippincott","to_ping":"","pinged":"","post_modified":"2022-10-14 18:11:47","post_modified_gmt":"2022-10-14 16:11:47","post_content_filtered":"","post_parent":0,"guid":"http:\/\/dev.claret.cat\/autor\/rachael-lippincott\/","menu_order":0,"post_type":"autor","post_mime_type":"","comment_count":"0","filter":"raw"},{"ID":165080,"post_author":"3","post_date":"2022-10-14 17:52:14","post_date_gmt":"2022-10-14 15:52:14","post_content":"","post_title":"MIKKI DAUGHTRY","post_excerpt":"","post_status":"publish","comment_status":"closed","ping_status":"closed","post_password":"","post_name":"mikki-daughtry","to_ping":"","pinged":"","post_modified":"2022-10-14 17:52:14","post_modified_gmt":"2022-10-14 15:52:14","post_content_filtered":"","post_parent":0,"guid":"http:\/\/dev.claret.cat\/autor\/mikki-daughtry\/","menu_order":0,"post_type":"autor","post_mime_type":"","comment_count":"0","filter":"raw"}]},"aioseo_notices":[],"_links":{"self":[{"href":"https:\/\/www.claret.cat\/es\/wp-json\/wp\/v2\/product\/40434","targetHints":{"allow":["GET"]}}],"collection":[{"href":"https:\/\/www.claret.cat\/es\/wp-json\/wp\/v2\/product"}],"about":[{"href":"https:\/\/www.claret.cat\/es\/wp-json\/wp\/v2\/types\/product"}],"wp:featuredmedia":[{"embeddable":true,"href":"https:\/\/www.claret.cat\/es\/wp-json\/wp\/v2\/media\/56951"}],"wp:attachment":[{"href":"https:\/\/www.claret.cat\/es\/wp-json\/wp\/v2\/media?parent=40434"}],"wp:term":[{"taxonomy":"product_brand","embeddable":true,"href":"https:\/\/www.claret.cat\/es\/wp-json\/wp\/v2\/product_brand?post=40434"},{"taxonomy":"product_cat","embeddable":true,"href":"https:\/\/www.claret.cat\/es\/wp-json\/wp\/v2\/product_cat?post=40434"},{"taxonomy":"product_tag","embeddable":true,"href":"https:\/\/www.claret.cat\/es\/wp-json\/wp\/v2\/product_tag?post=40434"}],"curies":[{"name":"wp","href":"https:\/\/api.w.org\/{rel}","templated":true}]}}