{"id":404429,"date":"2023-02-27T23:48:49","date_gmt":"2023-02-27T22:48:49","guid":{"rendered":"https:\/\/www.claret.cat\/llibre\/suma-de-teologia-ii-9788479148423\/"},"modified":"2026-03-04T17:06:55","modified_gmt":"2026-03-04T16:06:55","slug":"suma-de-teologia-ii-9788479148423","status":"publish","type":"product","link":"https:\/\/www.claret.cat\/es\/libro\/suma-de-teologia-ii-9788479148423\/","title":{"rendered":"SUMA DE TEOLOGIA II"},"content":{"rendered":"<p>La Summa Theologiae no s\u00f3lo representa la cumbre de la ciencia teol\u00f3gica tal como se cultivaba en la universidad medieval, sino que es tambi\u00e9n obra cimera del pensamiento cristiano de todos los tiempos. <br \/>Este segundo volumen alberga la Parte I-II de la Summa Theologiae. Junto con la Parte II-II, a la que van dedicados los vol\u00famenes III y IV, abarca la teolog\u00eda moral, es decir, \u00abel movimiento de la criatura racional hacia Dios\u00bb. Es, sin duda, la secci\u00f3n m\u00e1s rica y original de la Suma. El presente volumen va precedido de una documentada exposici\u00f3n sobre las caracter\u00edsticas, fuentes, novedad y estructura de esta Parte. Las ilustrativas introducciones a los tratados y las abundantes notas explicativas de los pasajes dif\u00edciles han sido redactados por profesores dominicos en centros de estudio en Espa\u00f1a. La traducci\u00f3n y las referencias a las fuentes expl\u00edcitas e impl\u00edcitas han sido preparadas sobre el texto de la edici\u00f3n cr\u00edtica Leonina.<\/p>\n","protected":false},"excerpt":{"rendered":"<p>SANTO TOMAS DE AQUINO<\/p>\n","protected":false},"featured_media":1081124,"template":"","meta":{"_acf_changed":false,"om_disable_all_campaigns":false,"rs_blank_template":"","rs_page_bg_color":"","slide_template_v7":"","inline_featured_image":false,"_monsterinsights_skip_tracking":false,"_monsterinsights_sitenote_active":false,"_monsterinsights_sitenote_note":"","_monsterinsights_sitenote_category":0},"product_brand":[],"product_cat":[275,413],"product_tag":[],"class_list":{"0":"post-404429","1":"product","2":"type-product","3":"status-publish","4":"has-post-thumbnail","6":"product_cat-fonamental","7":"product_cat-fundamental","9":"first","10":"instock","11":"taxable","12":"shipping-taxable","13":"purchasable","14":"product-type-simple"},"acf":{"autor":"SANTO TOMAS DE AQUINO","codart":"847914842","libros-coleccion":"FORA DE COL.LECCI\u00d3","ediciones":"1","encuadernacion":"[EditValue is null]","fecha_de_publicacion":"05\/11\/2009","novedad":"0","paginas":"1008","subtitulo":"","orden":"999","portada":"0","idioma":"spa","editorial":[{"ID":6139,"post_author":"3","post_date":"2022-07-28 17:45:43","post_date_gmt":"2022-07-28 15:45:43","post_content":"","post_title":"BAC","post_excerpt":"","post_status":"publish","comment_status":"closed","ping_status":"closed","post_password":"","post_name":"bac","to_ping":"","pinged":"","post_modified":"2022-07-28 17:45:43","post_modified_gmt":"2022-07-28 15:45:43","post_content_filtered":"","post_parent":0,"guid":"http:\/\/dev.claret.cat\/editorial\/bac\/","menu_order":0,"post_type":"editorial","post_mime_type":"","comment_count":"0","filter":"raw"}],"autores-libros":[{"ID":169077,"post_author":"3","post_date":"2022-10-14 22:24:17","post_date_gmt":"2022-10-14 20:24:17","post_content":"","post_title":"SANTO TOM\u00c1S DE AQUINO","post_excerpt":"","post_status":"publish","comment_status":"closed","ping_status":"closed","post_password":"","post_name":"santo-tomas-de-aquino-2","to_ping":"","pinged":"","post_modified":"2022-10-14 22:24:17","post_modified_gmt":"2022-10-14 20:24:17","post_content_filtered":"","post_parent":0,"guid":"http:\/\/dev.claret.cat\/autor\/santo-tomas-de-aquino-2\/","menu_order":0,"post_type":"autor","post_mime_type":"","comment_count":"0","filter":"raw"}],"booktrailer":"","resenas":""},"aioseo_notices":[],"_links":{"self":[{"href":"https:\/\/www.claret.cat\/es\/wp-json\/wp\/v2\/product\/404429","targetHints":{"allow":["GET"]}}],"collection":[{"href":"https:\/\/www.claret.cat\/es\/wp-json\/wp\/v2\/product"}],"about":[{"href":"https:\/\/www.claret.cat\/es\/wp-json\/wp\/v2\/types\/product"}],"wp:featuredmedia":[{"embeddable":true,"href":"https:\/\/www.claret.cat\/es\/wp-json\/wp\/v2\/media\/1081124"}],"wp:attachment":[{"href":"https:\/\/www.claret.cat\/es\/wp-json\/wp\/v2\/media?parent=404429"}],"wp:term":[{"taxonomy":"product_brand","embeddable":true,"href":"https:\/\/www.claret.cat\/es\/wp-json\/wp\/v2\/product_brand?post=404429"},{"taxonomy":"product_cat","embeddable":true,"href":"https:\/\/www.claret.cat\/es\/wp-json\/wp\/v2\/product_cat?post=404429"},{"taxonomy":"product_tag","embeddable":true,"href":"https:\/\/www.claret.cat\/es\/wp-json\/wp\/v2\/product_tag?post=404429"}],"curies":[{"name":"wp","href":"https:\/\/api.w.org\/{rel}","templated":true}]}}