{"id":404453,"date":"2023-02-27T23:53:57","date_gmt":"2023-02-27T22:53:57","guid":{"rendered":"https:\/\/www.claret.cat\/llibre\/la-pasion-de-jesus-segun-san-juan-9788479148850\/"},"modified":"2026-02-06T18:46:00","modified_gmt":"2026-02-06T17:46:00","slug":"la-pasion-de-jesus-segun-san-juan-9788479148850","status":"publish","type":"product","link":"https:\/\/www.claret.cat\/es\/libro\/la-pasion-de-jesus-segun-san-juan-9788479148850\/","title":{"rendered":"LA PASI\u00d3N DE JES\u00daS SEG\u00daN SAN JUAN"},"content":{"rendered":"<p>A trav\u00e9s del relato que el evangelista Juan hace e la pasi\u00f3n y muerte de Jes\u00fas emana toda su teolog\u00eda de la encarnaci\u00f3n, aquel misterio que desde las primeas l\u00edneas de su evangelio intentaba ya expresar.<br \/>Nuestro autor, a un tiempo exegeta y te\u00f3logo, nos ayuda con su obra a descubrir la deslumbrante novedad del mensaje de Juan, reconociendo en Jes\u00fas, en aquel hombre escarnecido y conducido al suplicio, la realidad resplandeciente del Hijo de Dios.<\/p>\n","protected":false},"excerpt":{"rendered":"<p>DE LA POTTERIE, IGNACE<\/p>\n","protected":false},"featured_media":1081875,"template":"","meta":{"_acf_changed":false,"om_disable_all_campaigns":false,"rs_blank_template":"","rs_page_bg_color":"","slide_template_v7":"","inline_featured_image":false,"_monsterinsights_skip_tracking":false,"_monsterinsights_sitenote_active":false,"_monsterinsights_sitenote_note":"","_monsterinsights_sitenote_category":0},"product_brand":[],"product_cat":[276,414,412,274,465,204],"product_tag":[],"class_list":{"0":"post-404453","1":"product","2":"type-product","3":"status-publish","4":"has-post-thumbnail","6":"product_cat-cristologia-teologia","7":"product_cat-cristologia-teologia-1_espiritualidad","8":"product_cat-estudios-sagrada-escritura","9":"product_cat-estudis-sagrada-escriptura","10":"product_cat-san-juan-y-epistolas","11":"product_cat-sant-joan-i-epistoles","13":"first","14":"outofstock","15":"taxable","16":"shipping-taxable","17":"purchasable","18":"product-type-simple"},"acf":{"autor":"DE LA POTTERIE, IGNACE","codart":"847914885","libros-coleccion":"Estudios y ensayos. Teolog\u00eda","ediciones":"1","encuadernacion":"R\u00fastica","fecha_de_publicacion":"19\/04\/2007","novedad":"0","paginas":"169","subtitulo":"TEXTO Y ESP\u00cdRITU","orden":"0","portada":"0","idioma":"spa","editorial":[{"ID":147509,"post_author":"3","post_date":"2022-10-14 11:51:07","post_date_gmt":"2022-10-14 09:51:07","post_content":"","post_title":"B.A.C.","post_excerpt":"","post_status":"publish","comment_status":"closed","ping_status":"closed","post_password":"","post_name":"b-a-c","to_ping":"","pinged":"","post_modified":"2022-10-14 11:51:07","post_modified_gmt":"2022-10-14 09:51:07","post_content_filtered":"","post_parent":0,"guid":"http:\/\/dev.claret.cat\/editorial\/b-a-c\/","menu_order":0,"post_type":"editorial","post_mime_type":"","comment_count":"0","filter":"raw"}],"autores-libros":[{"ID":404452,"post_author":"3","post_date":"2023-02-27 23:53:47","post_date_gmt":"2023-02-27 22:53:47","post_content":"","post_title":"IGNACE DE LA POTTERIE","post_excerpt":"","post_status":"publish","comment_status":"closed","ping_status":"closed","post_password":"","post_name":"ignace-de-la-potterie","to_ping":"","pinged":"","post_modified":"2023-02-27 23:53:47","post_modified_gmt":"2023-02-27 22:53:47","post_content_filtered":"","post_parent":0,"guid":"https:\/\/www.claret.cat\/autor\/ignace-de-la-potterie\/","menu_order":0,"post_type":"autor","post_mime_type":"","comment_count":"0","filter":"raw"}],"booktrailer":"","resenas":""},"aioseo_notices":[],"_links":{"self":[{"href":"https:\/\/www.claret.cat\/es\/wp-json\/wp\/v2\/product\/404453","targetHints":{"allow":["GET"]}}],"collection":[{"href":"https:\/\/www.claret.cat\/es\/wp-json\/wp\/v2\/product"}],"about":[{"href":"https:\/\/www.claret.cat\/es\/wp-json\/wp\/v2\/types\/product"}],"wp:featuredmedia":[{"embeddable":true,"href":"https:\/\/www.claret.cat\/es\/wp-json\/wp\/v2\/media\/1081875"}],"wp:attachment":[{"href":"https:\/\/www.claret.cat\/es\/wp-json\/wp\/v2\/media?parent=404453"}],"wp:term":[{"taxonomy":"product_brand","embeddable":true,"href":"https:\/\/www.claret.cat\/es\/wp-json\/wp\/v2\/product_brand?post=404453"},{"taxonomy":"product_cat","embeddable":true,"href":"https:\/\/www.claret.cat\/es\/wp-json\/wp\/v2\/product_cat?post=404453"},{"taxonomy":"product_tag","embeddable":true,"href":"https:\/\/www.claret.cat\/es\/wp-json\/wp\/v2\/product_tag?post=404453"}],"curies":[{"name":"wp","href":"https:\/\/api.w.org\/{rel}","templated":true}]}}