{"id":404468,"date":"2023-02-27T23:56:47","date_gmt":"2023-02-27T22:56:47","guid":{"rendered":"https:\/\/www.claret.cat\/llibre\/pio-xi-entre-la-republica-y-franco-9788479149284\/"},"modified":"2024-07-09T14:00:54","modified_gmt":"2024-07-09T12:00:54","slug":"pio-xi-entre-la-republica-y-franco-9788479149284","status":"publish","type":"product","link":"https:\/\/www.claret.cat\/es\/libro\/pio-xi-entre-la-republica-y-franco-9788479149284\/","title":{"rendered":"P\u00cdO XI ENTRE LA REP\u00daBLICA Y FRANCO"},"content":{"rendered":"<p>Esta obra, fruto de una rigurosa investigaci\u00f3n hist\u00f3rica, basada en documentos del Archivo Secreto Vaticano, analiza la actitud de P\u00edo XI ante la Segunda Rep\u00fablica, que reconoci\u00f3 inmediatamente en 1931; la Guerra Civil, que trat\u00f3 de impedir y mitigar, y los comienzos del R\u00e9gimen de Franco, reconocido tras muchas dudas y dificultades en 1938. Explica los debates internos y hasta ahora desconocidos de los cardenales de la Curia Romana sobre la confusa situaci\u00f3n espa\u00f1ola, as\u00ed como las intervenciones p\u00fablicas de los nuncios Tedeschini y Antoniutti, de los cardenales Segura, Vidal y Barraquer y Gom\u00e1, y tambi\u00e9n de otros obispos, durante aquella d\u00e9cada tr\u00e1gica para todos los espa\u00f1oles y, en particular, para la Iglesia, v\u00edctima de una cruenta persecuci\u00f3n religiosa.<\/p>\n<p>El libro aporta como documentaci\u00f3n in\u00e9dita las Notas Diplom\u00e1ticas de protesta que el Nuncio present\u00f3 al Gobierno republicano.<\/p>\n","protected":false},"excerpt":{"rendered":"<p>C\u00c1RCEL ORT\u00cd, VICENTE<\/p>\n","protected":false},"featured_media":404469,"template":"","meta":{"_acf_changed":false,"om_disable_all_campaigns":false,"rs_blank_template":"","rs_page_bg_color":"","slide_template_v7":"","inline_featured_image":false,"_monsterinsights_skip_tracking":false,"_monsterinsights_sitenote_active":false,"_monsterinsights_sitenote_note":"","_monsterinsights_sitenote_category":0},"product_brand":[],"product_cat":[431,154,291,517,437,163],"product_tag":[],"class_list":{"0":"post-404468","1":"product","2":"type-product","3":"status-publish","4":"has-post-thumbnail","6":"product_cat-espana","7":"product_cat-espanaya","8":"product_cat-moral-social-i-politica","9":"product_cat-moral-social-y-politica","10":"product_cat-valores-y-convivencia","11":"product_cat-valors-i-convivencia","13":"first","14":"instock","15":"taxable","16":"shipping-taxable","17":"purchasable","18":"product-type-simple"},"acf":{"autor":"C\u00c1RCEL ORT\u00cd, VICENTE","codart":"847914928","libros-coleccion":"NORMAL","ediciones":"1","encuadernacion":"Carton\u00e9","fecha_de_publicacion":"01\/04\/2008","novedad":"0","paginas":"752","subtitulo":"ANGUSTIA DEL PAPA ANTE LA TRAGEDIA ESPA\u00d1OLA","orden":"999","portada":"0","idioma":"spa","editorial":[{"ID":6143,"post_author":"3","post_date":"2022-07-28 17:45:48","post_date_gmt":"2022-07-28 15:45:48","post_content":"","post_title":"BIBLIOTECA AUTORES CRISTIANOS","post_excerpt":"","post_status":"publish","comment_status":"closed","ping_status":"closed","post_password":"","post_name":"biblioteca-autores-cristianos","to_ping":"","pinged":"","post_modified":"2022-07-28 17:45:48","post_modified_gmt":"2022-07-28 15:45:48","post_content_filtered":"","post_parent":0,"guid":"http:\/\/dev.claret.cat\/editorial\/biblioteca-autores-cristianos\/","menu_order":0,"post_type":"editorial","post_mime_type":"","comment_count":"0","filter":"raw"}],"autores-libros":[{"ID":170951,"post_author":"3","post_date":"2022-10-14 22:39:29","post_date_gmt":"2022-10-14 20:39:29","post_content":"","post_title":"VICENTE CARCEL ORTI","post_excerpt":"","post_status":"publish","comment_status":"closed","ping_status":"closed","post_password":"","post_name":"vicente-carcel-orti-2","to_ping":"","pinged":"","post_modified":"2022-10-14 22:39:29","post_modified_gmt":"2022-10-14 20:39:29","post_content_filtered":"","post_parent":0,"guid":"http:\/\/dev.claret.cat\/autor\/vicente-carcel-orti-2\/","menu_order":0,"post_type":"autor","post_mime_type":"","comment_count":"0","filter":"raw"}]},"aioseo_notices":[],"_links":{"self":[{"href":"https:\/\/www.claret.cat\/es\/wp-json\/wp\/v2\/product\/404468","targetHints":{"allow":["GET"]}}],"collection":[{"href":"https:\/\/www.claret.cat\/es\/wp-json\/wp\/v2\/product"}],"about":[{"href":"https:\/\/www.claret.cat\/es\/wp-json\/wp\/v2\/types\/product"}],"wp:featuredmedia":[{"embeddable":true,"href":"https:\/\/www.claret.cat\/es\/wp-json\/wp\/v2\/media\/404469"}],"wp:attachment":[{"href":"https:\/\/www.claret.cat\/es\/wp-json\/wp\/v2\/media?parent=404468"}],"wp:term":[{"taxonomy":"product_brand","embeddable":true,"href":"https:\/\/www.claret.cat\/es\/wp-json\/wp\/v2\/product_brand?post=404468"},{"taxonomy":"product_cat","embeddable":true,"href":"https:\/\/www.claret.cat\/es\/wp-json\/wp\/v2\/product_cat?post=404468"},{"taxonomy":"product_tag","embeddable":true,"href":"https:\/\/www.claret.cat\/es\/wp-json\/wp\/v2\/product_tag?post=404468"}],"curies":[{"name":"wp","href":"https:\/\/api.w.org\/{rel}","templated":true}]}}