{"id":404715,"date":"2023-02-28T00:43:58","date_gmt":"2023-02-27T23:43:58","guid":{"rendered":"https:\/\/www.claret.cat\/llibre\/diario-intimo-de-la-india-9788481912029\/"},"modified":"2023-02-28T00:44:11","modified_gmt":"2023-02-27T23:44:11","slug":"diario-intimo-de-la-india-9788481912029","status":"publish","type":"product","link":"https:\/\/www.claret.cat\/es\/libro\/diario-intimo-de-la-india-9788481912029\/","title":{"rendered":"\u00a0DIARIO \u00cdNTIMO DE LA INDIA"},"content":{"rendered":"<p>Eliade viaj\u00f3 a la India al terminar su licenciatura en Filosof\u00eda en la Universidad de Bucarest, a finales de 1928, becado por el maharaj\u00e1 de Kassimbazar para estudiar filosof\u00eda hind\u00fa y s\u00e1nscrito. All\u00ed permaneci\u00f3 hasta enero de 1933. Desde su puesto de observador, Eliade describe el microcosmos humano en que consist\u00eda la pensi\u00f3n angloindia de 29 Ripon St., de la se\u00f1ora Perris, en Calcuta, donde viv\u00eda. La acci\u00f3n cobra a veces un ritmo absolutamente novelesco, incluso con reproducci\u00f3n de di\u00e1logos. El propio Eliade subtitul\u00f3 su obra como &#8216;novela indirecta&#8217; y en el pr\u00f3logo explica el porqu\u00e9. Efectivamente, este libro est\u00e1 a caballo entre un diario cl\u00e1sico de anotaciones y soliloquios y una novela. Sus reflexiones nos dan ocasi\u00f3n de rastrear su biograf\u00eda espiritual y el impacto que el estudio de la cultura y la filosof\u00eda hind\u00faes supondr\u00e1n en su visi\u00f3n del mundo y de la vida. Eliade no se comport\u00f3 como un europeo sino que se enfund\u00f3 un dhoti y se sumergi\u00f3 en el ambiente en que viv\u00eda, tanto es as\u00ed que durante nueve meses vivi\u00f3 en casa de su maestro, donde surgi\u00f3 el romance con la hija, Maitreyi, que luego dar\u00eda origen a la novela de ese nombre.<\/p>\n","protected":false},"excerpt":{"rendered":"<p>ELIADE, MIRCEA<\/p>\n","protected":false},"featured_media":404716,"template":"","meta":{"_acf_changed":false,"om_disable_all_campaigns":false,"rs_blank_template":"","rs_page_bg_color":"","slide_template_v7":"","inline_featured_image":false,"_monsterinsights_skip_tracking":false,"_monsterinsights_sitenote_active":false,"_monsterinsights_sitenote_note":"","_monsterinsights_sitenote_category":0},"product_brand":[],"product_cat":[562,113],"product_tag":[],"class_list":{"0":"post-404715","1":"product","2":"type-product","3":"status-publish","4":"has-post-thumbnail","6":"product_cat-literatura-de-viajes","7":"product_cat-literatura-de-viatges","9":"first","10":"instock","11":"taxable","12":"shipping-taxable","13":"purchasable","14":"product-type-simple"},"acf":{"autor":"ELIADE, MIRCEA","codart":"848191202","libros-coleccion":"Narrativa","ediciones":"1","encuadernacion":"R\u00fastica","fecha_de_publicacion":"01\/05\/1998","novedad":"0","paginas":"2400","subtitulo":"","orden":"0","portada":"0","idioma":"spa","editorial":[{"ID":148024,"post_author":"3","post_date":"2022-10-14 11:55:03","post_date_gmt":"2022-10-14 09:55:03","post_content":"","post_title":"Editorial Pre-Textos","post_excerpt":"","post_status":"publish","comment_status":"closed","ping_status":"closed","post_password":"","post_name":"editorial-pre-textos","to_ping":"","pinged":"","post_modified":"2022-10-14 11:55:03","post_modified_gmt":"2022-10-14 09:55:03","post_content_filtered":"","post_parent":0,"guid":"http:\/\/dev.claret.cat\/editorial\/editorial-pre-textos\/","menu_order":0,"post_type":"editorial","post_mime_type":"","comment_count":"0","filter":"raw"}],"autores-libros":[{"ID":165189,"post_author":"3","post_date":"2022-10-14 17:53:08","post_date_gmt":"2022-10-14 15:53:08","post_content":"","post_title":"MIRCEA ELIADE","post_excerpt":"","post_status":"publish","comment_status":"closed","ping_status":"closed","post_password":"","post_name":"mircea-eliade","to_ping":"","pinged":"","post_modified":"2022-10-14 17:53:08","post_modified_gmt":"2022-10-14 15:53:08","post_content_filtered":"","post_parent":0,"guid":"http:\/\/dev.claret.cat\/autor\/mircea-eliade\/","menu_order":0,"post_type":"autor","post_mime_type":"","comment_count":"0","filter":"raw"}]},"aioseo_notices":[],"_links":{"self":[{"href":"https:\/\/www.claret.cat\/es\/wp-json\/wp\/v2\/product\/404715","targetHints":{"allow":["GET"]}}],"collection":[{"href":"https:\/\/www.claret.cat\/es\/wp-json\/wp\/v2\/product"}],"about":[{"href":"https:\/\/www.claret.cat\/es\/wp-json\/wp\/v2\/types\/product"}],"wp:featuredmedia":[{"embeddable":true,"href":"https:\/\/www.claret.cat\/es\/wp-json\/wp\/v2\/media\/404716"}],"wp:attachment":[{"href":"https:\/\/www.claret.cat\/es\/wp-json\/wp\/v2\/media?parent=404715"}],"wp:term":[{"taxonomy":"product_brand","embeddable":true,"href":"https:\/\/www.claret.cat\/es\/wp-json\/wp\/v2\/product_brand?post=404715"},{"taxonomy":"product_cat","embeddable":true,"href":"https:\/\/www.claret.cat\/es\/wp-json\/wp\/v2\/product_cat?post=404715"},{"taxonomy":"product_tag","embeddable":true,"href":"https:\/\/www.claret.cat\/es\/wp-json\/wp\/v2\/product_tag?post=404715"}],"curies":[{"name":"wp","href":"https:\/\/api.w.org\/{rel}","templated":true}]}}