{"id":404738,"date":"2023-02-28T00:47:40","date_gmt":"2023-02-27T23:47:40","guid":{"rendered":"https:\/\/www.claret.cat\/llibre\/aragon-rincones-que-te-sorprenderan-sua-9788482167022\/"},"modified":"2023-02-28T00:47:52","modified_gmt":"2023-02-27T23:47:52","slug":"aragon-rincones-que-te-sorprenderan-sua-9788482167022","status":"publish","type":"product","link":"https:\/\/www.claret.cat\/es\/libro\/aragon-rincones-que-te-sorprenderan-sua-9788482167022\/","title":{"rendered":"ARAG\u00d3N. RINCONES QUE TE SORPRENDER\u00c1N -SUA"},"content":{"rendered":"<p>Tierra abierta y diversa, en Arag\u00f3n hay muchos lugares imprescindibles, otros obligados, y algunos singulares; pero hay rincones que sencillamente son \u00a1sorprendentes! Y con una ventaja a\u00f1adida: la cercan\u00eda entre uno y otro permite pisar de un d\u00eda para otro un ib\u00f3n de monta\u00f1a a disfrutar de las estepas del desierto. En estas p\u00e1ginas el lector descubrir\u00e1 una selecci\u00f3n de una treintena de esos rincones sorprendentes. Desde subir a una monta\u00f1a y dejarnos sorprender por la panor\u00e1mica a dejarnos atrapar por lo que descubrimos por el camino: un \u00e1rbol protegido, un peque\u00f1o rinc\u00f3n, un antiguo pozo de hielo, una fuente, una cascada o un refrescante barranco, foces y formaciones geol\u00f3gicas, desiertos\u2026 ser\u00e1 una experiencia distinta cada vez. Son paisajes que nosotros descubrimos hoy, pero que ya fascinaron a los antiguos pobladores. Tras su visita guardaremos para siempre la experiencia de haberlos conocido, admirado y disfrutado.<\/p>\n","protected":false},"excerpt":{"rendered":"<p>MONTMANY, MARTA<\/p>\n","protected":false},"featured_media":404739,"template":"","meta":{"_acf_changed":false,"om_disable_all_campaigns":false,"rs_blank_template":"","rs_page_bg_color":"","slide_template_v7":"","inline_featured_image":false,"_monsterinsights_skip_tracking":false,"_monsterinsights_sitenote_active":false,"_monsterinsights_sitenote_note":"","_monsterinsights_sitenote_category":0},"product_brand":[],"product_cat":[557,107],"product_tag":[],"class_list":{"0":"post-404738","1":"product","2":"type-product","3":"status-publish","4":"has-post-thumbnail","6":"product_cat-guias-de-viaje","7":"product_cat-guies-de-viatge","9":"first","10":"instock","11":"taxable","12":"shipping-taxable","13":"purchasable","14":"product-type-simple"},"acf":{"autor":"MONTMANY, MARTA","codart":"848216702","libros-coleccion":"SUA","ediciones":"1","encuadernacion":"R\u00fastica","fecha_de_publicacion":"01\/04\/2019","novedad":"1","paginas":"152","subtitulo":"","orden":"0","portada":"0","idioma":"spa","editorial":[{"ID":147855,"post_author":"3","post_date":"2022-10-14 11:53:44","post_date_gmt":"2022-10-14 09:53:44","post_content":"","post_title":"EDICIONES SUA-TXINPARTETAN,S.L","post_excerpt":"","post_status":"publish","comment_status":"closed","ping_status":"closed","post_password":"","post_name":"ediciones-sua-txinpartetans-l","to_ping":"","pinged":"","post_modified":"2022-10-14 11:53:44","post_modified_gmt":"2022-10-14 09:53:44","post_content_filtered":"","post_parent":0,"guid":"http:\/\/dev.claret.cat\/editorial\/ediciones-sua-txinpartetans-l\/","menu_order":0,"post_type":"editorial","post_mime_type":"","comment_count":"0","filter":"raw"}],"autores-libros":[{"ID":5817,"post_author":"3","post_date":"2022-07-28 17:32:06","post_date_gmt":"2022-07-28 15:32:06","post_content":"","post_title":"MARTA MONTMANY","post_excerpt":"","post_status":"publish","comment_status":"closed","ping_status":"closed","post_password":"","post_name":"marta-montmany","to_ping":"","pinged":"","post_modified":"2022-07-28 17:32:06","post_modified_gmt":"2022-07-28 15:32:06","post_content_filtered":"","post_parent":0,"guid":"http:\/\/dev.claret.cat\/autor\/marta-montmany\/","menu_order":0,"post_type":"autor","post_mime_type":"","comment_count":"0","filter":"raw"}]},"aioseo_notices":[],"_links":{"self":[{"href":"https:\/\/www.claret.cat\/es\/wp-json\/wp\/v2\/product\/404738","targetHints":{"allow":["GET"]}}],"collection":[{"href":"https:\/\/www.claret.cat\/es\/wp-json\/wp\/v2\/product"}],"about":[{"href":"https:\/\/www.claret.cat\/es\/wp-json\/wp\/v2\/types\/product"}],"wp:featuredmedia":[{"embeddable":true,"href":"https:\/\/www.claret.cat\/es\/wp-json\/wp\/v2\/media\/404739"}],"wp:attachment":[{"href":"https:\/\/www.claret.cat\/es\/wp-json\/wp\/v2\/media?parent=404738"}],"wp:term":[{"taxonomy":"product_brand","embeddable":true,"href":"https:\/\/www.claret.cat\/es\/wp-json\/wp\/v2\/product_brand?post=404738"},{"taxonomy":"product_cat","embeddable":true,"href":"https:\/\/www.claret.cat\/es\/wp-json\/wp\/v2\/product_cat?post=404738"},{"taxonomy":"product_tag","embeddable":true,"href":"https:\/\/www.claret.cat\/es\/wp-json\/wp\/v2\/product_tag?post=404738"}],"curies":[{"name":"wp","href":"https:\/\/api.w.org\/{rel}","templated":true}]}}