{"id":404930,"date":"2023-02-28T01:24:47","date_gmt":"2023-02-28T00:24:47","guid":{"rendered":"https:\/\/www.claret.cat\/llibre\/el-curios-incident-del-gos-a-mitjanit-9788482649672\/"},"modified":"2023-02-28T01:24:58","modified_gmt":"2023-02-28T00:24:58","slug":"el-curios-incident-del-gos-a-mitjanit-9788482649672","status":"publish","type":"product","link":"https:\/\/www.claret.cat\/es\/libro\/el-curios-incident-del-gos-a-mitjanit-9788482649672\/","title":{"rendered":"EL CURIOS INCIDENT DEL GOS A MITJANIT"},"content":{"rendered":"<p>Elogiada amb entusiasme per milions de lectors arreu del m\u00f3n, El curi\u00f3s incident del gos a mitjanit \u00e9s una novel\u00b7la que no s&#8217;assembla a cap altra. El narrador, Christopher Boone, t\u00e9 quinze anys i pateix una forma lleu d&#8217;autisme. \u00c9s tot un expert en matem\u00e0tiques, per\u00f2 sap molt poques coses sobre els els \u00e9ssers humans. Li agraden les llistes, els sistemes, la veritat&#8230; Odia el groc, el marr\u00f3 i que el toquin. Mai ha anat sol m\u00e9s enll\u00e0 de la botiga de lacantonada, per\u00f2 quan descobreix que alg\u00fa ha matat el gos d&#8217;una ve\u00efna decideix iniciar una investigaci\u00f3. Lluny de fracassar, la recerca d&#8217;en Christopher, que emula el seu admirat Sherlock Holmes -el model de detectiu obsessionat amb el distanciament i l&#8217;an\u00e0lisi dels fets-, q\u00fcestionar\u00e0 ben aviat el sentit com\u00fa i el comportament dels adults que l&#8217;envolten. En pocs anys, El curi\u00f3s incident del gos a mitjanit ha esdevingut tot un cl\u00e0ssic.<\/p>\n","protected":false},"excerpt":{"rendered":"<p>HADDON, MARK<\/p>\n","protected":false},"featured_media":404931,"template":"","meta":{"_acf_changed":false,"om_disable_all_campaigns":false,"rs_blank_template":"","rs_page_bg_color":"","slide_template_v7":"","inline_featured_image":false,"_monsterinsights_skip_tracking":false,"_monsterinsights_sitenote_active":false,"_monsterinsights_sitenote_note":"","_monsterinsights_sitenote_category":0},"product_brand":[],"product_cat":[87,353],"product_tag":[],"class_list":{"0":"post-404930","1":"product","2":"type-product","3":"status-publish","4":"has-post-thumbnail","6":"product_cat-literatura","7":"product_cat-literatura-2_humanidades","9":"first","10":"instock","11":"taxable","12":"shipping-taxable","13":"purchasable","14":"product-type-simple"},"acf":{"autor":"HADDON, MARK","codart":"848264967","libros-coleccion":"","ediciones":"1","encuadernacion":"R\u00fastica","fecha_de_publicacion":"18\/01\/2011","novedad":"0","paginas":"269","subtitulo":"","orden":"999","portada":"0","idioma":"cat","editorial":[{"ID":148492,"post_author":"3","post_date":"2022-10-14 11:58:40","post_date_gmt":"2022-10-14 09:58:40","post_content":"","post_title":"MAGRANA, LA","post_excerpt":"","post_status":"publish","comment_status":"closed","ping_status":"closed","post_password":"","post_name":"magrana-la","to_ping":"","pinged":"","post_modified":"2022-10-14 11:58:40","post_modified_gmt":"2022-10-14 09:58:40","post_content_filtered":"","post_parent":0,"guid":"http:\/\/dev.claret.cat\/editorial\/magrana-la\/","menu_order":0,"post_type":"editorial","post_mime_type":"","comment_count":"0","filter":"raw"}],"autores-libros":[{"ID":164070,"post_author":"3","post_date":"2022-10-14 17:44:07","post_date_gmt":"2022-10-14 15:44:07","post_content":"","post_title":"MARK HADDON","post_excerpt":"","post_status":"publish","comment_status":"closed","ping_status":"closed","post_password":"","post_name":"mark-haddon","to_ping":"","pinged":"","post_modified":"2022-10-14 17:44:07","post_modified_gmt":"2022-10-14 15:44:07","post_content_filtered":"","post_parent":0,"guid":"http:\/\/dev.claret.cat\/autor\/mark-haddon\/","menu_order":0,"post_type":"autor","post_mime_type":"","comment_count":"0","filter":"raw"}]},"aioseo_notices":[],"_links":{"self":[{"href":"https:\/\/www.claret.cat\/es\/wp-json\/wp\/v2\/product\/404930","targetHints":{"allow":["GET"]}}],"collection":[{"href":"https:\/\/www.claret.cat\/es\/wp-json\/wp\/v2\/product"}],"about":[{"href":"https:\/\/www.claret.cat\/es\/wp-json\/wp\/v2\/types\/product"}],"wp:featuredmedia":[{"embeddable":true,"href":"https:\/\/www.claret.cat\/es\/wp-json\/wp\/v2\/media\/404931"}],"wp:attachment":[{"href":"https:\/\/www.claret.cat\/es\/wp-json\/wp\/v2\/media?parent=404930"}],"wp:term":[{"taxonomy":"product_brand","embeddable":true,"href":"https:\/\/www.claret.cat\/es\/wp-json\/wp\/v2\/product_brand?post=404930"},{"taxonomy":"product_cat","embeddable":true,"href":"https:\/\/www.claret.cat\/es\/wp-json\/wp\/v2\/product_cat?post=404930"},{"taxonomy":"product_tag","embeddable":true,"href":"https:\/\/www.claret.cat\/es\/wp-json\/wp\/v2\/product_tag?post=404930"}],"curies":[{"name":"wp","href":"https:\/\/api.w.org\/{rel}","templated":true}]}}