{"id":404945,"date":"2023-02-28T01:27:28","date_gmt":"2023-02-28T00:27:28","guid":{"rendered":"https:\/\/www.claret.cat\/llibre\/introduccion-a-la-biblia-hebrea-9788482677309\/"},"modified":"2024-04-20T11:46:02","modified_gmt":"2024-04-20T09:46:02","slug":"introduccion-a-la-biblia-hebrea-9788482677309","status":"publish","type":"product","link":"https:\/\/www.claret.cat\/es\/libro\/introduccion-a-la-biblia-hebrea-9788482677309\/","title":{"rendered":"INTRODUCCI\u00d3N A LA BIBLIA HEBREA"},"content":{"rendered":"<p>Una obra magistral y eficaz en los procesos de actualizaci\u00f3n, comprensi\u00f3n y contextualizaci\u00f3n de la Biblia Hebrea. Identifica temas conflictivos y principales, para analizarlos, y proporcionar las pautas para su adecuada comprensi\u00f3n y consecuente contextualizaci\u00f3n, desde una ex\u00e9gesis y estudio b\u00edblico  contempor\u00e1neo. <\/p>\n<p>Se incluye temas tradicionales de g\u00e9nero literario, hist\u00f3rico, teol\u00f3gico, pero a\u00f1ade actualidad y relevancia en: <\/p>\n<p> -la situaci\u00f3n de desesperanza, miseria y pobreza de nuestras comunidades eclesiales e iglesias hispanoparlantes. <\/p>\n<p>-los asuntos exeg\u00e9ticos y teol\u00f3gicos relacionados con las culturas del Oriente Medio, la geograf\u00eda y las din\u00e1micas geopol\u00edticas. <\/p>\n<p>Con cuidado y respeto revisa algunos postulados teol\u00f3gicos y la reinterpretaci\u00f3n tradicional de algunos pasajes del A.T., para aclarar sus ense\u00f1anzas y replantear sus implicaciones econ\u00f3micas, \u00e9ticas, pastorales, pol\u00edticas y sociales. <\/p>\n<p>La obra se estructura en el orden de las Escrituras Jud\u00edas: I ASUNTOS PRELIMINARES, II LOS LIBROS DE MOIS\u00c9S, III LOS PROFETAS O NEBIIM, IV LOS ESCRITOS O KETUBIM, V LOS LIBROS AP\u00d3CRIFOS O DEUTEROCAN\u00d3NICOS <\/p>\n<p>La obra familiariza al lector con los distintos m\u00e9todos de interpretaci\u00f3n b\u00edblica, y no s\u00f3lo los tradicionales dentro del mundo cristiano, sino tambi\u00e9n los utilizados por los ex\u00e9getas jud\u00edos, que identifican en cada porci\u00f3n b\u00edblica, m\u00faltiples niveles de sentido: PESHAT (b\u00e1sico); DERASH (profundo); REMEZ (aleg\u00f3rico) y SOD (m\u00edstico). <\/p>\n<p>  &#8216;Descargue el primer cap\u00edtulo&#8217;<\/p>\n","protected":false},"excerpt":{"rendered":"<p>SAMUEL PAG\u00c1N<\/p>\n","protected":false},"featured_media":404946,"template":"","meta":{"_acf_changed":false,"om_disable_all_campaigns":false,"rs_blank_template":"","rs_page_bg_color":"","slide_template_v7":"","inline_featured_image":false,"_monsterinsights_skip_tracking":false,"_monsterinsights_sitenote_active":false,"_monsterinsights_sitenote_note":"","_monsterinsights_sitenote_category":0},"product_brand":[],"product_cat":[78,344],"product_tag":[],"class_list":{"0":"post-404945","1":"product","2":"type-product","3":"status-publish","4":"has-post-thumbnail","6":"product_cat-pastoral","7":"product_cat-pastoral-1_espiritualidad","9":"first","10":"instock","11":"taxable","12":"shipping-taxable","13":"purchasable","14":"product-type-simple"},"acf":{"autor":"SAMUEL PAG\u00c1N","codart":"848267730","libros-coleccion":"Estudios B\u00edblicos (eB)","ediciones":"1","encuadernacion":"Carpeta","fecha_de_publicacion":"01\/05\/2012","novedad":"0","paginas":"0","subtitulo":"","orden":"999","portada":"0","idioma":"spa","editorial":[{"ID":147640,"post_author":"3","post_date":"2022-10-14 11:52:07","post_date_gmt":"2022-10-14 09:52:07","post_content":"","post_title":"Clie","post_excerpt":"","post_status":"publish","comment_status":"closed","ping_status":"closed","post_password":"","post_name":"clie","to_ping":"","pinged":"","post_modified":"2022-10-14 11:52:07","post_modified_gmt":"2022-10-14 09:52:07","post_content_filtered":"","post_parent":0,"guid":"http:\/\/dev.claret.cat\/editorial\/clie\/","menu_order":0,"post_type":"editorial","post_mime_type":"","comment_count":"0","filter":"raw"}],"autores-libros":[{"ID":404944,"post_author":"3","post_date":"2023-02-28 01:27:18","post_date_gmt":"2023-02-28 00:27:18","post_content":"","post_title":"SAMUEL PAG\u00c1N","post_excerpt":"","post_status":"publish","comment_status":"closed","ping_status":"closed","post_password":"","post_name":"samuel-pagan-2","to_ping":"","pinged":"","post_modified":"2023-02-28 01:27:18","post_modified_gmt":"2023-02-28 00:27:18","post_content_filtered":"","post_parent":0,"guid":"https:\/\/www.claret.cat\/autor\/samuel-pagan-2\/","menu_order":0,"post_type":"autor","post_mime_type":"","comment_count":"0","filter":"raw"}]},"aioseo_notices":[],"_links":{"self":[{"href":"https:\/\/www.claret.cat\/es\/wp-json\/wp\/v2\/product\/404945","targetHints":{"allow":["GET"]}}],"collection":[{"href":"https:\/\/www.claret.cat\/es\/wp-json\/wp\/v2\/product"}],"about":[{"href":"https:\/\/www.claret.cat\/es\/wp-json\/wp\/v2\/types\/product"}],"wp:featuredmedia":[{"embeddable":true,"href":"https:\/\/www.claret.cat\/es\/wp-json\/wp\/v2\/media\/404946"}],"wp:attachment":[{"href":"https:\/\/www.claret.cat\/es\/wp-json\/wp\/v2\/media?parent=404945"}],"wp:term":[{"taxonomy":"product_brand","embeddable":true,"href":"https:\/\/www.claret.cat\/es\/wp-json\/wp\/v2\/product_brand?post=404945"},{"taxonomy":"product_cat","embeddable":true,"href":"https:\/\/www.claret.cat\/es\/wp-json\/wp\/v2\/product_cat?post=404945"},{"taxonomy":"product_tag","embeddable":true,"href":"https:\/\/www.claret.cat\/es\/wp-json\/wp\/v2\/product_tag?post=404945"}],"curies":[{"name":"wp","href":"https:\/\/api.w.org\/{rel}","templated":true}]}}