{"id":404968,"date":"2023-02-28T01:31:50","date_gmt":"2023-02-28T00:31:50","guid":{"rendered":"https:\/\/www.claret.cat\/llibre\/memories-duna-vaca-9788482868349\/"},"modified":"2023-02-28T01:32:03","modified_gmt":"2023-02-28T00:32:03","slug":"memories-duna-vaca-9788482868349","status":"publish","type":"product","link":"https:\/\/www.claret.cat\/es\/libro\/memories-duna-vaca-9788482868349\/","title":{"rendered":"MEM\u00d2RIES D&#8217;UNA VACA"},"content":{"rendered":"<p>La Vache qui Rit diu que en aquest m\u00f3n no hi ha cosa m\u00e9s est\u00fapida que una vaca est\u00fapida. Mo, que tamb\u00e9 \u00e9s una vaca, vol demostrar a la seva amiga que ella no \u00e9s gens est\u00fapida. Mo t\u00e9 una veu interior i una determinada manera d&#8221;entendre la vida i de veure el m\u00f3n, des dels prats de Balanzategui, al Pa\u00eds Basc, en el primers anys de la postguerra.<\/p>\n","protected":false},"excerpt":{"rendered":"<p>ATXAGA, BERNARDO<\/p>\n","protected":false},"featured_media":404969,"template":"","meta":{"_acf_changed":false,"om_disable_all_campaigns":false,"rs_blank_template":"","rs_page_bg_color":"","slide_template_v7":"","inline_featured_image":false,"_monsterinsights_skip_tracking":false,"_monsterinsights_sitenote_active":false,"_monsterinsights_sitenote_note":"","_monsterinsights_sitenote_category":0},"product_brand":[],"product_cat":[86,352],"product_tag":[],"class_list":{"0":"post-404968","1":"product","2":"type-product","3":"status-publish","4":"has-post-thumbnail","6":"product_cat-infantil","7":"product_cat-infantil-3_infantil-juvenil-spa","9":"first","10":"instock","11":"taxable","12":"shipping-taxable","13":"purchasable","14":"product-type-simple"},"acf":{"autor":"ATXAGA, BERNARDO","codart":"848286834","libros-coleccion":"SUSHI BOOKS","ediciones":"1","encuadernacion":"R\u00fastica","fecha_de_publicacion":"01\/03\/2005","novedad":"0","paginas":"190","subtitulo":"","orden":"999","portada":"0","idioma":"cat","editorial":[{"ID":261923,"post_author":"3","post_date":"2022-10-24 11:17:38","post_date_gmt":"2022-10-24 09:17:38","post_content":"","post_title":"CRU\u00cfLLA","post_excerpt":"","post_status":"publish","comment_status":"closed","ping_status":"closed","post_password":"","post_name":"cruilla","to_ping":"","pinged":"","post_modified":"2022-10-24 11:17:38","post_modified_gmt":"2022-10-24 09:17:38","post_content_filtered":"","post_parent":0,"guid":"http:\/\/dev.claret.cat\/editorial\/cruilla\/","menu_order":0,"post_type":"editorial","post_mime_type":"","comment_count":"0","filter":"raw"}],"autores-libros":[{"ID":151622,"post_author":"3","post_date":"2022-10-14 14:42:19","post_date_gmt":"2022-10-14 12:42:19","post_content":"","post_title":"BERNARDO ATXAGA","post_excerpt":"","post_status":"publish","comment_status":"closed","ping_status":"closed","post_password":"","post_name":"bernardo-atxaga","to_ping":"","pinged":"","post_modified":"2022-10-14 14:42:19","post_modified_gmt":"2022-10-14 12:42:19","post_content_filtered":"","post_parent":0,"guid":"http:\/\/dev.claret.cat\/autor\/bernardo-atxaga\/","menu_order":0,"post_type":"autor","post_mime_type":"","comment_count":"0","filter":"raw"}]},"aioseo_notices":[],"_links":{"self":[{"href":"https:\/\/www.claret.cat\/es\/wp-json\/wp\/v2\/product\/404968","targetHints":{"allow":["GET"]}}],"collection":[{"href":"https:\/\/www.claret.cat\/es\/wp-json\/wp\/v2\/product"}],"about":[{"href":"https:\/\/www.claret.cat\/es\/wp-json\/wp\/v2\/types\/product"}],"wp:featuredmedia":[{"embeddable":true,"href":"https:\/\/www.claret.cat\/es\/wp-json\/wp\/v2\/media\/404969"}],"wp:attachment":[{"href":"https:\/\/www.claret.cat\/es\/wp-json\/wp\/v2\/media?parent=404968"}],"wp:term":[{"taxonomy":"product_brand","embeddable":true,"href":"https:\/\/www.claret.cat\/es\/wp-json\/wp\/v2\/product_brand?post=404968"},{"taxonomy":"product_cat","embeddable":true,"href":"https:\/\/www.claret.cat\/es\/wp-json\/wp\/v2\/product_cat?post=404968"},{"taxonomy":"product_tag","embeddable":true,"href":"https:\/\/www.claret.cat\/es\/wp-json\/wp\/v2\/product_tag?post=404968"}],"curies":[{"name":"wp","href":"https:\/\/api.w.org\/{rel}","templated":true}]}}