{"id":404974,"date":"2023-02-28T01:32:59","date_gmt":"2023-02-28T00:32:59","guid":{"rendered":"https:\/\/www.claret.cat\/llibre\/alegria-que-passa-i-altres-obres-l-9788482875927\/"},"modified":"2023-02-28T01:33:11","modified_gmt":"2023-02-28T00:33:11","slug":"alegria-que-passa-i-altres-obres-l-9788482875927","status":"publish","type":"product","link":"https:\/\/www.claret.cat\/es\/libro\/alegria-que-passa-i-altres-obres-l-9788482875927\/","title":{"rendered":"ALEGRIA QUE PASSA I ALTRES OBRES, L&#8217;"},"content":{"rendered":"<p>Aquest llibre presenta un panorama exhaustiu de l&#8217;escena catalana modernista: marc hist\u00f2ric, nous teatres, companyies, actors, p\u00fablic, procediments literaris i esc\u00e8nics. En aquest volum s&#8217;editen i s&#8217;estudien les obres L&#8217;alegria que passa, El jard\u00ed abandonat i Cigales i formigues.<\/p>\n","protected":false},"excerpt":{"rendered":"<p>RUSI\u00d1OL, SANTIAGO<\/p>\n","protected":false},"featured_media":404975,"template":"","meta":{"_acf_changed":false,"om_disable_all_campaigns":false,"rs_blank_template":"","rs_page_bg_color":"","slide_template_v7":"","inline_featured_image":false,"_monsterinsights_skip_tracking":false,"_monsterinsights_sitenote_active":false,"_monsterinsights_sitenote_note":"","_monsterinsights_sitenote_category":0},"product_brand":[],"product_cat":[354,123],"product_tag":[],"class_list":{"0":"post-404974","1":"product","2":"type-product","3":"status-publish","4":"has-post-thumbnail","6":"product_cat-clasica","7":"product_cat-classica","9":"first","10":"instock","11":"taxable","12":"shipping-taxable","13":"purchasable","14":"product-type-simple"},"acf":{"autor":"RUSI\u00d1OL, SANTIAGO","codart":"848287592","libros-coleccion":"FORA DE COL.LECCI\u00d3","ediciones":"1","encuadernacion":"R\u00fastica","fecha_de_publicacion":"01\/01\/2003","novedad":"0","paginas":"256","subtitulo":"","orden":"999","portada":"0","idioma":"spa","editorial":[{"ID":147608,"post_author":"3","post_date":"2022-10-14 11:51:53","post_date_gmt":"2022-10-14 09:51:53","post_content":"","post_title":"CASTELLNOU, EDICIONS","post_excerpt":"","post_status":"publish","comment_status":"closed","ping_status":"closed","post_password":"","post_name":"castellnou-edicions-2","to_ping":"","pinged":"","post_modified":"2022-10-14 11:51:53","post_modified_gmt":"2022-10-14 09:51:53","post_content_filtered":"","post_parent":0,"guid":"http:\/\/dev.claret.cat\/editorial\/castellnou-edicions-2\/","menu_order":0,"post_type":"editorial","post_mime_type":"","comment_count":"0","filter":"raw"}],"autores-libros":[{"ID":169065,"post_author":"3","post_date":"2022-10-14 22:24:12","post_date_gmt":"2022-10-14 20:24:12","post_content":"","post_title":"SANTIAGO RUSI\u00d1OL","post_excerpt":"","post_status":"publish","comment_status":"closed","ping_status":"closed","post_password":"","post_name":"santiago-rusinol","to_ping":"","pinged":"","post_modified":"2022-10-14 22:24:12","post_modified_gmt":"2022-10-14 20:24:12","post_content_filtered":"","post_parent":0,"guid":"http:\/\/dev.claret.cat\/autor\/santiago-rusinol\/","menu_order":0,"post_type":"autor","post_mime_type":"","comment_count":"0","filter":"raw"}]},"aioseo_notices":[],"_links":{"self":[{"href":"https:\/\/www.claret.cat\/es\/wp-json\/wp\/v2\/product\/404974","targetHints":{"allow":["GET"]}}],"collection":[{"href":"https:\/\/www.claret.cat\/es\/wp-json\/wp\/v2\/product"}],"about":[{"href":"https:\/\/www.claret.cat\/es\/wp-json\/wp\/v2\/types\/product"}],"wp:featuredmedia":[{"embeddable":true,"href":"https:\/\/www.claret.cat\/es\/wp-json\/wp\/v2\/media\/404975"}],"wp:attachment":[{"href":"https:\/\/www.claret.cat\/es\/wp-json\/wp\/v2\/media?parent=404974"}],"wp:term":[{"taxonomy":"product_brand","embeddable":true,"href":"https:\/\/www.claret.cat\/es\/wp-json\/wp\/v2\/product_brand?post=404974"},{"taxonomy":"product_cat","embeddable":true,"href":"https:\/\/www.claret.cat\/es\/wp-json\/wp\/v2\/product_cat?post=404974"},{"taxonomy":"product_tag","embeddable":true,"href":"https:\/\/www.claret.cat\/es\/wp-json\/wp\/v2\/product_tag?post=404974"}],"curies":[{"name":"wp","href":"https:\/\/api.w.org\/{rel}","templated":true}]}}