{"id":405002,"date":"2023-02-28T01:39:01","date_gmt":"2023-02-28T00:39:01","guid":{"rendered":"https:\/\/www.claret.cat\/llibre\/decobrir-el-mon-la-selva-9788482986111\/"},"modified":"2025-02-04T17:36:19","modified_gmt":"2025-02-04T16:36:19","slug":"decobrir-el-mon-la-selva-9788482986111","status":"publish","type":"product","link":"https:\/\/www.claret.cat\/es\/libro\/decobrir-el-mon-la-selva-9788482986111\/","title":{"rendered":"DECOBRIR EL M\u00d3N: LA SELVA"},"content":{"rendered":"<p>Sabies que el dof\u00ed no \u00e9s un peix i que dorm amb un ull obert? Sabies que les mares dof\u00ed xiulen un nom al<br \/> seu nad\u00f3 quan neix, i que el menut respondr\u00e0 a aquest nom durant tota la vida? Descobreix-ho tot sobre aquest simp\u00e0tic<br \/> mam\u00edfer!<\/p>\n","protected":false},"excerpt":{"rendered":"<p>, REDACCION RBA LIBROS, S.A.<\/p>\n","protected":false},"featured_media":0,"template":"","meta":{"_acf_changed":false,"om_disable_all_campaigns":false,"rs_blank_template":"","rs_page_bg_color":"","slide_template_v7":"","inline_featured_image":false,"_monsterinsights_skip_tracking":false,"_monsterinsights_sitenote_active":false,"_monsterinsights_sitenote_note":"","_monsterinsights_sitenote_category":0},"product_brand":[],"product_cat":[90,540],"product_tag":[],"class_list":{"0":"post-405002","1":"product","2":"type-product","3":"status-publish","5":"product_cat-altres","6":"product_cat-otros","8":"first","9":"instock","10":"taxable","11":"shipping-taxable","12":"purchasable","13":"product-type-simple"},"acf":{"autor":", REDACCION RBA LIBROS, S.A.","codart":"848298611","libros-coleccion":"","ediciones":"1","encuadernacion":"Carton\u00e9","fecha_de_publicacion":"01\/05\/2015","novedad":"0","paginas":"25","subtitulo":"","orden":"999","portada":"0","idioma":"spa","editorial":[{"ID":262344,"post_author":"3","post_date":"2022-10-24 11:23:08","post_date_gmt":"2022-10-24 09:23:08","post_content":"","post_title":"NATIONAL GEOGRAPHIC SOCIETY","post_excerpt":"","post_status":"publish","comment_status":"closed","ping_status":"closed","post_password":"","post_name":"national-geographic-society","to_ping":"","pinged":"","post_modified":"2022-10-24 11:23:08","post_modified_gmt":"2022-10-24 09:23:08","post_content_filtered":"","post_parent":0,"guid":"http:\/\/dev.claret.cat\/editorial\/national-geographic-society\/","menu_order":0,"post_type":"editorial","post_mime_type":"","comment_count":"0","filter":"raw"}],"autores-libros":[{"ID":167922,"post_author":"3","post_date":"2022-10-14 18:15:05","post_date_gmt":"2022-10-14 16:15:05","post_content":"","post_title":"REDACCION RBA LIBROS","post_excerpt":"","post_status":"publish","comment_status":"closed","ping_status":"closed","post_password":"","post_name":"redaccion-rba-libros","to_ping":"","pinged":"","post_modified":"2022-10-14 18:15:05","post_modified_gmt":"2022-10-14 16:15:05","post_content_filtered":"","post_parent":0,"guid":"http:\/\/dev.claret.cat\/autor\/redaccion-rba-libros\/","menu_order":0,"post_type":"autor","post_mime_type":"","comment_count":"0","filter":"raw"}]},"aioseo_notices":[],"_links":{"self":[{"href":"https:\/\/www.claret.cat\/es\/wp-json\/wp\/v2\/product\/405002","targetHints":{"allow":["GET"]}}],"collection":[{"href":"https:\/\/www.claret.cat\/es\/wp-json\/wp\/v2\/product"}],"about":[{"href":"https:\/\/www.claret.cat\/es\/wp-json\/wp\/v2\/types\/product"}],"wp:attachment":[{"href":"https:\/\/www.claret.cat\/es\/wp-json\/wp\/v2\/media?parent=405002"}],"wp:term":[{"taxonomy":"product_brand","embeddable":true,"href":"https:\/\/www.claret.cat\/es\/wp-json\/wp\/v2\/product_brand?post=405002"},{"taxonomy":"product_cat","embeddable":true,"href":"https:\/\/www.claret.cat\/es\/wp-json\/wp\/v2\/product_cat?post=405002"},{"taxonomy":"product_tag","embeddable":true,"href":"https:\/\/www.claret.cat\/es\/wp-json\/wp\/v2\/product_tag?post=405002"}],"curies":[{"name":"wp","href":"https:\/\/api.w.org\/{rel}","templated":true}]}}